{"id":40464,"date":"2025-11-20T07:22:35","date_gmt":"2025-11-20T06:22:35","guid":{"rendered":"https:\/\/www.blackpig.ch\/fr\/?post_type=product&#038;p=40464"},"modified":"2026-02-01T10:14:22","modified_gmt":"2026-02-01T09:14:22","slug":"sans-alcool-box-decouverte-24-x-33cl","status":"publish","type":"product","link":"https:\/\/www.blackpig.ch\/it\/shop\/2_click\/sans-alcool-box-decouverte-24-x-33cl\/","title":{"rendered":"SANS-ALCOOL | Box D\u00e9couverte (24 x 33cl)"},"content":{"rendered":"","protected":false},"excerpt":{"rendered":"<p>Carton de 24 bouteilles sur des produits SANS-ALCOOL<\/p>\n<p><strong>Composition :<\/strong><\/p>\n<ul>\n<li>4x LOWRADLER, Panach\u00e9 Sans-Alcool (&lt;0.5%), Collab BLACKPIG<em>\u2764\ufe0f JURASSIC SODA<\/em><\/li>\n<li>4x JURASSIC SODA<em> &#8211; <\/em>Limonade Citron<\/li>\n<li>4x JURASSIC SODA<em>\u00a0&#8211; <\/em>Soda Rhubarb&rsquo;<\/li>\n<li>4x JURASSIC SODA<em>\u00a0&#8211; <\/em>Fraise<\/li>\n<li>4x JURASSIC SODA<em>\u00a0&#8211; <\/em>Ginbembre<\/li>\n<li>4x JURASSIC SODA<em>\u00a0&#8211; <\/em>Mat\u00e9<\/li>\n<\/ul>\n<p><em>\u2764\ufe0f Parce que le sans-alcool \u00e7a fait quand m\u00eame du bien (de temps \u00e0 autre)<\/em><\/p>","protected":false},"featured_media":40473,"template":"","meta":[],"product_brand":[],"product_cat":[341,327],"product_tag":[],"class_list":{"0":"post-40464","1":"product","2":"type-product","3":"status-publish","4":"has-post-thumbnail","6":"product_cat-jurassic-soda","7":"product_cat-2_click","9":"first","10":"instock","11":"taxable","12":"shipping-taxable","13":"purchasable","14":"product-type-simple"},"yoast_head":"<!-- This site is optimized with the Yoast SEO plugin v27.3 - https:\/\/yoast.com\/product\/yoast-seo-wordpress\/ -->\n<title>SANS-ALCOOL | Box D\u00e9couverte (24 x 33cl) - Brasserie BlackPig<\/title>\n<meta name=\"robots\" content=\"index, follow, max-snippet:-1, max-image-preview:large, max-video-preview:-1\" \/>\n<link rel=\"canonical\" href=\"https:\/\/www.blackpig.ch\/it\/shop\/2_click\/sans-alcool-box-decouverte-24-x-33cl\/\" \/>\n<meta property=\"og:locale\" content=\"it_IT\" \/>\n<meta property=\"og:type\" content=\"article\" \/>\n<meta property=\"og:title\" content=\"SANS-ALCOOL | Box D\u00e9couverte (24 x 33cl) - Brasserie BlackPig\" \/>\n<meta property=\"og:description\" content=\"Carton de 24 bouteilles sur des produits SANS-ALCOOL  Composition :   4x LOWRADLER, Panach\u00e9 Sans-Alcool (&lt;0.5%), Collab BLACKPIG\u2764\ufe0f JURASSIC SODA  4x JURASSIC SODA - Limonade Citron  4x JURASSIC SODA\u00a0- Soda Rhubarb&#039;  4x JURASSIC SODA\u00a0- Fraise  4x JURASSIC SODA\u00a0- Ginbembre  4x JURASSIC SODA\u00a0- Mat\u00e9  \u2764\ufe0f Parce que le sans-alcool \u00e7a fait quand m\u00eame du bien (de temps \u00e0 autre)\" \/>\n<meta property=\"og:url\" content=\"https:\/\/www.blackpig.ch\/it\/shop\/2_click\/sans-alcool-box-decouverte-24-x-33cl\/\" \/>\n<meta property=\"og:site_name\" content=\"Brasserie BlackPig\" \/>\n<meta property=\"article:publisher\" content=\"https:\/\/www.facebook.com\/BlackPig.Brew.Co\/\" \/>\n<meta property=\"article:modified_time\" content=\"2026-02-01T09:14:22+00:00\" \/>\n<meta property=\"og:image\" content=\"https:\/\/www.blackpig.ch\/wp-content\/uploads\/2025\/11\/PACK-SANS-ALCOOL.jpg\" \/>\n\t<meta property=\"og:image:width\" content=\"1409\" \/>\n\t<meta property=\"og:image:height\" content=\"2000\" \/>\n\t<meta property=\"og:image:type\" content=\"image\/jpeg\" \/>\n<meta name=\"twitter:card\" content=\"summary_large_image\" \/>\n<meta name=\"twitter:label1\" content=\"Tempo di lettura stimato\" \/>\n\t<meta name=\"twitter:data1\" content=\"1 minuto\" \/>\n<script type=\"application\/ld+json\" class=\"yoast-schema-graph\">{\"@context\":\"https:\\\/\\\/schema.org\",\"@graph\":[{\"@type\":\"WebPage\",\"@id\":\"https:\\\/\\\/www.blackpig.ch\\\/shop\\\/2_click\\\/sans-alcool-box-decouverte-24-x-33cl\\\/\",\"url\":\"https:\\\/\\\/www.blackpig.ch\\\/shop\\\/2_click\\\/sans-alcool-box-decouverte-24-x-33cl\\\/\",\"name\":\"SANS-ALCOOL | Box D\u00e9couverte (24 x 33cl) - Brasserie BlackPig\",\"isPartOf\":{\"@id\":\"http:\\\/\\\/www.blackpig.ch\\\/it\\\/#website\"},\"primaryImageOfPage\":{\"@id\":\"https:\\\/\\\/www.blackpig.ch\\\/shop\\\/2_click\\\/sans-alcool-box-decouverte-24-x-33cl\\\/#primaryimage\"},\"image\":{\"@id\":\"https:\\\/\\\/www.blackpig.ch\\\/shop\\\/2_click\\\/sans-alcool-box-decouverte-24-x-33cl\\\/#primaryimage\"},\"thumbnailUrl\":\"https:\\\/\\\/www.blackpig.ch\\\/wp-content\\\/uploads\\\/2025\\\/11\\\/PACK-SANS-ALCOOL.jpg\",\"datePublished\":\"2025-11-20T06:22:35+00:00\",\"dateModified\":\"2026-02-01T09:14:22+00:00\",\"breadcrumb\":{\"@id\":\"https:\\\/\\\/www.blackpig.ch\\\/shop\\\/2_click\\\/sans-alcool-box-decouverte-24-x-33cl\\\/#breadcrumb\"},\"inLanguage\":\"it-IT\",\"potentialAction\":[{\"@type\":\"ReadAction\",\"target\":[\"https:\\\/\\\/www.blackpig.ch\\\/shop\\\/2_click\\\/sans-alcool-box-decouverte-24-x-33cl\\\/\"]}]},{\"@type\":\"ImageObject\",\"inLanguage\":\"it-IT\",\"@id\":\"https:\\\/\\\/www.blackpig.ch\\\/shop\\\/2_click\\\/sans-alcool-box-decouverte-24-x-33cl\\\/#primaryimage\",\"url\":\"https:\\\/\\\/www.blackpig.ch\\\/wp-content\\\/uploads\\\/2025\\\/11\\\/PACK-SANS-ALCOOL.jpg\",\"contentUrl\":\"https:\\\/\\\/www.blackpig.ch\\\/wp-content\\\/uploads\\\/2025\\\/11\\\/PACK-SANS-ALCOOL.jpg\",\"width\":1409,\"height\":2000},{\"@type\":\"BreadcrumbList\",\"@id\":\"https:\\\/\\\/www.blackpig.ch\\\/shop\\\/2_click\\\/sans-alcool-box-decouverte-24-x-33cl\\\/#breadcrumb\",\"itemListElement\":[{\"@type\":\"ListItem\",\"position\":1,\"name\":\"Accueil\",\"item\":\"https:\\\/\\\/www.blackpig.ch\\\/\"},{\"@type\":\"ListItem\",\"position\":2,\"name\":\"Shop &#8211; produits artisanaux du Jura\",\"item\":\"https:\\\/\\\/www.blackpig.ch\\\/shop\\\/\"},{\"@type\":\"ListItem\",\"position\":3,\"name\":\"SANS-ALCOOL | Box D\u00e9couverte (24 x 33cl)\"}]},{\"@type\":\"WebSite\",\"@id\":\"http:\\\/\\\/www.blackpig.ch\\\/it\\\/#website\",\"url\":\"http:\\\/\\\/www.blackpig.ch\\\/it\\\/\",\"name\":\"Brasserie BlackPig\",\"description\":\"Jura Craft Beers\",\"publisher\":{\"@id\":\"http:\\\/\\\/www.blackpig.ch\\\/it\\\/#organization\"},\"alternateName\":\"BlackPig - Brasserie artisanale\",\"potentialAction\":[{\"@type\":\"SearchAction\",\"target\":{\"@type\":\"EntryPoint\",\"urlTemplate\":\"http:\\\/\\\/www.blackpig.ch\\\/it\\\/?s={search_term_string}\"},\"query-input\":{\"@type\":\"PropertyValueSpecification\",\"valueRequired\":true,\"valueName\":\"search_term_string\"}}],\"inLanguage\":\"it-IT\"},{\"@type\":\"Organization\",\"@id\":\"http:\\\/\\\/www.blackpig.ch\\\/it\\\/#organization\",\"name\":\"Brasserie BlackPig\",\"alternateName\":\"BlackPig - Brasserie artisanale\",\"url\":\"http:\\\/\\\/www.blackpig.ch\\\/it\\\/\",\"logo\":{\"@type\":\"ImageObject\",\"inLanguage\":\"it-IT\",\"@id\":\"http:\\\/\\\/www.blackpig.ch\\\/it\\\/#\\\/schema\\\/logo\\\/image\\\/\",\"url\":\"https:\\\/\\\/i0.wp.com\\\/www.blackpig.ch\\\/wp-content\\\/uploads\\\/2021\\\/06\\\/logo_blackpig.png?fit=300%2C200&ssl=1\",\"contentUrl\":\"https:\\\/\\\/i0.wp.com\\\/www.blackpig.ch\\\/wp-content\\\/uploads\\\/2021\\\/06\\\/logo_blackpig.png?fit=300%2C200&ssl=1\",\"width\":300,\"height\":200,\"caption\":\"Brasserie BlackPig\"},\"image\":{\"@id\":\"http:\\\/\\\/www.blackpig.ch\\\/it\\\/#\\\/schema\\\/logo\\\/image\\\/\"},\"sameAs\":[\"https:\\\/\\\/www.facebook.com\\\/BlackPig.Brew.Co\\\/\",\"https:\\\/\\\/www.instagram.com\\\/blackpig.brew.co\\\/\"]}]}<\/script>\n<!-- \/ Yoast SEO plugin. -->","yoast_head_json":{"title":"SANS-ALCOOL | Box D\u00e9couverte (24 x 33cl) - Brasserie BlackPig","robots":{"index":"index","follow":"follow","max-snippet":"max-snippet:-1","max-image-preview":"max-image-preview:large","max-video-preview":"max-video-preview:-1"},"canonical":"https:\/\/www.blackpig.ch\/it\/shop\/2_click\/sans-alcool-box-decouverte-24-x-33cl\/","og_locale":"it_IT","og_type":"article","og_title":"SANS-ALCOOL | Box D\u00e9couverte (24 x 33cl) - Brasserie BlackPig","og_description":"Carton de 24 bouteilles sur des produits SANS-ALCOOL  Composition :   4x LOWRADLER, Panach\u00e9 Sans-Alcool (&lt;0.5%), Collab BLACKPIG\u2764\ufe0f JURASSIC SODA  4x JURASSIC SODA - Limonade Citron  4x JURASSIC SODA\u00a0- Soda Rhubarb'  4x JURASSIC SODA\u00a0- Fraise  4x JURASSIC SODA\u00a0- Ginbembre  4x JURASSIC SODA\u00a0- Mat\u00e9  \u2764\ufe0f Parce que le sans-alcool \u00e7a fait quand m\u00eame du bien (de temps \u00e0 autre)","og_url":"https:\/\/www.blackpig.ch\/it\/shop\/2_click\/sans-alcool-box-decouverte-24-x-33cl\/","og_site_name":"Brasserie BlackPig","article_publisher":"https:\/\/www.facebook.com\/BlackPig.Brew.Co\/","article_modified_time":"2026-02-01T09:14:22+00:00","og_image":[{"width":1409,"height":2000,"url":"https:\/\/www.blackpig.ch\/wp-content\/uploads\/2025\/11\/PACK-SANS-ALCOOL.jpg","type":"image\/jpeg"}],"twitter_card":"summary_large_image","twitter_misc":{"Tempo di lettura stimato":"1 minuto"},"schema":{"@context":"https:\/\/schema.org","@graph":[{"@type":"WebPage","@id":"https:\/\/www.blackpig.ch\/shop\/2_click\/sans-alcool-box-decouverte-24-x-33cl\/","url":"https:\/\/www.blackpig.ch\/shop\/2_click\/sans-alcool-box-decouverte-24-x-33cl\/","name":"SANS-ALCOOL | Box D\u00e9couverte (24 x 33cl) - Brasserie BlackPig","isPartOf":{"@id":"http:\/\/www.blackpig.ch\/it\/#website"},"primaryImageOfPage":{"@id":"https:\/\/www.blackpig.ch\/shop\/2_click\/sans-alcool-box-decouverte-24-x-33cl\/#primaryimage"},"image":{"@id":"https:\/\/www.blackpig.ch\/shop\/2_click\/sans-alcool-box-decouverte-24-x-33cl\/#primaryimage"},"thumbnailUrl":"https:\/\/www.blackpig.ch\/wp-content\/uploads\/2025\/11\/PACK-SANS-ALCOOL.jpg","datePublished":"2025-11-20T06:22:35+00:00","dateModified":"2026-02-01T09:14:22+00:00","breadcrumb":{"@id":"https:\/\/www.blackpig.ch\/shop\/2_click\/sans-alcool-box-decouverte-24-x-33cl\/#breadcrumb"},"inLanguage":"it-IT","potentialAction":[{"@type":"ReadAction","target":["https:\/\/www.blackpig.ch\/shop\/2_click\/sans-alcool-box-decouverte-24-x-33cl\/"]}]},{"@type":"ImageObject","inLanguage":"it-IT","@id":"https:\/\/www.blackpig.ch\/shop\/2_click\/sans-alcool-box-decouverte-24-x-33cl\/#primaryimage","url":"https:\/\/www.blackpig.ch\/wp-content\/uploads\/2025\/11\/PACK-SANS-ALCOOL.jpg","contentUrl":"https:\/\/www.blackpig.ch\/wp-content\/uploads\/2025\/11\/PACK-SANS-ALCOOL.jpg","width":1409,"height":2000},{"@type":"BreadcrumbList","@id":"https:\/\/www.blackpig.ch\/shop\/2_click\/sans-alcool-box-decouverte-24-x-33cl\/#breadcrumb","itemListElement":[{"@type":"ListItem","position":1,"name":"Accueil","item":"https:\/\/www.blackpig.ch\/"},{"@type":"ListItem","position":2,"name":"Shop &#8211; produits artisanaux du Jura","item":"https:\/\/www.blackpig.ch\/shop\/"},{"@type":"ListItem","position":3,"name":"SANS-ALCOOL | Box D\u00e9couverte (24 x 33cl)"}]},{"@type":"WebSite","@id":"http:\/\/www.blackpig.ch\/it\/#website","url":"http:\/\/www.blackpig.ch\/it\/","name":"Birrificio BlackPig","description":"Birre artigianali Jura","publisher":{"@id":"http:\/\/www.blackpig.ch\/it\/#organization"},"alternateName":"BlackPig - Brasserie artisanale","potentialAction":[{"@type":"SearchAction","target":{"@type":"EntryPoint","urlTemplate":"http:\/\/www.blackpig.ch\/it\/?s={search_term_string}"},"query-input":{"@type":"PropertyValueSpecification","valueRequired":true,"valueName":"search_term_string"}}],"inLanguage":"it-IT"},{"@type":"Organization","@id":"http:\/\/www.blackpig.ch\/it\/#organization","name":"Birrificio BlackPig","alternateName":"BlackPig - Brasserie artisanale","url":"http:\/\/www.blackpig.ch\/it\/","logo":{"@type":"ImageObject","inLanguage":"it-IT","@id":"http:\/\/www.blackpig.ch\/it\/#\/schema\/logo\/image\/","url":"https:\/\/i0.wp.com\/www.blackpig.ch\/wp-content\/uploads\/2021\/06\/logo_blackpig.png?fit=300%2C200&ssl=1","contentUrl":"https:\/\/i0.wp.com\/www.blackpig.ch\/wp-content\/uploads\/2021\/06\/logo_blackpig.png?fit=300%2C200&ssl=1","width":300,"height":200,"caption":"Brasserie BlackPig"},"image":{"@id":"http:\/\/www.blackpig.ch\/it\/#\/schema\/logo\/image\/"},"sameAs":["https:\/\/www.facebook.com\/BlackPig.Brew.Co\/","https:\/\/www.instagram.com\/blackpig.brew.co\/"]}]}},"_links":{"self":[{"href":"https:\/\/www.blackpig.ch\/it\/wp-json\/wp\/v2\/product\/40464","targetHints":{"allow":["GET"]}}],"collection":[{"href":"https:\/\/www.blackpig.ch\/it\/wp-json\/wp\/v2\/product"}],"about":[{"href":"https:\/\/www.blackpig.ch\/it\/wp-json\/wp\/v2\/types\/product"}],"wp:featuredmedia":[{"embeddable":true,"href":"https:\/\/www.blackpig.ch\/it\/wp-json\/wp\/v2\/media\/40473"}],"wp:attachment":[{"href":"https:\/\/www.blackpig.ch\/it\/wp-json\/wp\/v2\/media?parent=40464"}],"wp:term":[{"taxonomy":"product_brand","embeddable":true,"href":"https:\/\/www.blackpig.ch\/it\/wp-json\/wp\/v2\/product_brand?post=40464"},{"taxonomy":"product_cat","embeddable":true,"href":"https:\/\/www.blackpig.ch\/it\/wp-json\/wp\/v2\/product_cat?post=40464"},{"taxonomy":"product_tag","embeddable":true,"href":"https:\/\/www.blackpig.ch\/it\/wp-json\/wp\/v2\/product_tag?post=40464"}],"curies":[{"name":"wp","href":"https:\/\/api.w.org\/{rel}","templated":true}]}}