{"id":40378,"date":"2025-10-24T08:28:34","date_gmt":"2025-10-24T06:28:34","guid":{"rendered":"https:\/\/www.blackpig.ch\/fr\/?post_type=product&#038;p=40378"},"modified":"2026-02-09T09:49:13","modified_gmt":"2026-02-09T08:49:13","slug":"blanche","status":"publish","type":"product","link":"https:\/\/www.blackpig.ch\/it\/shop\/la-jurassienne\/blanche\/","title":{"rendered":"LA JURASSIENNE &#8211; Blanche (33cl)"},"content":{"rendered":"","protected":false},"excerpt":{"rendered":"<p>Une <strong>blanche belge l\u00e9g\u00e8re et fruit\u00e9e<\/strong>, aux notes d\u2019agrumes et de coriandre, parfaite pour tous les palais.<\/p>\n<p><em>\u2764\ufe0f AUTHENTIQUE, LOCALE, \u00c0 PARTAGER<\/em><\/p>\n<p><strong>\ud83d\udca1\u00a0Commandez un carton de 24 bouteilles et recevez un rabais de 5%<em data-start=\"1844\" data-end=\"1958\"><br \/>\n<\/em><\/strong>Chf 3.0 : prix bouteille \u00e0 l\u2019unit\u00e9<br \/>\nChf 2.85 : prix bouteille en box de 24<\/p>","protected":false},"featured_media":40382,"template":"","meta":[],"product_brand":[],"product_cat":[342],"product_tag":[],"class_list":{"0":"post-40378","1":"product","2":"type-product","3":"status-publish","4":"has-post-thumbnail","6":"product_cat-la-jurassienne","8":"first","9":"instock","10":"taxable","11":"shipping-taxable","12":"purchasable","13":"product-type-variable","14":"has-default-attributes"},"yoast_head":"<!-- This site is optimized with the Yoast SEO plugin v27.5 - https:\/\/yoast.com\/product\/yoast-seo-wordpress\/ -->\n<title>LA JURASSIENNE - Blanche (33cl) - Brasserie BlackPig<\/title>\n<meta name=\"robots\" content=\"index, follow, max-snippet:-1, max-image-preview:large, max-video-preview:-1\" \/>\n<link rel=\"canonical\" href=\"https:\/\/www.blackpig.ch\/it\/shop\/la-jurassienne\/blanche\/\" \/>\n<meta property=\"og:locale\" content=\"it_IT\" \/>\n<meta property=\"og:type\" content=\"article\" \/>\n<meta property=\"og:title\" content=\"LA JURASSIENNE - Blanche (33cl) - Brasserie BlackPig\" \/>\n<meta property=\"og:description\" content=\"Une blanche belge l\u00e9g\u00e8re et fruit\u00e9e, aux notes d\u2019agrumes et de coriandre, parfaite pour tous les palais.  \u2764\ufe0f AUTHENTIQUE, LOCALE, \u00c0 PARTAGER  \ud83d\udca1\u00a0Commandez un carton de 24 bouteilles et recevez un rabais de 5% Chf 3.0 : prix bouteille \u00e0 l\u2019unit\u00e9 Chf 2.85 : prix bouteille en box de 24\" \/>\n<meta property=\"og:url\" content=\"https:\/\/www.blackpig.ch\/it\/shop\/la-jurassienne\/blanche\/\" \/>\n<meta property=\"og:site_name\" content=\"Brasserie BlackPig\" \/>\n<meta property=\"article:publisher\" content=\"https:\/\/www.facebook.com\/BlackPig.Brew.Co\/\" \/>\n<meta property=\"article:modified_time\" content=\"2026-02-09T08:49:13+00:00\" \/>\n<meta property=\"og:image\" content=\"https:\/\/www.blackpig.ch\/wp-content\/uploads\/2025\/10\/JCD-BLANCHE.png\" \/>\n\t<meta property=\"og:image:width\" content=\"1409\" \/>\n\t<meta property=\"og:image:height\" content=\"2000\" \/>\n\t<meta property=\"og:image:type\" content=\"image\/png\" \/>\n<meta name=\"twitter:card\" content=\"summary_large_image\" \/>\n<meta name=\"twitter:label1\" content=\"Tempo di lettura stimato\" \/>\n\t<meta name=\"twitter:data1\" content=\"1 minuto\" \/>\n<script type=\"application\/ld+json\" class=\"yoast-schema-graph\">{\"@context\":\"https:\\\/\\\/schema.org\",\"@graph\":[{\"@type\":\"WebPage\",\"@id\":\"https:\\\/\\\/www.blackpig.ch\\\/shop\\\/la-jurassienne\\\/blanche\\\/\",\"url\":\"https:\\\/\\\/www.blackpig.ch\\\/shop\\\/la-jurassienne\\\/blanche\\\/\",\"name\":\"LA JURASSIENNE - Blanche (33cl) - Brasserie BlackPig\",\"isPartOf\":{\"@id\":\"http:\\\/\\\/www.blackpig.ch\\\/it\\\/#website\"},\"primaryImageOfPage\":{\"@id\":\"https:\\\/\\\/www.blackpig.ch\\\/shop\\\/la-jurassienne\\\/blanche\\\/#primaryimage\"},\"image\":{\"@id\":\"https:\\\/\\\/www.blackpig.ch\\\/shop\\\/la-jurassienne\\\/blanche\\\/#primaryimage\"},\"thumbnailUrl\":\"https:\\\/\\\/www.blackpig.ch\\\/wp-content\\\/uploads\\\/2025\\\/10\\\/JCD-BLANCHE.png\",\"datePublished\":\"2025-10-24T06:28:34+00:00\",\"dateModified\":\"2026-02-09T08:49:13+00:00\",\"breadcrumb\":{\"@id\":\"https:\\\/\\\/www.blackpig.ch\\\/shop\\\/la-jurassienne\\\/blanche\\\/#breadcrumb\"},\"inLanguage\":\"it-IT\",\"potentialAction\":[{\"@type\":\"ReadAction\",\"target\":[\"https:\\\/\\\/www.blackpig.ch\\\/shop\\\/la-jurassienne\\\/blanche\\\/\"]}]},{\"@type\":\"ImageObject\",\"inLanguage\":\"it-IT\",\"@id\":\"https:\\\/\\\/www.blackpig.ch\\\/shop\\\/la-jurassienne\\\/blanche\\\/#primaryimage\",\"url\":\"https:\\\/\\\/www.blackpig.ch\\\/wp-content\\\/uploads\\\/2025\\\/10\\\/JCD-BLANCHE.png\",\"contentUrl\":\"https:\\\/\\\/www.blackpig.ch\\\/wp-content\\\/uploads\\\/2025\\\/10\\\/JCD-BLANCHE.png\",\"width\":1409,\"height\":2000},{\"@type\":\"BreadcrumbList\",\"@id\":\"https:\\\/\\\/www.blackpig.ch\\\/shop\\\/la-jurassienne\\\/blanche\\\/#breadcrumb\",\"itemListElement\":[{\"@type\":\"ListItem\",\"position\":1,\"name\":\"Accueil\",\"item\":\"https:\\\/\\\/www.blackpig.ch\\\/\"},{\"@type\":\"ListItem\",\"position\":2,\"name\":\"Shop &#8211; produits artisanaux du Jura\",\"item\":\"https:\\\/\\\/www.blackpig.ch\\\/shop\\\/\"},{\"@type\":\"ListItem\",\"position\":3,\"name\":\"LA JURASSIENNE &#8211; Blanche (33cl)\"}]},{\"@type\":\"WebSite\",\"@id\":\"http:\\\/\\\/www.blackpig.ch\\\/it\\\/#website\",\"url\":\"http:\\\/\\\/www.blackpig.ch\\\/it\\\/\",\"name\":\"Brasserie BlackPig\",\"description\":\"Jura Craft Beers\",\"publisher\":{\"@id\":\"http:\\\/\\\/www.blackpig.ch\\\/it\\\/#organization\"},\"alternateName\":\"BlackPig - Brasserie artisanale\",\"potentialAction\":[{\"@type\":\"SearchAction\",\"target\":{\"@type\":\"EntryPoint\",\"urlTemplate\":\"http:\\\/\\\/www.blackpig.ch\\\/it\\\/?s={search_term_string}\"},\"query-input\":{\"@type\":\"PropertyValueSpecification\",\"valueRequired\":true,\"valueName\":\"search_term_string\"}}],\"inLanguage\":\"it-IT\"},{\"@type\":\"Organization\",\"@id\":\"http:\\\/\\\/www.blackpig.ch\\\/it\\\/#organization\",\"name\":\"Brasserie BlackPig\",\"alternateName\":\"BlackPig - Brasserie artisanale\",\"url\":\"http:\\\/\\\/www.blackpig.ch\\\/it\\\/\",\"logo\":{\"@type\":\"ImageObject\",\"inLanguage\":\"it-IT\",\"@id\":\"http:\\\/\\\/www.blackpig.ch\\\/it\\\/#\\\/schema\\\/logo\\\/image\\\/\",\"url\":\"https:\\\/\\\/i0.wp.com\\\/www.blackpig.ch\\\/wp-content\\\/uploads\\\/2021\\\/06\\\/logo_blackpig.png?fit=300%2C200&ssl=1\",\"contentUrl\":\"https:\\\/\\\/i0.wp.com\\\/www.blackpig.ch\\\/wp-content\\\/uploads\\\/2021\\\/06\\\/logo_blackpig.png?fit=300%2C200&ssl=1\",\"width\":300,\"height\":200,\"caption\":\"Brasserie BlackPig\"},\"image\":{\"@id\":\"http:\\\/\\\/www.blackpig.ch\\\/it\\\/#\\\/schema\\\/logo\\\/image\\\/\"},\"sameAs\":[\"https:\\\/\\\/www.facebook.com\\\/BlackPig.Brew.Co\\\/\",\"https:\\\/\\\/www.instagram.com\\\/blackpig.brew.co\\\/\"]}]}<\/script>\n<!-- \/ Yoast SEO plugin. -->","yoast_head_json":{"title":"LA JURASSIENNE - Blanche (33cl) - Brasserie BlackPig","robots":{"index":"index","follow":"follow","max-snippet":"max-snippet:-1","max-image-preview":"max-image-preview:large","max-video-preview":"max-video-preview:-1"},"canonical":"https:\/\/www.blackpig.ch\/it\/shop\/la-jurassienne\/blanche\/","og_locale":"it_IT","og_type":"article","og_title":"LA JURASSIENNE - Blanche (33cl) - Brasserie BlackPig","og_description":"Une blanche belge l\u00e9g\u00e8re et fruit\u00e9e, aux notes d\u2019agrumes et de coriandre, parfaite pour tous les palais.  \u2764\ufe0f AUTHENTIQUE, LOCALE, \u00c0 PARTAGER  \ud83d\udca1\u00a0Commandez un carton de 24 bouteilles et recevez un rabais de 5% Chf 3.0 : prix bouteille \u00e0 l\u2019unit\u00e9 Chf 2.85 : prix bouteille en box de 24","og_url":"https:\/\/www.blackpig.ch\/it\/shop\/la-jurassienne\/blanche\/","og_site_name":"Brasserie BlackPig","article_publisher":"https:\/\/www.facebook.com\/BlackPig.Brew.Co\/","article_modified_time":"2026-02-09T08:49:13+00:00","og_image":[{"width":1409,"height":2000,"url":"https:\/\/www.blackpig.ch\/wp-content\/uploads\/2025\/10\/JCD-BLANCHE.png","type":"image\/png"}],"twitter_card":"summary_large_image","twitter_misc":{"Tempo di lettura stimato":"1 minuto"},"schema":{"@context":"https:\/\/schema.org","@graph":[{"@type":"WebPage","@id":"https:\/\/www.blackpig.ch\/shop\/la-jurassienne\/blanche\/","url":"https:\/\/www.blackpig.ch\/shop\/la-jurassienne\/blanche\/","name":"LA JURASSIENNE - Blanche (33cl) - Brasserie BlackPig","isPartOf":{"@id":"http:\/\/www.blackpig.ch\/it\/#website"},"primaryImageOfPage":{"@id":"https:\/\/www.blackpig.ch\/shop\/la-jurassienne\/blanche\/#primaryimage"},"image":{"@id":"https:\/\/www.blackpig.ch\/shop\/la-jurassienne\/blanche\/#primaryimage"},"thumbnailUrl":"https:\/\/www.blackpig.ch\/wp-content\/uploads\/2025\/10\/JCD-BLANCHE.png","datePublished":"2025-10-24T06:28:34+00:00","dateModified":"2026-02-09T08:49:13+00:00","breadcrumb":{"@id":"https:\/\/www.blackpig.ch\/shop\/la-jurassienne\/blanche\/#breadcrumb"},"inLanguage":"it-IT","potentialAction":[{"@type":"ReadAction","target":["https:\/\/www.blackpig.ch\/shop\/la-jurassienne\/blanche\/"]}]},{"@type":"ImageObject","inLanguage":"it-IT","@id":"https:\/\/www.blackpig.ch\/shop\/la-jurassienne\/blanche\/#primaryimage","url":"https:\/\/www.blackpig.ch\/wp-content\/uploads\/2025\/10\/JCD-BLANCHE.png","contentUrl":"https:\/\/www.blackpig.ch\/wp-content\/uploads\/2025\/10\/JCD-BLANCHE.png","width":1409,"height":2000},{"@type":"BreadcrumbList","@id":"https:\/\/www.blackpig.ch\/shop\/la-jurassienne\/blanche\/#breadcrumb","itemListElement":[{"@type":"ListItem","position":1,"name":"Accueil","item":"https:\/\/www.blackpig.ch\/"},{"@type":"ListItem","position":2,"name":"Shop &#8211; produits artisanaux du Jura","item":"https:\/\/www.blackpig.ch\/shop\/"},{"@type":"ListItem","position":3,"name":"LA JURASSIENNE &#8211; Blanche (33cl)"}]},{"@type":"WebSite","@id":"http:\/\/www.blackpig.ch\/it\/#website","url":"http:\/\/www.blackpig.ch\/it\/","name":"Birrificio BlackPig","description":"Birre artigianali Jura","publisher":{"@id":"http:\/\/www.blackpig.ch\/it\/#organization"},"alternateName":"BlackPig - Brasserie artisanale","potentialAction":[{"@type":"SearchAction","target":{"@type":"EntryPoint","urlTemplate":"http:\/\/www.blackpig.ch\/it\/?s={search_term_string}"},"query-input":{"@type":"PropertyValueSpecification","valueRequired":true,"valueName":"search_term_string"}}],"inLanguage":"it-IT"},{"@type":"Organization","@id":"http:\/\/www.blackpig.ch\/it\/#organization","name":"Birrificio BlackPig","alternateName":"BlackPig - Brasserie artisanale","url":"http:\/\/www.blackpig.ch\/it\/","logo":{"@type":"ImageObject","inLanguage":"it-IT","@id":"http:\/\/www.blackpig.ch\/it\/#\/schema\/logo\/image\/","url":"https:\/\/i0.wp.com\/www.blackpig.ch\/wp-content\/uploads\/2021\/06\/logo_blackpig.png?fit=300%2C200&ssl=1","contentUrl":"https:\/\/i0.wp.com\/www.blackpig.ch\/wp-content\/uploads\/2021\/06\/logo_blackpig.png?fit=300%2C200&ssl=1","width":300,"height":200,"caption":"Brasserie BlackPig"},"image":{"@id":"http:\/\/www.blackpig.ch\/it\/#\/schema\/logo\/image\/"},"sameAs":["https:\/\/www.facebook.com\/BlackPig.Brew.Co\/","https:\/\/www.instagram.com\/blackpig.brew.co\/"]}]}},"_links":{"self":[{"href":"https:\/\/www.blackpig.ch\/it\/wp-json\/wp\/v2\/product\/40378","targetHints":{"allow":["GET"]}}],"collection":[{"href":"https:\/\/www.blackpig.ch\/it\/wp-json\/wp\/v2\/product"}],"about":[{"href":"https:\/\/www.blackpig.ch\/it\/wp-json\/wp\/v2\/types\/product"}],"wp:featuredmedia":[{"embeddable":true,"href":"https:\/\/www.blackpig.ch\/it\/wp-json\/wp\/v2\/media\/40382"}],"wp:attachment":[{"href":"https:\/\/www.blackpig.ch\/it\/wp-json\/wp\/v2\/media?parent=40378"}],"wp:term":[{"taxonomy":"product_brand","embeddable":true,"href":"https:\/\/www.blackpig.ch\/it\/wp-json\/wp\/v2\/product_brand?post=40378"},{"taxonomy":"product_cat","embeddable":true,"href":"https:\/\/www.blackpig.ch\/it\/wp-json\/wp\/v2\/product_cat?post=40378"},{"taxonomy":"product_tag","embeddable":true,"href":"https:\/\/www.blackpig.ch\/it\/wp-json\/wp\/v2\/product_tag?post=40378"}],"curies":[{"name":"wp","href":"https:\/\/api.w.org\/{rel}","templated":true}]}}