{"id":32127,"date":"2022-08-02T07:55:05","date_gmt":"2022-08-02T05:55:05","guid":{"rendered":"https:\/\/www.blackpig.ch\/fr\/?post_type=product&#038;p=32127"},"modified":"2026-03-10T09:25:18","modified_gmt":"2026-03-10T08:25:18","slug":"piggy-pack-pack-decouverte-6x33cl","status":"publish","type":"product","link":"https:\/\/www.blackpig.ch\/it\/shop\/bons-cadeaux\/piggy-pack-pack-decouverte-6x33cl\/","title":{"rendered":"PIGGY-PACK | Confezione scoperta (6x33cl)"},"content":{"rendered":"<p data-sourcepos=\"7:1-7:468\">Scoprite il mondo della birra BlackPig con il nostro Piggy Pack! Questa confezione regalo da degustazione vi porta in un viaggio gustativo attraverso sei creazioni uniche, ognuna con il proprio carattere. Dalla bionda rinfrescante alla stout complessa, dalla bianca fruttata all'ambrata maltata, ce n'\u00e8 per tutti i palati. Una scelta ideale per scoprire o riscoprire i sapori delle nostre birre artigianali e condividere un momento conviviale con gli amici.<\/p>","protected":false},"excerpt":{"rendered":"<p data-sourcepos=\"5:1-5:78\"><strong>Piggy Pack: il regalo ideale per un tour mondiale dei sapori della birra<\/strong><\/p>\n<p data-sourcepos=\"7:1-7:468\">Scoprite il mondo della birra BlackPig con il nostro Piggy Pack! Questa confezione da degustazione vi porta in un viaggio gustativo attraverso sei creazioni uniche, ognuna con il proprio carattere. Dalla bionda rinfrescante alla stout complessa, dalla bianca fruttata all'ambrata maltata, ce n'\u00e8 per tutti i palati. Una scelta ideale per scoprire o riscoprire i sapori delle nostre birre artigianali e condividere un momento conviviale con gli amici.<\/p>\n<p><strong>Questo set comprende :<\/strong><\/p>\n<ul>\n<li class=\"query-text-line ng-star-inserted\">1x LA JURASSIENNE BLONDE<\/li>\n<li class=\"query-text-line ng-star-inserted\">1x UTO-PIG, La Blanche<\/li>\n<li class=\"query-text-line ng-star-inserted\">1x PIG-ALE, La Fausse Blonde<\/li>\n<li class=\"query-text-line ng-star-inserted\">1x PIG-UP, L&rsquo;IPA<\/li>\n<li class=\"query-text-line ng-star-inserted\">1x O&rsquo;PIGGY, La Stout<\/li>\n<li>1x BIERE SURPRISE<\/li>\n<\/ul>","protected":false},"featured_media":40436,"template":"","meta":[],"product_brand":[],"product_cat":[213],"product_tag":[],"class_list":{"0":"post-32127","1":"product","2":"type-product","3":"status-publish","4":"has-post-thumbnail","6":"product_cat-bons-cadeaux","8":"first","9":"instock","10":"taxable","11":"shipping-taxable","12":"purchasable","13":"product-type-simple"},"yoast_head":"<!-- This site is optimized with the Yoast SEO plugin v27.5 - https:\/\/yoast.com\/product\/yoast-seo-wordpress\/ -->\n<title>PIGGY-PACK | Pack d\u00e9couverte (6x33cl) - Brasserie BlackPig<\/title>\n<meta name=\"description\" content=\"Le Piggy Pack vous propose un \u00e9ventail de 6 bi\u00e8res artisanales BlackPig : blonde, blanche, fausse blonde, ambr\u00e9e et noire. Une exp\u00e9rience gustative unique !\" \/>\n<meta name=\"robots\" content=\"index, follow, max-snippet:-1, max-image-preview:large, max-video-preview:-1\" \/>\n<link rel=\"canonical\" href=\"https:\/\/www.blackpig.ch\/it\/shop\/bons-cadeaux\/piggy-pack-pack-decouverte-6x33cl\/\" \/>\n<meta property=\"og:locale\" content=\"it_IT\" \/>\n<meta property=\"og:type\" content=\"article\" \/>\n<meta property=\"og:title\" content=\"PIGGY-PACK | Pack d\u00e9couverte (6x33cl) - Brasserie BlackPig\" \/>\n<meta property=\"og:description\" content=\"Le Piggy Pack vous propose un \u00e9ventail de 6 bi\u00e8res artisanales BlackPig : blonde, blanche, fausse blonde, ambr\u00e9e et noire. Une exp\u00e9rience gustative unique !\" \/>\n<meta property=\"og:url\" content=\"https:\/\/www.blackpig.ch\/it\/shop\/bons-cadeaux\/piggy-pack-pack-decouverte-6x33cl\/\" \/>\n<meta property=\"og:site_name\" content=\"Brasserie BlackPig\" \/>\n<meta property=\"article:publisher\" content=\"https:\/\/www.facebook.com\/BlackPig.Brew.Co\/\" \/>\n<meta property=\"article:modified_time\" content=\"2026-03-10T08:25:18+00:00\" \/>\n<meta property=\"og:image\" content=\"https:\/\/www.blackpig.ch\/wp-content\/uploads\/2022\/08\/Fiche-Produit_2025_PIGGY-PACK.jpg\" \/>\n\t<meta property=\"og:image:width\" content=\"1409\" \/>\n\t<meta property=\"og:image:height\" content=\"2000\" \/>\n\t<meta property=\"og:image:type\" content=\"image\/jpeg\" \/>\n<meta name=\"twitter:card\" content=\"summary_large_image\" \/>\n<meta name=\"twitter:label1\" content=\"Tempo di lettura stimato\" \/>\n\t<meta name=\"twitter:data1\" content=\"1 minuto\" \/>\n<script type=\"application\/ld+json\" class=\"yoast-schema-graph\">{\"@context\":\"https:\\\/\\\/schema.org\",\"@graph\":[{\"@type\":\"WebPage\",\"@id\":\"https:\\\/\\\/www.blackpig.ch\\\/shop\\\/bons-cadeaux\\\/piggy-pack-pack-decouverte-6x33cl\\\/\",\"url\":\"https:\\\/\\\/www.blackpig.ch\\\/shop\\\/bons-cadeaux\\\/piggy-pack-pack-decouverte-6x33cl\\\/\",\"name\":\"PIGGY-PACK | Pack d\u00e9couverte (6x33cl) - Brasserie BlackPig\",\"isPartOf\":{\"@id\":\"http:\\\/\\\/www.blackpig.ch\\\/it\\\/#website\"},\"primaryImageOfPage\":{\"@id\":\"https:\\\/\\\/www.blackpig.ch\\\/shop\\\/bons-cadeaux\\\/piggy-pack-pack-decouverte-6x33cl\\\/#primaryimage\"},\"image\":{\"@id\":\"https:\\\/\\\/www.blackpig.ch\\\/shop\\\/bons-cadeaux\\\/piggy-pack-pack-decouverte-6x33cl\\\/#primaryimage\"},\"thumbnailUrl\":\"https:\\\/\\\/www.blackpig.ch\\\/wp-content\\\/uploads\\\/2022\\\/08\\\/Fiche-Produit_2025_PIGGY-PACK.jpg\",\"datePublished\":\"2022-08-02T05:55:05+00:00\",\"dateModified\":\"2026-03-10T08:25:18+00:00\",\"description\":\"Le Piggy Pack vous propose un \u00e9ventail de 6 bi\u00e8res artisanales BlackPig : blonde, blanche, fausse blonde, ambr\u00e9e et noire. Une exp\u00e9rience gustative unique !\",\"breadcrumb\":{\"@id\":\"https:\\\/\\\/www.blackpig.ch\\\/shop\\\/bons-cadeaux\\\/piggy-pack-pack-decouverte-6x33cl\\\/#breadcrumb\"},\"inLanguage\":\"it-IT\",\"potentialAction\":[{\"@type\":\"ReadAction\",\"target\":[\"https:\\\/\\\/www.blackpig.ch\\\/shop\\\/bons-cadeaux\\\/piggy-pack-pack-decouverte-6x33cl\\\/\"]}]},{\"@type\":\"ImageObject\",\"inLanguage\":\"it-IT\",\"@id\":\"https:\\\/\\\/www.blackpig.ch\\\/shop\\\/bons-cadeaux\\\/piggy-pack-pack-decouverte-6x33cl\\\/#primaryimage\",\"url\":\"https:\\\/\\\/www.blackpig.ch\\\/wp-content\\\/uploads\\\/2022\\\/08\\\/Fiche-Produit_2025_PIGGY-PACK.jpg\",\"contentUrl\":\"https:\\\/\\\/www.blackpig.ch\\\/wp-content\\\/uploads\\\/2022\\\/08\\\/Fiche-Produit_2025_PIGGY-PACK.jpg\",\"width\":1409,\"height\":2000},{\"@type\":\"BreadcrumbList\",\"@id\":\"https:\\\/\\\/www.blackpig.ch\\\/shop\\\/bons-cadeaux\\\/piggy-pack-pack-decouverte-6x33cl\\\/#breadcrumb\",\"itemListElement\":[{\"@type\":\"ListItem\",\"position\":1,\"name\":\"Accueil\",\"item\":\"https:\\\/\\\/www.blackpig.ch\\\/\"},{\"@type\":\"ListItem\",\"position\":2,\"name\":\"Shop &#8211; produits artisanaux du Jura\",\"item\":\"https:\\\/\\\/www.blackpig.ch\\\/shop\\\/\"},{\"@type\":\"ListItem\",\"position\":3,\"name\":\"PIGGY-PACK | Pack d\u00e9couverte (6x33cl)\"}]},{\"@type\":\"WebSite\",\"@id\":\"http:\\\/\\\/www.blackpig.ch\\\/it\\\/#website\",\"url\":\"http:\\\/\\\/www.blackpig.ch\\\/it\\\/\",\"name\":\"Brasserie BlackPig\",\"description\":\"Jura Craft Beers\",\"publisher\":{\"@id\":\"http:\\\/\\\/www.blackpig.ch\\\/it\\\/#organization\"},\"alternateName\":\"BlackPig - Brasserie artisanale\",\"potentialAction\":[{\"@type\":\"SearchAction\",\"target\":{\"@type\":\"EntryPoint\",\"urlTemplate\":\"http:\\\/\\\/www.blackpig.ch\\\/it\\\/?s={search_term_string}\"},\"query-input\":{\"@type\":\"PropertyValueSpecification\",\"valueRequired\":true,\"valueName\":\"search_term_string\"}}],\"inLanguage\":\"it-IT\"},{\"@type\":\"Organization\",\"@id\":\"http:\\\/\\\/www.blackpig.ch\\\/it\\\/#organization\",\"name\":\"Brasserie BlackPig\",\"alternateName\":\"BlackPig - Brasserie artisanale\",\"url\":\"http:\\\/\\\/www.blackpig.ch\\\/it\\\/\",\"logo\":{\"@type\":\"ImageObject\",\"inLanguage\":\"it-IT\",\"@id\":\"http:\\\/\\\/www.blackpig.ch\\\/it\\\/#\\\/schema\\\/logo\\\/image\\\/\",\"url\":\"https:\\\/\\\/i0.wp.com\\\/www.blackpig.ch\\\/wp-content\\\/uploads\\\/2021\\\/06\\\/logo_blackpig.png?fit=300%2C200&ssl=1\",\"contentUrl\":\"https:\\\/\\\/i0.wp.com\\\/www.blackpig.ch\\\/wp-content\\\/uploads\\\/2021\\\/06\\\/logo_blackpig.png?fit=300%2C200&ssl=1\",\"width\":300,\"height\":200,\"caption\":\"Brasserie BlackPig\"},\"image\":{\"@id\":\"http:\\\/\\\/www.blackpig.ch\\\/it\\\/#\\\/schema\\\/logo\\\/image\\\/\"},\"sameAs\":[\"https:\\\/\\\/www.facebook.com\\\/BlackPig.Brew.Co\\\/\",\"https:\\\/\\\/www.instagram.com\\\/blackpig.brew.co\\\/\"]}]}<\/script>\n<!-- \/ Yoast SEO plugin. -->","yoast_head_json":{"title":"PIGGY-PACK | Pack d\u00e9couverte (6x33cl) - Brasserie BlackPig","description":"Le Piggy Pack vous propose un \u00e9ventail de 6 bi\u00e8res artisanales BlackPig : blonde, blanche, fausse blonde, ambr\u00e9e et noire. Une exp\u00e9rience gustative unique !","robots":{"index":"index","follow":"follow","max-snippet":"max-snippet:-1","max-image-preview":"max-image-preview:large","max-video-preview":"max-video-preview:-1"},"canonical":"https:\/\/www.blackpig.ch\/it\/shop\/bons-cadeaux\/piggy-pack-pack-decouverte-6x33cl\/","og_locale":"it_IT","og_type":"article","og_title":"PIGGY-PACK | Pack d\u00e9couverte (6x33cl) - Brasserie BlackPig","og_description":"Le Piggy Pack vous propose un \u00e9ventail de 6 bi\u00e8res artisanales BlackPig : blonde, blanche, fausse blonde, ambr\u00e9e et noire. Une exp\u00e9rience gustative unique !","og_url":"https:\/\/www.blackpig.ch\/it\/shop\/bons-cadeaux\/piggy-pack-pack-decouverte-6x33cl\/","og_site_name":"Brasserie BlackPig","article_publisher":"https:\/\/www.facebook.com\/BlackPig.Brew.Co\/","article_modified_time":"2026-03-10T08:25:18+00:00","og_image":[{"width":1409,"height":2000,"url":"https:\/\/www.blackpig.ch\/wp-content\/uploads\/2022\/08\/Fiche-Produit_2025_PIGGY-PACK.jpg","type":"image\/jpeg"}],"twitter_card":"summary_large_image","twitter_misc":{"Tempo di lettura stimato":"1 minuto"},"schema":{"@context":"https:\/\/schema.org","@graph":[{"@type":"WebPage","@id":"https:\/\/www.blackpig.ch\/shop\/bons-cadeaux\/piggy-pack-pack-decouverte-6x33cl\/","url":"https:\/\/www.blackpig.ch\/shop\/bons-cadeaux\/piggy-pack-pack-decouverte-6x33cl\/","name":"PIGGY-PACK | Pack d\u00e9couverte (6x33cl) - Brasserie BlackPig","isPartOf":{"@id":"http:\/\/www.blackpig.ch\/it\/#website"},"primaryImageOfPage":{"@id":"https:\/\/www.blackpig.ch\/shop\/bons-cadeaux\/piggy-pack-pack-decouverte-6x33cl\/#primaryimage"},"image":{"@id":"https:\/\/www.blackpig.ch\/shop\/bons-cadeaux\/piggy-pack-pack-decouverte-6x33cl\/#primaryimage"},"thumbnailUrl":"https:\/\/www.blackpig.ch\/wp-content\/uploads\/2022\/08\/Fiche-Produit_2025_PIGGY-PACK.jpg","datePublished":"2022-08-02T05:55:05+00:00","dateModified":"2026-03-10T08:25:18+00:00","description":"Le Piggy Pack vous propose un \u00e9ventail de 6 bi\u00e8res artisanales BlackPig : blonde, blanche, fausse blonde, ambr\u00e9e et noire. Une exp\u00e9rience gustative unique !","breadcrumb":{"@id":"https:\/\/www.blackpig.ch\/shop\/bons-cadeaux\/piggy-pack-pack-decouverte-6x33cl\/#breadcrumb"},"inLanguage":"it-IT","potentialAction":[{"@type":"ReadAction","target":["https:\/\/www.blackpig.ch\/shop\/bons-cadeaux\/piggy-pack-pack-decouverte-6x33cl\/"]}]},{"@type":"ImageObject","inLanguage":"it-IT","@id":"https:\/\/www.blackpig.ch\/shop\/bons-cadeaux\/piggy-pack-pack-decouverte-6x33cl\/#primaryimage","url":"https:\/\/www.blackpig.ch\/wp-content\/uploads\/2022\/08\/Fiche-Produit_2025_PIGGY-PACK.jpg","contentUrl":"https:\/\/www.blackpig.ch\/wp-content\/uploads\/2022\/08\/Fiche-Produit_2025_PIGGY-PACK.jpg","width":1409,"height":2000},{"@type":"BreadcrumbList","@id":"https:\/\/www.blackpig.ch\/shop\/bons-cadeaux\/piggy-pack-pack-decouverte-6x33cl\/#breadcrumb","itemListElement":[{"@type":"ListItem","position":1,"name":"Accueil","item":"https:\/\/www.blackpig.ch\/"},{"@type":"ListItem","position":2,"name":"Shop &#8211; produits artisanaux du Jura","item":"https:\/\/www.blackpig.ch\/shop\/"},{"@type":"ListItem","position":3,"name":"PIGGY-PACK | Pack d\u00e9couverte (6x33cl)"}]},{"@type":"WebSite","@id":"http:\/\/www.blackpig.ch\/it\/#website","url":"http:\/\/www.blackpig.ch\/it\/","name":"Birrificio BlackPig","description":"Birre artigianali Jura","publisher":{"@id":"http:\/\/www.blackpig.ch\/it\/#organization"},"alternateName":"BlackPig - Brasserie artisanale","potentialAction":[{"@type":"SearchAction","target":{"@type":"EntryPoint","urlTemplate":"http:\/\/www.blackpig.ch\/it\/?s={search_term_string}"},"query-input":{"@type":"PropertyValueSpecification","valueRequired":true,"valueName":"search_term_string"}}],"inLanguage":"it-IT"},{"@type":"Organization","@id":"http:\/\/www.blackpig.ch\/it\/#organization","name":"Birrificio BlackPig","alternateName":"BlackPig - Brasserie artisanale","url":"http:\/\/www.blackpig.ch\/it\/","logo":{"@type":"ImageObject","inLanguage":"it-IT","@id":"http:\/\/www.blackpig.ch\/it\/#\/schema\/logo\/image\/","url":"https:\/\/i0.wp.com\/www.blackpig.ch\/wp-content\/uploads\/2021\/06\/logo_blackpig.png?fit=300%2C200&ssl=1","contentUrl":"https:\/\/i0.wp.com\/www.blackpig.ch\/wp-content\/uploads\/2021\/06\/logo_blackpig.png?fit=300%2C200&ssl=1","width":300,"height":200,"caption":"Brasserie BlackPig"},"image":{"@id":"http:\/\/www.blackpig.ch\/it\/#\/schema\/logo\/image\/"},"sameAs":["https:\/\/www.facebook.com\/BlackPig.Brew.Co\/","https:\/\/www.instagram.com\/blackpig.brew.co\/"]}]}},"_links":{"self":[{"href":"https:\/\/www.blackpig.ch\/it\/wp-json\/wp\/v2\/product\/32127","targetHints":{"allow":["GET"]}}],"collection":[{"href":"https:\/\/www.blackpig.ch\/it\/wp-json\/wp\/v2\/product"}],"about":[{"href":"https:\/\/www.blackpig.ch\/it\/wp-json\/wp\/v2\/types\/product"}],"wp:featuredmedia":[{"embeddable":true,"href":"https:\/\/www.blackpig.ch\/it\/wp-json\/wp\/v2\/media\/40436"}],"wp:attachment":[{"href":"https:\/\/www.blackpig.ch\/it\/wp-json\/wp\/v2\/media?parent=32127"}],"wp:term":[{"taxonomy":"product_brand","embeddable":true,"href":"https:\/\/www.blackpig.ch\/it\/wp-json\/wp\/v2\/product_brand?post=32127"},{"taxonomy":"product_cat","embeddable":true,"href":"https:\/\/www.blackpig.ch\/it\/wp-json\/wp\/v2\/product_cat?post=32127"},{"taxonomy":"product_tag","embeddable":true,"href":"https:\/\/www.blackpig.ch\/it\/wp-json\/wp\/v2\/product_tag?post=32127"}],"curies":[{"name":"wp","href":"https:\/\/api.w.org\/{rel}","templated":true}]}}