{"id":29518,"date":"2022-02-02T09:14:42","date_gmt":"2022-02-02T08:14:42","guid":{"rendered":"https:\/\/ww2.blackpig.ch\/fr\/produit\/pig-up-lambree-33cl\/"},"modified":"2026-02-09T09:54:56","modified_gmt":"2026-02-09T08:54:56","slug":"pig-up-lambree-33cl","status":"publish","type":"product","link":"https:\/\/www.blackpig.ch\/fr\/shop\/blackpig_brew_comp\/pig-up-lambree-33cl\/","title":{"rendered":"PIG-UP | L&rsquo;IPA (33cl)"},"content":{"rendered":"<p>L\u00e9g\u00e8rement ambr\u00e9e, jolie mousse blanc cass\u00e9, \u00e7a s\u2019annonce pas mal\u2026 Au nez on part dans la for\u00eat avec des notes de sapin, de sous-bois. Imaginez-vous une promenade en for\u00eat apr\u00e8s la pluie. Po\u00e9sie\u2026 La premi\u00e8re impression en bouche c\u2019est la complexit\u00e9, d\u00e8s les premi\u00e8res gorg\u00e9es. Typ\u00e9e West Coast, on retrouve le c\u00f4t\u00e9 crispy des c\u00e9r\u00e9ales, une amertume somme toute plus mod\u00e9r\u00e9e que pr\u00e9vue pour le style. L\u2019avoine arrondi effectivement cette bi\u00e8re, et du coup en bouche le palais est envelopp\u00e9 de douceur, avant l\u2019arriv\u00e9e de l\u2019amertume, fort sympathique. Une bi\u00e8re qu\u2019on ne se lasse pas de d\u00e9couvrir \u00e0 chaque gorg\u00e9e.<\/p>\n<p><a href=\"https:\/\/swissbeerawards.kinsta.cloud\/fr\/swiss-beer-award-2024-india-pale-ale-2\/\">Notre bi\u00e8re a obtenu la m\u00e9daille d&rsquo;argent au Swiss Beer Awards 2024 dans sa cat\u00e9gorie<\/a><\/p>\n<p>Description par Alain Kaehr, sommelier de la bi\u00e8re \u2764<\/p>\n<p><strong>\ud83d\udca1\u00a0Commandez un carton de 24 bouteilles et recevez un rabais de 5%<em data-start=\"1844\" data-end=\"1958\"><br \/>\n<\/em><\/strong>Chf 3.9 : prix bouteille \u00e0 l&rsquo;unit\u00e9<br \/>\nChf 3.705 : prix bouteille en box de 24<\/p>\n","protected":false},"excerpt":{"rendered":"<p>L\u00e9g\u00e8rement ambr\u00e9e, jolie mousse blanc cass\u00e9, \u00e7a s\u2019annonce pas mal\u2026 Au nez on part dans la for\u00eat avec des notes de sapin, de sous-bois. Imaginez-vous une promenade en for\u00eat apr\u00e8s la pluie. Po\u00e9sie\u2026 La premi\u00e8re impression en bouche c\u2019est la complexit\u00e9, d\u00e8s les premi\u00e8res gorg\u00e9es. Typ\u00e9e West Coast, on retrouve le c\u00f4t\u00e9 crispy des c\u00e9r\u00e9ales, une amertume somme toute plus mod\u00e9r\u00e9e que pr\u00e9vue pour le style. L\u2019avoine arrondi effectivement cette bi\u00e8re, et du coup en bouche le palais est envelopp\u00e9 de douceur, avant l\u2019arriv\u00e9e de l\u2019amertume, fort sympathique. Une bi\u00e8re qu\u2019on ne se lasse pas de d\u00e9couvrir \u00e0 chaque gorg\u00e9e.<\/p>\n<p><a href=\"https:\/\/swissbeerawards.kinsta.cloud\/fr\/swiss-beer-award-2024-india-pale-ale-2\/\">Notre bi\u00e8re a obtenu la m\u00e9daille d&rsquo;argent au Swiss Beer Awards 2024 dans sa cat\u00e9gorie<\/a><\/p>\n<p>Description par Alain Kaehr, sommelier de la bi\u00e8re \u2764<\/p>\n<p><strong>\ud83d\udca1\u00a0Commandez un carton de 24 bouteilles et recevez un rabais de 5%<em data-start=\"1844\" data-end=\"1958\"><br \/>\n<\/em><\/strong>Chf 3.9 : prix bouteille \u00e0 l&rsquo;unit\u00e9<br \/>\nChf 3.705 : prix bouteille en box de 24<\/p>\n","protected":false},"featured_media":38526,"template":"","meta":[],"product_brand":[],"product_cat":[337],"product_tag":[],"class_list":{"0":"post-29518","1":"product","2":"type-product","3":"status-publish","4":"has-post-thumbnail","6":"product_cat-blackpig_brew_comp","8":"first","9":"instock","10":"taxable","11":"shipping-taxable","12":"purchasable","13":"product-type-variable","14":"has-default-attributes"},"yoast_head":"<!-- This site is optimized with the Yoast SEO plugin v27.4 - https:\/\/yoast.com\/product\/yoast-seo-wordpress\/ -->\n<title>PIG-UP | L&#039;IPA (33cl) - Brasserie BlackPig<\/title>\n<meta name=\"description\" content=\"Laissez-vous s\u00e9duire par la Pig Up Ambr\u00e9e, une cr\u00e9ation originale aux ar\u00f4mes malt\u00e9s et houblonn\u00e9s, parfaite pour accompagner vos moments de d\u00e9tente.\" \/>\n<meta name=\"robots\" content=\"index, follow, max-snippet:-1, max-image-preview:large, max-video-preview:-1\" \/>\n<link rel=\"canonical\" href=\"https:\/\/www.blackpig.ch\/fr\/shop\/blackpig_brew_comp\/pig-up-lambree-33cl\/\" \/>\n<meta property=\"og:locale\" content=\"fr_FR\" \/>\n<meta property=\"og:type\" content=\"article\" \/>\n<meta property=\"og:title\" content=\"PIG-UP | L&#039;IPA (33cl) - Brasserie BlackPig\" \/>\n<meta property=\"og:description\" content=\"Laissez-vous s\u00e9duire par la Pig Up Ambr\u00e9e, une cr\u00e9ation originale aux ar\u00f4mes malt\u00e9s et houblonn\u00e9s, parfaite pour accompagner vos moments de d\u00e9tente.\" \/>\n<meta property=\"og:url\" content=\"https:\/\/www.blackpig.ch\/fr\/shop\/blackpig_brew_comp\/pig-up-lambree-33cl\/\" \/>\n<meta property=\"og:site_name\" content=\"Brasserie BlackPig\" \/>\n<meta property=\"article:publisher\" content=\"https:\/\/www.facebook.com\/BlackPig.Brew.Co\/\" \/>\n<meta property=\"article:modified_time\" content=\"2026-02-09T08:54:56+00:00\" \/>\n<meta property=\"og:image\" content=\"https:\/\/www.blackpig.ch\/wp-content\/uploads\/2022\/02\/PIG-UP.jpg\" \/>\n\t<meta property=\"og:image:width\" content=\"1410\" \/>\n\t<meta property=\"og:image:height\" content=\"2000\" \/>\n\t<meta property=\"og:image:type\" content=\"image\/jpeg\" \/>\n<meta name=\"twitter:card\" content=\"summary_large_image\" \/>\n<meta name=\"twitter:label1\" content=\"Dur\u00e9e de lecture estim\u00e9e\" \/>\n\t<meta name=\"twitter:data1\" content=\"1 minute\" \/>\n<script type=\"application\/ld+json\" class=\"yoast-schema-graph\">{\"@context\":\"https:\\\/\\\/schema.org\",\"@graph\":[{\"@type\":\"WebPage\",\"@id\":\"https:\\\/\\\/www.blackpig.ch\\\/shop\\\/blackpig_brew_comp\\\/pig-up-lambree-33cl\\\/\",\"url\":\"https:\\\/\\\/www.blackpig.ch\\\/shop\\\/blackpig_brew_comp\\\/pig-up-lambree-33cl\\\/\",\"name\":\"PIG-UP | L'IPA (33cl) - Brasserie BlackPig\",\"isPartOf\":{\"@id\":\"http:\\\/\\\/www.blackpig.ch\\\/it\\\/#website\"},\"primaryImageOfPage\":{\"@id\":\"https:\\\/\\\/www.blackpig.ch\\\/shop\\\/blackpig_brew_comp\\\/pig-up-lambree-33cl\\\/#primaryimage\"},\"image\":{\"@id\":\"https:\\\/\\\/www.blackpig.ch\\\/shop\\\/blackpig_brew_comp\\\/pig-up-lambree-33cl\\\/#primaryimage\"},\"thumbnailUrl\":\"https:\\\/\\\/www.blackpig.ch\\\/wp-content\\\/uploads\\\/2022\\\/02\\\/PIG-UP.jpg\",\"datePublished\":\"2022-02-02T08:14:42+00:00\",\"dateModified\":\"2026-02-09T08:54:56+00:00\",\"description\":\"Laissez-vous s\u00e9duire par la Pig Up Ambr\u00e9e, une cr\u00e9ation originale aux ar\u00f4mes malt\u00e9s et houblonn\u00e9s, parfaite pour accompagner vos moments de d\u00e9tente.\",\"breadcrumb\":{\"@id\":\"https:\\\/\\\/www.blackpig.ch\\\/shop\\\/blackpig_brew_comp\\\/pig-up-lambree-33cl\\\/#breadcrumb\"},\"inLanguage\":\"fr-FR\",\"potentialAction\":[{\"@type\":\"ReadAction\",\"target\":[\"https:\\\/\\\/www.blackpig.ch\\\/shop\\\/blackpig_brew_comp\\\/pig-up-lambree-33cl\\\/\"]}]},{\"@type\":\"ImageObject\",\"inLanguage\":\"fr-FR\",\"@id\":\"https:\\\/\\\/www.blackpig.ch\\\/shop\\\/blackpig_brew_comp\\\/pig-up-lambree-33cl\\\/#primaryimage\",\"url\":\"https:\\\/\\\/www.blackpig.ch\\\/wp-content\\\/uploads\\\/2022\\\/02\\\/PIG-UP.jpg\",\"contentUrl\":\"https:\\\/\\\/www.blackpig.ch\\\/wp-content\\\/uploads\\\/2022\\\/02\\\/PIG-UP.jpg\",\"width\":1410,\"height\":2000},{\"@type\":\"BreadcrumbList\",\"@id\":\"https:\\\/\\\/www.blackpig.ch\\\/shop\\\/blackpig_brew_comp\\\/pig-up-lambree-33cl\\\/#breadcrumb\",\"itemListElement\":[{\"@type\":\"ListItem\",\"position\":1,\"name\":\"Accueil\",\"item\":\"https:\\\/\\\/www.blackpig.ch\\\/\"},{\"@type\":\"ListItem\",\"position\":2,\"name\":\"Shop &#8211; produits artisanaux du Jura\",\"item\":\"https:\\\/\\\/www.blackpig.ch\\\/shop\\\/\"},{\"@type\":\"ListItem\",\"position\":3,\"name\":\"PIG-UP | L&rsquo;IPA (33cl)\"}]},{\"@type\":\"WebSite\",\"@id\":\"http:\\\/\\\/www.blackpig.ch\\\/it\\\/#website\",\"url\":\"http:\\\/\\\/www.blackpig.ch\\\/it\\\/\",\"name\":\"Brasserie BlackPig\",\"description\":\"Jura Craft Beers\",\"publisher\":{\"@id\":\"http:\\\/\\\/www.blackpig.ch\\\/it\\\/#organization\"},\"alternateName\":\"BlackPig - Brasserie artisanale\",\"potentialAction\":[{\"@type\":\"SearchAction\",\"target\":{\"@type\":\"EntryPoint\",\"urlTemplate\":\"http:\\\/\\\/www.blackpig.ch\\\/it\\\/?s={search_term_string}\"},\"query-input\":{\"@type\":\"PropertyValueSpecification\",\"valueRequired\":true,\"valueName\":\"search_term_string\"}}],\"inLanguage\":\"fr-FR\"},{\"@type\":\"Organization\",\"@id\":\"http:\\\/\\\/www.blackpig.ch\\\/it\\\/#organization\",\"name\":\"Brasserie BlackPig\",\"alternateName\":\"BlackPig - Brasserie artisanale\",\"url\":\"http:\\\/\\\/www.blackpig.ch\\\/it\\\/\",\"logo\":{\"@type\":\"ImageObject\",\"inLanguage\":\"fr-FR\",\"@id\":\"http:\\\/\\\/www.blackpig.ch\\\/it\\\/#\\\/schema\\\/logo\\\/image\\\/\",\"url\":\"https:\\\/\\\/i0.wp.com\\\/www.blackpig.ch\\\/wp-content\\\/uploads\\\/2021\\\/06\\\/logo_blackpig.png?fit=300%2C200&ssl=1\",\"contentUrl\":\"https:\\\/\\\/i0.wp.com\\\/www.blackpig.ch\\\/wp-content\\\/uploads\\\/2021\\\/06\\\/logo_blackpig.png?fit=300%2C200&ssl=1\",\"width\":300,\"height\":200,\"caption\":\"Brasserie BlackPig\"},\"image\":{\"@id\":\"http:\\\/\\\/www.blackpig.ch\\\/it\\\/#\\\/schema\\\/logo\\\/image\\\/\"},\"sameAs\":[\"https:\\\/\\\/www.facebook.com\\\/BlackPig.Brew.Co\\\/\",\"https:\\\/\\\/www.instagram.com\\\/blackpig.brew.co\\\/\"]}]}<\/script>\n<!-- \/ Yoast SEO plugin. -->","yoast_head_json":{"title":"PIG-UP | L'IPA (33cl) - Brasserie BlackPig","description":"Laissez-vous s\u00e9duire par la Pig Up Ambr\u00e9e, une cr\u00e9ation originale aux ar\u00f4mes malt\u00e9s et houblonn\u00e9s, parfaite pour accompagner vos moments de d\u00e9tente.","robots":{"index":"index","follow":"follow","max-snippet":"max-snippet:-1","max-image-preview":"max-image-preview:large","max-video-preview":"max-video-preview:-1"},"canonical":"https:\/\/www.blackpig.ch\/fr\/shop\/blackpig_brew_comp\/pig-up-lambree-33cl\/","og_locale":"fr_FR","og_type":"article","og_title":"PIG-UP | L'IPA (33cl) - Brasserie BlackPig","og_description":"Laissez-vous s\u00e9duire par la Pig Up Ambr\u00e9e, une cr\u00e9ation originale aux ar\u00f4mes malt\u00e9s et houblonn\u00e9s, parfaite pour accompagner vos moments de d\u00e9tente.","og_url":"https:\/\/www.blackpig.ch\/fr\/shop\/blackpig_brew_comp\/pig-up-lambree-33cl\/","og_site_name":"Brasserie BlackPig","article_publisher":"https:\/\/www.facebook.com\/BlackPig.Brew.Co\/","article_modified_time":"2026-02-09T08:54:56+00:00","og_image":[{"width":1410,"height":2000,"url":"https:\/\/www.blackpig.ch\/wp-content\/uploads\/2022\/02\/PIG-UP.jpg","type":"image\/jpeg"}],"twitter_card":"summary_large_image","twitter_misc":{"Dur\u00e9e de lecture estim\u00e9e":"1 minute"},"schema":{"@context":"https:\/\/schema.org","@graph":[{"@type":"WebPage","@id":"https:\/\/www.blackpig.ch\/shop\/blackpig_brew_comp\/pig-up-lambree-33cl\/","url":"https:\/\/www.blackpig.ch\/shop\/blackpig_brew_comp\/pig-up-lambree-33cl\/","name":"PIG-UP | L'IPA (33cl) - Brasserie BlackPig","isPartOf":{"@id":"http:\/\/www.blackpig.ch\/it\/#website"},"primaryImageOfPage":{"@id":"https:\/\/www.blackpig.ch\/shop\/blackpig_brew_comp\/pig-up-lambree-33cl\/#primaryimage"},"image":{"@id":"https:\/\/www.blackpig.ch\/shop\/blackpig_brew_comp\/pig-up-lambree-33cl\/#primaryimage"},"thumbnailUrl":"https:\/\/www.blackpig.ch\/wp-content\/uploads\/2022\/02\/PIG-UP.jpg","datePublished":"2022-02-02T08:14:42+00:00","dateModified":"2026-02-09T08:54:56+00:00","description":"Laissez-vous s\u00e9duire par la Pig Up Ambr\u00e9e, une cr\u00e9ation originale aux ar\u00f4mes malt\u00e9s et houblonn\u00e9s, parfaite pour accompagner vos moments de d\u00e9tente.","breadcrumb":{"@id":"https:\/\/www.blackpig.ch\/shop\/blackpig_brew_comp\/pig-up-lambree-33cl\/#breadcrumb"},"inLanguage":"fr-FR","potentialAction":[{"@type":"ReadAction","target":["https:\/\/www.blackpig.ch\/shop\/blackpig_brew_comp\/pig-up-lambree-33cl\/"]}]},{"@type":"ImageObject","inLanguage":"fr-FR","@id":"https:\/\/www.blackpig.ch\/shop\/blackpig_brew_comp\/pig-up-lambree-33cl\/#primaryimage","url":"https:\/\/www.blackpig.ch\/wp-content\/uploads\/2022\/02\/PIG-UP.jpg","contentUrl":"https:\/\/www.blackpig.ch\/wp-content\/uploads\/2022\/02\/PIG-UP.jpg","width":1410,"height":2000},{"@type":"BreadcrumbList","@id":"https:\/\/www.blackpig.ch\/shop\/blackpig_brew_comp\/pig-up-lambree-33cl\/#breadcrumb","itemListElement":[{"@type":"ListItem","position":1,"name":"Accueil","item":"https:\/\/www.blackpig.ch\/"},{"@type":"ListItem","position":2,"name":"Shop &#8211; produits artisanaux du Jura","item":"https:\/\/www.blackpig.ch\/shop\/"},{"@type":"ListItem","position":3,"name":"PIG-UP | L&rsquo;IPA (33cl)"}]},{"@type":"WebSite","@id":"http:\/\/www.blackpig.ch\/it\/#website","url":"http:\/\/www.blackpig.ch\/it\/","name":"Brasserie BlackPig","description":"Jura Craft Beers","publisher":{"@id":"http:\/\/www.blackpig.ch\/it\/#organization"},"alternateName":"BlackPig - Brasserie artisanale","potentialAction":[{"@type":"SearchAction","target":{"@type":"EntryPoint","urlTemplate":"http:\/\/www.blackpig.ch\/it\/?s={search_term_string}"},"query-input":{"@type":"PropertyValueSpecification","valueRequired":true,"valueName":"search_term_string"}}],"inLanguage":"fr-FR"},{"@type":"Organization","@id":"http:\/\/www.blackpig.ch\/it\/#organization","name":"Brasserie BlackPig","alternateName":"BlackPig - Brasserie artisanale","url":"http:\/\/www.blackpig.ch\/it\/","logo":{"@type":"ImageObject","inLanguage":"fr-FR","@id":"http:\/\/www.blackpig.ch\/it\/#\/schema\/logo\/image\/","url":"https:\/\/i0.wp.com\/www.blackpig.ch\/wp-content\/uploads\/2021\/06\/logo_blackpig.png?fit=300%2C200&ssl=1","contentUrl":"https:\/\/i0.wp.com\/www.blackpig.ch\/wp-content\/uploads\/2021\/06\/logo_blackpig.png?fit=300%2C200&ssl=1","width":300,"height":200,"caption":"Brasserie BlackPig"},"image":{"@id":"http:\/\/www.blackpig.ch\/it\/#\/schema\/logo\/image\/"},"sameAs":["https:\/\/www.facebook.com\/BlackPig.Brew.Co\/","https:\/\/www.instagram.com\/blackpig.brew.co\/"]}]}},"_links":{"self":[{"href":"https:\/\/www.blackpig.ch\/fr\/wp-json\/wp\/v2\/product\/29518","targetHints":{"allow":["GET"]}}],"collection":[{"href":"https:\/\/www.blackpig.ch\/fr\/wp-json\/wp\/v2\/product"}],"about":[{"href":"https:\/\/www.blackpig.ch\/fr\/wp-json\/wp\/v2\/types\/product"}],"wp:featuredmedia":[{"embeddable":true,"href":"https:\/\/www.blackpig.ch\/fr\/wp-json\/wp\/v2\/media\/38526"}],"wp:attachment":[{"href":"https:\/\/www.blackpig.ch\/fr\/wp-json\/wp\/v2\/media?parent=29518"}],"wp:term":[{"taxonomy":"product_brand","embeddable":true,"href":"https:\/\/www.blackpig.ch\/fr\/wp-json\/wp\/v2\/product_brand?post=29518"},{"taxonomy":"product_cat","embeddable":true,"href":"https:\/\/www.blackpig.ch\/fr\/wp-json\/wp\/v2\/product_cat?post=29518"},{"taxonomy":"product_tag","embeddable":true,"href":"https:\/\/www.blackpig.ch\/fr\/wp-json\/wp\/v2\/product_tag?post=29518"}],"curies":[{"name":"wp","href":"https:\/\/api.w.org\/{rel}","templated":true}]}}