{"id":38244,"date":"2024-03-01T11:02:58","date_gmt":"2024-03-01T10:02:58","guid":{"rendered":"https:\/\/www.blackpig.ch\/fr\/shop\/non%20class\u00e9\/dont-be-weird-imperial-pastry-sour-44cl\/"},"modified":"2026-04-11T21:35:50","modified_gmt":"2026-04-11T19:35:50","slug":"dont-be-weird-imperial-pastry-sour-44cl","status":"publish","type":"product","link":"https:\/\/www.blackpig.ch\/de\/shop\/tous-sales-promo\/dont-be-weird-imperial-pastry-sour-44cl\/","title":{"rendered":"DON'T BE WEIRD | Imperial Pastry Sour (44cl)"},"content":{"rendered":"<p>Das Bier \"Dont Be Weird\" ist ein Schweizer Handwerksbier vom Typ \"Imperial Pastry Sour\". Es wird von der Brauerei BlackPig in Zusammenarbeit mit Whitefrontier in Martigny gebraut. Das Bier hat eine dunkle Farbe und einen s\u00fc\u00dfen und s\u00e4uerlichen Geschmack. Es ist perfekt f\u00fcr Liebhaber von starken und komplexen Bieren.<\/p>","protected":false},"excerpt":{"rendered":"<p>Das Bier \"Dont Be Weird\" ist ein Schweizer Handwerksbier vom Typ \"Imperial Pastry Sour\". Es wird von der Brauerei BlackPig in Zusammenarbeit mit Whitefrontier in Martigny gebraut. Das Bier hat eine dunkle Farbe und einen s\u00fc\u00dfen und s\u00e4uerlichen Geschmack. Es ist perfekt f\u00fcr Liebhaber von starken und komplexen Bieren.<\/p>","protected":false},"featured_media":38247,"template":"","meta":[],"product_brand":[],"product_cat":[337,250],"product_tag":[],"class_list":{"0":"post-38244","1":"product","2":"type-product","3":"status-publish","4":"has-post-thumbnail","6":"product_cat-blackpig_brew_comp","7":"product_cat-tous-sales-promo","9":"first","10":"instock","11":"taxable","12":"shipping-taxable","13":"purchasable","14":"product-type-simple"},"yoast_head":"<!-- This site is optimized with the Yoast SEO plugin v27.4 - https:\/\/yoast.com\/product\/yoast-seo-wordpress\/ -->\n<title>DON&#039;T BE WEIRD | Imperial Pastry Sour (44cl) - Brasserie BlackPig<\/title>\n<meta name=\"description\" content=\"La &quot;Dont Be Weird&quot;, une &quot;Imperial Pastry Sour&quot; brass\u00e9e avec la brasserie Whitefrontier est parfaite pour les amateurs de bi\u00e8res fortes et complexes.\" \/>\n<meta name=\"robots\" content=\"index, follow, max-snippet:-1, max-image-preview:large, max-video-preview:-1\" \/>\n<link rel=\"canonical\" href=\"https:\/\/www.blackpig.ch\/de\/shop\/tous-sales-promo\/dont-be-weird-imperial-pastry-sour-44cl\/\" \/>\n<meta property=\"og:locale\" content=\"de_DE\" \/>\n<meta property=\"og:type\" content=\"article\" \/>\n<meta property=\"og:title\" content=\"DON&#039;T BE WEIRD | Imperial Pastry Sour (44cl) - Brasserie BlackPig\" \/>\n<meta property=\"og:description\" content=\"La &quot;Dont Be Weird&quot;, une &quot;Imperial Pastry Sour&quot; brass\u00e9e avec la brasserie Whitefrontier est parfaite pour les amateurs de bi\u00e8res fortes et complexes.\" \/>\n<meta property=\"og:url\" content=\"https:\/\/www.blackpig.ch\/de\/shop\/tous-sales-promo\/dont-be-weird-imperial-pastry-sour-44cl\/\" \/>\n<meta property=\"og:site_name\" content=\"Brasserie BlackPig\" \/>\n<meta property=\"article:publisher\" content=\"https:\/\/www.facebook.com\/BlackPig.Brew.Co\/\" \/>\n<meta property=\"article:modified_time\" content=\"2026-04-11T19:35:50+00:00\" \/>\n<meta property=\"og:image\" content=\"https:\/\/www.blackpig.ch\/wp-content\/uploads\/2024\/03\/BP-Canette-440-mockup-Be-Weird-scaled.jpg\" \/>\n\t<meta property=\"og:image:width\" content=\"1707\" \/>\n\t<meta property=\"og:image:height\" content=\"2560\" \/>\n\t<meta property=\"og:image:type\" content=\"image\/jpeg\" \/>\n<meta name=\"twitter:card\" content=\"summary_large_image\" \/>\n<meta name=\"twitter:label1\" content=\"Gesch\u00e4tzte Lesezeit\" \/>\n\t<meta name=\"twitter:data1\" content=\"1\u00a0Minute\" \/>\n<script type=\"application\/ld+json\" class=\"yoast-schema-graph\">{\"@context\":\"https:\\\/\\\/schema.org\",\"@graph\":[{\"@type\":\"WebPage\",\"@id\":\"https:\\\/\\\/www.blackpig.ch\\\/shop\\\/tous-sales-promo\\\/dont-be-weird-imperial-pastry-sour-44cl\\\/\",\"url\":\"https:\\\/\\\/www.blackpig.ch\\\/shop\\\/tous-sales-promo\\\/dont-be-weird-imperial-pastry-sour-44cl\\\/\",\"name\":\"DON'T BE WEIRD | Imperial Pastry Sour (44cl) - Brasserie BlackPig\",\"isPartOf\":{\"@id\":\"http:\\\/\\\/www.blackpig.ch\\\/it\\\/#website\"},\"primaryImageOfPage\":{\"@id\":\"https:\\\/\\\/www.blackpig.ch\\\/shop\\\/tous-sales-promo\\\/dont-be-weird-imperial-pastry-sour-44cl\\\/#primaryimage\"},\"image\":{\"@id\":\"https:\\\/\\\/www.blackpig.ch\\\/shop\\\/tous-sales-promo\\\/dont-be-weird-imperial-pastry-sour-44cl\\\/#primaryimage\"},\"thumbnailUrl\":\"https:\\\/\\\/www.blackpig.ch\\\/wp-content\\\/uploads\\\/2024\\\/03\\\/BP-Canette-440-mockup-Be-Weird-scaled.jpg\",\"datePublished\":\"2024-03-01T10:02:58+00:00\",\"dateModified\":\"2026-04-11T19:35:50+00:00\",\"description\":\"La \\\"Dont Be Weird\\\", une \\\"Imperial Pastry Sour\\\" brass\u00e9e avec la brasserie Whitefrontier est parfaite pour les amateurs de bi\u00e8res fortes et complexes.\",\"breadcrumb\":{\"@id\":\"https:\\\/\\\/www.blackpig.ch\\\/shop\\\/tous-sales-promo\\\/dont-be-weird-imperial-pastry-sour-44cl\\\/#breadcrumb\"},\"inLanguage\":\"de-CH\",\"potentialAction\":[{\"@type\":\"ReadAction\",\"target\":[\"https:\\\/\\\/www.blackpig.ch\\\/shop\\\/tous-sales-promo\\\/dont-be-weird-imperial-pastry-sour-44cl\\\/\"]}]},{\"@type\":\"ImageObject\",\"inLanguage\":\"de-CH\",\"@id\":\"https:\\\/\\\/www.blackpig.ch\\\/shop\\\/tous-sales-promo\\\/dont-be-weird-imperial-pastry-sour-44cl\\\/#primaryimage\",\"url\":\"https:\\\/\\\/www.blackpig.ch\\\/wp-content\\\/uploads\\\/2024\\\/03\\\/BP-Canette-440-mockup-Be-Weird-scaled.jpg\",\"contentUrl\":\"https:\\\/\\\/www.blackpig.ch\\\/wp-content\\\/uploads\\\/2024\\\/03\\\/BP-Canette-440-mockup-Be-Weird-scaled.jpg\",\"width\":1707,\"height\":2560},{\"@type\":\"BreadcrumbList\",\"@id\":\"https:\\\/\\\/www.blackpig.ch\\\/shop\\\/tous-sales-promo\\\/dont-be-weird-imperial-pastry-sour-44cl\\\/#breadcrumb\",\"itemListElement\":[{\"@type\":\"ListItem\",\"position\":1,\"name\":\"Accueil\",\"item\":\"https:\\\/\\\/www.blackpig.ch\\\/\"},{\"@type\":\"ListItem\",\"position\":2,\"name\":\"Shop &#8211; produits artisanaux du Jura\",\"item\":\"https:\\\/\\\/www.blackpig.ch\\\/shop\\\/\"},{\"@type\":\"ListItem\",\"position\":3,\"name\":\"DON&rsquo;T BE WEIRD | Imperial Pastry Sour (44cl)\"}]},{\"@type\":\"WebSite\",\"@id\":\"http:\\\/\\\/www.blackpig.ch\\\/it\\\/#website\",\"url\":\"http:\\\/\\\/www.blackpig.ch\\\/it\\\/\",\"name\":\"Brasserie BlackPig\",\"description\":\"Jura Craft Beers\",\"publisher\":{\"@id\":\"http:\\\/\\\/www.blackpig.ch\\\/it\\\/#organization\"},\"alternateName\":\"BlackPig - Brasserie artisanale\",\"potentialAction\":[{\"@type\":\"SearchAction\",\"target\":{\"@type\":\"EntryPoint\",\"urlTemplate\":\"http:\\\/\\\/www.blackpig.ch\\\/it\\\/?s={search_term_string}\"},\"query-input\":{\"@type\":\"PropertyValueSpecification\",\"valueRequired\":true,\"valueName\":\"search_term_string\"}}],\"inLanguage\":\"de-CH\"},{\"@type\":\"Organization\",\"@id\":\"http:\\\/\\\/www.blackpig.ch\\\/it\\\/#organization\",\"name\":\"Brasserie BlackPig\",\"alternateName\":\"BlackPig - Brasserie artisanale\",\"url\":\"http:\\\/\\\/www.blackpig.ch\\\/it\\\/\",\"logo\":{\"@type\":\"ImageObject\",\"inLanguage\":\"de-CH\",\"@id\":\"http:\\\/\\\/www.blackpig.ch\\\/it\\\/#\\\/schema\\\/logo\\\/image\\\/\",\"url\":\"https:\\\/\\\/i0.wp.com\\\/www.blackpig.ch\\\/wp-content\\\/uploads\\\/2021\\\/06\\\/logo_blackpig.png?fit=300%2C200&ssl=1\",\"contentUrl\":\"https:\\\/\\\/i0.wp.com\\\/www.blackpig.ch\\\/wp-content\\\/uploads\\\/2021\\\/06\\\/logo_blackpig.png?fit=300%2C200&ssl=1\",\"width\":300,\"height\":200,\"caption\":\"Brasserie BlackPig\"},\"image\":{\"@id\":\"http:\\\/\\\/www.blackpig.ch\\\/it\\\/#\\\/schema\\\/logo\\\/image\\\/\"},\"sameAs\":[\"https:\\\/\\\/www.facebook.com\\\/BlackPig.Brew.Co\\\/\",\"https:\\\/\\\/www.instagram.com\\\/blackpig.brew.co\\\/\"]}]}<\/script>\n<!-- \/ Yoast SEO plugin. -->","yoast_head_json":{"title":"DON'T BE WEIRD | Imperial Pastry Sour (44cl) - Brasserie BlackPig","description":"La \"Dont Be Weird\", une \"Imperial Pastry Sour\" brass\u00e9e avec la brasserie Whitefrontier est parfaite pour les amateurs de bi\u00e8res fortes et complexes.","robots":{"index":"index","follow":"follow","max-snippet":"max-snippet:-1","max-image-preview":"max-image-preview:large","max-video-preview":"max-video-preview:-1"},"canonical":"https:\/\/www.blackpig.ch\/de\/shop\/tous-sales-promo\/dont-be-weird-imperial-pastry-sour-44cl\/","og_locale":"de_DE","og_type":"article","og_title":"DON'T BE WEIRD | Imperial Pastry Sour (44cl) - Brasserie BlackPig","og_description":"La \"Dont Be Weird\", une \"Imperial Pastry Sour\" brass\u00e9e avec la brasserie Whitefrontier est parfaite pour les amateurs de bi\u00e8res fortes et complexes.","og_url":"https:\/\/www.blackpig.ch\/de\/shop\/tous-sales-promo\/dont-be-weird-imperial-pastry-sour-44cl\/","og_site_name":"Brasserie BlackPig","article_publisher":"https:\/\/www.facebook.com\/BlackPig.Brew.Co\/","article_modified_time":"2026-04-11T19:35:50+00:00","og_image":[{"width":1707,"height":2560,"url":"https:\/\/www.blackpig.ch\/wp-content\/uploads\/2024\/03\/BP-Canette-440-mockup-Be-Weird-scaled.jpg","type":"image\/jpeg"}],"twitter_card":"summary_large_image","twitter_misc":{"Gesch\u00e4tzte Lesezeit":"1\u00a0Minute"},"schema":{"@context":"https:\/\/schema.org","@graph":[{"@type":"WebPage","@id":"https:\/\/www.blackpig.ch\/shop\/tous-sales-promo\/dont-be-weird-imperial-pastry-sour-44cl\/","url":"https:\/\/www.blackpig.ch\/shop\/tous-sales-promo\/dont-be-weird-imperial-pastry-sour-44cl\/","name":"DON'T BE WEIRD | Imperial Pastry Sour (44cl) - Brasserie BlackPig","isPartOf":{"@id":"http:\/\/www.blackpig.ch\/it\/#website"},"primaryImageOfPage":{"@id":"https:\/\/www.blackpig.ch\/shop\/tous-sales-promo\/dont-be-weird-imperial-pastry-sour-44cl\/#primaryimage"},"image":{"@id":"https:\/\/www.blackpig.ch\/shop\/tous-sales-promo\/dont-be-weird-imperial-pastry-sour-44cl\/#primaryimage"},"thumbnailUrl":"https:\/\/www.blackpig.ch\/wp-content\/uploads\/2024\/03\/BP-Canette-440-mockup-Be-Weird-scaled.jpg","datePublished":"2024-03-01T10:02:58+00:00","dateModified":"2026-04-11T19:35:50+00:00","description":"La \"Dont Be Weird\", une \"Imperial Pastry Sour\" brass\u00e9e avec la brasserie Whitefrontier est parfaite pour les amateurs de bi\u00e8res fortes et complexes.","breadcrumb":{"@id":"https:\/\/www.blackpig.ch\/shop\/tous-sales-promo\/dont-be-weird-imperial-pastry-sour-44cl\/#breadcrumb"},"inLanguage":"de-CH","potentialAction":[{"@type":"ReadAction","target":["https:\/\/www.blackpig.ch\/shop\/tous-sales-promo\/dont-be-weird-imperial-pastry-sour-44cl\/"]}]},{"@type":"ImageObject","inLanguage":"de-CH","@id":"https:\/\/www.blackpig.ch\/shop\/tous-sales-promo\/dont-be-weird-imperial-pastry-sour-44cl\/#primaryimage","url":"https:\/\/www.blackpig.ch\/wp-content\/uploads\/2024\/03\/BP-Canette-440-mockup-Be-Weird-scaled.jpg","contentUrl":"https:\/\/www.blackpig.ch\/wp-content\/uploads\/2024\/03\/BP-Canette-440-mockup-Be-Weird-scaled.jpg","width":1707,"height":2560},{"@type":"BreadcrumbList","@id":"https:\/\/www.blackpig.ch\/shop\/tous-sales-promo\/dont-be-weird-imperial-pastry-sour-44cl\/#breadcrumb","itemListElement":[{"@type":"ListItem","position":1,"name":"Accueil","item":"https:\/\/www.blackpig.ch\/"},{"@type":"ListItem","position":2,"name":"Shop &#8211; produits artisanaux du Jura","item":"https:\/\/www.blackpig.ch\/shop\/"},{"@type":"ListItem","position":3,"name":"DON&rsquo;T BE WEIRD | Imperial Pastry Sour (44cl)"}]},{"@type":"WebSite","@id":"http:\/\/www.blackpig.ch\/it\/#website","url":"http:\/\/www.blackpig.ch\/it\/","name":"Brauerei BlackPig","description":"Jura Craft Beers","publisher":{"@id":"http:\/\/www.blackpig.ch\/it\/#organization"},"alternateName":"BlackPig - Brasserie artisanale","potentialAction":[{"@type":"SearchAction","target":{"@type":"EntryPoint","urlTemplate":"http:\/\/www.blackpig.ch\/it\/?s={search_term_string}"},"query-input":{"@type":"PropertyValueSpecification","valueRequired":true,"valueName":"search_term_string"}}],"inLanguage":"de-CH"},{"@type":"Organization","@id":"http:\/\/www.blackpig.ch\/it\/#organization","name":"Brauerei BlackPig","alternateName":"BlackPig - Brasserie artisanale","url":"http:\/\/www.blackpig.ch\/it\/","logo":{"@type":"ImageObject","inLanguage":"de-CH","@id":"http:\/\/www.blackpig.ch\/it\/#\/schema\/logo\/image\/","url":"https:\/\/i0.wp.com\/www.blackpig.ch\/wp-content\/uploads\/2021\/06\/logo_blackpig.png?fit=300%2C200&ssl=1","contentUrl":"https:\/\/i0.wp.com\/www.blackpig.ch\/wp-content\/uploads\/2021\/06\/logo_blackpig.png?fit=300%2C200&ssl=1","width":300,"height":200,"caption":"Brasserie BlackPig"},"image":{"@id":"http:\/\/www.blackpig.ch\/it\/#\/schema\/logo\/image\/"},"sameAs":["https:\/\/www.facebook.com\/BlackPig.Brew.Co\/","https:\/\/www.instagram.com\/blackpig.brew.co\/"]}]}},"_links":{"self":[{"href":"https:\/\/www.blackpig.ch\/de\/wp-json\/wp\/v2\/product\/38244","targetHints":{"allow":["GET"]}}],"collection":[{"href":"https:\/\/www.blackpig.ch\/de\/wp-json\/wp\/v2\/product"}],"about":[{"href":"https:\/\/www.blackpig.ch\/de\/wp-json\/wp\/v2\/types\/product"}],"wp:featuredmedia":[{"embeddable":true,"href":"https:\/\/www.blackpig.ch\/de\/wp-json\/wp\/v2\/media\/38247"}],"wp:attachment":[{"href":"https:\/\/www.blackpig.ch\/de\/wp-json\/wp\/v2\/media?parent=38244"}],"wp:term":[{"taxonomy":"product_brand","embeddable":true,"href":"https:\/\/www.blackpig.ch\/de\/wp-json\/wp\/v2\/product_brand?post=38244"},{"taxonomy":"product_cat","embeddable":true,"href":"https:\/\/www.blackpig.ch\/de\/wp-json\/wp\/v2\/product_cat?post=38244"},{"taxonomy":"product_tag","embeddable":true,"href":"https:\/\/www.blackpig.ch\/de\/wp-json\/wp\/v2\/product_tag?post=38244"}],"curies":[{"name":"wp","href":"https:\/\/api.w.org\/{rel}","templated":true}]}}