{"id":32276,"date":"2022-09-22T10:12:30","date_gmt":"2022-09-22T08:12:30","guid":{"rendered":"https:\/\/www.blackpig.ch\/fr\/?post_type=product&#038;p=32276"},"modified":"2025-06-09T13:28:20","modified_gmt":"2025-06-09T11:28:20","slug":"la-fruits-rouges-fruited-farmhouse-ale-33cl","status":"publish","type":"product","link":"https:\/\/www.blackpig.ch\/de\/shop\/blackpig_brew_comp\/la-fruits-rouges-fruited-farmhouse-ale-33cl\/","title":{"rendered":"LA FRUITS ROUGES | Fruited Farmhouse Ale (33cl)"},"content":{"rendered":"<p>Frucht, Frucht, Frucht! Ja, hier haben Sie ein fruchtiges, komplexes, aber schrecklich cooles Bier. Brombeeren, Himbeeren und Johannisbeeren, die sich in diesem Bier voll austoben, mit einer feinen S\u00e4ure (ein guter Pep!), die dank Roggen und Dinkel gut ausbalanciert ist. Man k\u00f6nnte meinen, dass es sich um ein Bier f\u00fcr den Sommer handelt, aber wenn Sie einen Durchh\u00e4nger haben und Lust auf einen Liegestuhl im Garten versp\u00fcren, dann legen Sie los! Auch wenn es nur 15 Grad hat, wird Sie die kleine Alkoholnote im Abgang w\u00e4rmen. Und nat\u00fcrlich werden Sie die rustikale Note dieses Bierstils zu sch\u00e4tzen wissen. Wir sind immerhin auf einem Farmhouse!<\/p>\n<p>Beschreibung von Alain Kaehr, Biersommelier \u2764.<\/p>","protected":false},"excerpt":{"rendered":"<p>Frucht, Frucht, Frucht! Ja, hier haben Sie ein fruchtiges, komplexes, aber schrecklich cooles Bier. Brombeeren, Himbeeren und Johannisbeeren, die sich in diesem Bier voll austoben, mit einer feinen S\u00e4ure (ein guter Pep!), die dank Roggen und Dinkel gut ausbalanciert ist. Man k\u00f6nnte meinen, dass es sich um ein Bier f\u00fcr den Sommer handelt, aber wenn Sie einen Durchh\u00e4nger haben und Lust auf einen Liegestuhl im Garten versp\u00fcren, dann legen Sie los! Auch wenn es nur 15 Grad hat, wird Sie die kleine Alkoholnote im Abgang w\u00e4rmen. Und nat\u00fcrlich werden Sie die rustikale Note dieses Bierstils zu sch\u00e4tzen wissen. Wir sind immerhin auf einem Farmhouse!<\/p>\n<p>Beschreibung von Alain Kaehr, Biersommelier \u2764.<\/p>","protected":false},"featured_media":38534,"template":"","meta":[],"product_brand":[],"product_cat":[337],"product_tag":[],"class_list":{"0":"post-32276","1":"product","2":"type-product","3":"status-publish","4":"has-post-thumbnail","6":"product_cat-blackpig_brew_comp","8":"first","9":"instock","10":"taxable","11":"shipping-taxable","12":"purchasable","13":"product-type-simple"},"yoast_head":"<!-- This site is optimized with the Yoast SEO plugin v27.4 - https:\/\/yoast.com\/product\/yoast-seo-wordpress\/ -->\n<title>LA FRUITS ROUGES | Fruited Farmhouse Ale (33cl) - Brasserie BlackPig<\/title>\n<meta name=\"description\" content=\"Une explosion de fruits rouges (m\u00fbre, framboise, groseille) dans une bi\u00e8re Farmhouse rafra\u00eechissante et acidul\u00e9e. Parfaite pour toutes les saisons !\" \/>\n<meta name=\"robots\" content=\"index, follow, max-snippet:-1, max-image-preview:large, max-video-preview:-1\" \/>\n<link rel=\"canonical\" href=\"https:\/\/www.blackpig.ch\/de\/shop\/blackpig_brew_comp\/la-fruits-rouges-fruited-farmhouse-ale-33cl\/\" \/>\n<meta property=\"og:locale\" content=\"de_DE\" \/>\n<meta property=\"og:type\" content=\"article\" \/>\n<meta property=\"og:title\" content=\"LA FRUITS ROUGES | Fruited Farmhouse Ale (33cl) - Brasserie BlackPig\" \/>\n<meta property=\"og:description\" content=\"Une explosion de fruits rouges (m\u00fbre, framboise, groseille) dans une bi\u00e8re Farmhouse rafra\u00eechissante et acidul\u00e9e. Parfaite pour toutes les saisons !\" \/>\n<meta property=\"og:url\" content=\"https:\/\/www.blackpig.ch\/de\/shop\/blackpig_brew_comp\/la-fruits-rouges-fruited-farmhouse-ale-33cl\/\" \/>\n<meta property=\"og:site_name\" content=\"Brasserie BlackPig\" \/>\n<meta property=\"article:publisher\" content=\"https:\/\/www.facebook.com\/BlackPig.Brew.Co\/\" \/>\n<meta property=\"article:modified_time\" content=\"2025-06-09T11:28:20+00:00\" \/>\n<meta property=\"og:image\" content=\"https:\/\/www.blackpig.ch\/wp-content\/uploads\/2022\/09\/FRUITS-ROUGES.jpg\" \/>\n\t<meta property=\"og:image:width\" content=\"1410\" \/>\n\t<meta property=\"og:image:height\" content=\"2000\" \/>\n\t<meta property=\"og:image:type\" content=\"image\/jpeg\" \/>\n<meta name=\"twitter:card\" content=\"summary_large_image\" \/>\n<meta name=\"twitter:label1\" content=\"Gesch\u00e4tzte Lesezeit\" \/>\n\t<meta name=\"twitter:data1\" content=\"1\u00a0Minute\" \/>\n<script type=\"application\/ld+json\" class=\"yoast-schema-graph\">{\"@context\":\"https:\\\/\\\/schema.org\",\"@graph\":[{\"@type\":\"WebPage\",\"@id\":\"https:\\\/\\\/www.blackpig.ch\\\/shop\\\/blackpig_brew_comp\\\/la-fruits-rouges-fruited-farmhouse-ale-33cl\\\/\",\"url\":\"https:\\\/\\\/www.blackpig.ch\\\/shop\\\/blackpig_brew_comp\\\/la-fruits-rouges-fruited-farmhouse-ale-33cl\\\/\",\"name\":\"LA FRUITS ROUGES | Fruited Farmhouse Ale (33cl) - Brasserie BlackPig\",\"isPartOf\":{\"@id\":\"http:\\\/\\\/www.blackpig.ch\\\/it\\\/#website\"},\"primaryImageOfPage\":{\"@id\":\"https:\\\/\\\/www.blackpig.ch\\\/shop\\\/blackpig_brew_comp\\\/la-fruits-rouges-fruited-farmhouse-ale-33cl\\\/#primaryimage\"},\"image\":{\"@id\":\"https:\\\/\\\/www.blackpig.ch\\\/shop\\\/blackpig_brew_comp\\\/la-fruits-rouges-fruited-farmhouse-ale-33cl\\\/#primaryimage\"},\"thumbnailUrl\":\"https:\\\/\\\/www.blackpig.ch\\\/wp-content\\\/uploads\\\/2022\\\/09\\\/FRUITS-ROUGES.jpg\",\"datePublished\":\"2022-09-22T08:12:30+00:00\",\"dateModified\":\"2025-06-09T11:28:20+00:00\",\"description\":\"Une explosion de fruits rouges (m\u00fbre, framboise, groseille) dans une bi\u00e8re Farmhouse rafra\u00eechissante et acidul\u00e9e. Parfaite pour toutes les saisons !\",\"breadcrumb\":{\"@id\":\"https:\\\/\\\/www.blackpig.ch\\\/shop\\\/blackpig_brew_comp\\\/la-fruits-rouges-fruited-farmhouse-ale-33cl\\\/#breadcrumb\"},\"inLanguage\":\"de-CH\",\"potentialAction\":[{\"@type\":\"ReadAction\",\"target\":[\"https:\\\/\\\/www.blackpig.ch\\\/shop\\\/blackpig_brew_comp\\\/la-fruits-rouges-fruited-farmhouse-ale-33cl\\\/\"]}]},{\"@type\":\"ImageObject\",\"inLanguage\":\"de-CH\",\"@id\":\"https:\\\/\\\/www.blackpig.ch\\\/shop\\\/blackpig_brew_comp\\\/la-fruits-rouges-fruited-farmhouse-ale-33cl\\\/#primaryimage\",\"url\":\"https:\\\/\\\/www.blackpig.ch\\\/wp-content\\\/uploads\\\/2022\\\/09\\\/FRUITS-ROUGES.jpg\",\"contentUrl\":\"https:\\\/\\\/www.blackpig.ch\\\/wp-content\\\/uploads\\\/2022\\\/09\\\/FRUITS-ROUGES.jpg\",\"width\":1410,\"height\":2000},{\"@type\":\"BreadcrumbList\",\"@id\":\"https:\\\/\\\/www.blackpig.ch\\\/shop\\\/blackpig_brew_comp\\\/la-fruits-rouges-fruited-farmhouse-ale-33cl\\\/#breadcrumb\",\"itemListElement\":[{\"@type\":\"ListItem\",\"position\":1,\"name\":\"Accueil\",\"item\":\"https:\\\/\\\/www.blackpig.ch\\\/\"},{\"@type\":\"ListItem\",\"position\":2,\"name\":\"Shop &#8211; produits artisanaux du Jura\",\"item\":\"https:\\\/\\\/www.blackpig.ch\\\/shop\\\/\"},{\"@type\":\"ListItem\",\"position\":3,\"name\":\"LA FRUITS ROUGES | Fruited Farmhouse Ale (33cl)\"}]},{\"@type\":\"WebSite\",\"@id\":\"http:\\\/\\\/www.blackpig.ch\\\/it\\\/#website\",\"url\":\"http:\\\/\\\/www.blackpig.ch\\\/it\\\/\",\"name\":\"Brasserie BlackPig\",\"description\":\"Jura Craft Beers\",\"publisher\":{\"@id\":\"http:\\\/\\\/www.blackpig.ch\\\/it\\\/#organization\"},\"alternateName\":\"BlackPig - Brasserie artisanale\",\"potentialAction\":[{\"@type\":\"SearchAction\",\"target\":{\"@type\":\"EntryPoint\",\"urlTemplate\":\"http:\\\/\\\/www.blackpig.ch\\\/it\\\/?s={search_term_string}\"},\"query-input\":{\"@type\":\"PropertyValueSpecification\",\"valueRequired\":true,\"valueName\":\"search_term_string\"}}],\"inLanguage\":\"de-CH\"},{\"@type\":\"Organization\",\"@id\":\"http:\\\/\\\/www.blackpig.ch\\\/it\\\/#organization\",\"name\":\"Brasserie BlackPig\",\"alternateName\":\"BlackPig - Brasserie artisanale\",\"url\":\"http:\\\/\\\/www.blackpig.ch\\\/it\\\/\",\"logo\":{\"@type\":\"ImageObject\",\"inLanguage\":\"de-CH\",\"@id\":\"http:\\\/\\\/www.blackpig.ch\\\/it\\\/#\\\/schema\\\/logo\\\/image\\\/\",\"url\":\"https:\\\/\\\/i0.wp.com\\\/www.blackpig.ch\\\/wp-content\\\/uploads\\\/2021\\\/06\\\/logo_blackpig.png?fit=300%2C200&ssl=1\",\"contentUrl\":\"https:\\\/\\\/i0.wp.com\\\/www.blackpig.ch\\\/wp-content\\\/uploads\\\/2021\\\/06\\\/logo_blackpig.png?fit=300%2C200&ssl=1\",\"width\":300,\"height\":200,\"caption\":\"Brasserie BlackPig\"},\"image\":{\"@id\":\"http:\\\/\\\/www.blackpig.ch\\\/it\\\/#\\\/schema\\\/logo\\\/image\\\/\"},\"sameAs\":[\"https:\\\/\\\/www.facebook.com\\\/BlackPig.Brew.Co\\\/\",\"https:\\\/\\\/www.instagram.com\\\/blackpig.brew.co\\\/\"]}]}<\/script>\n<!-- \/ Yoast SEO plugin. -->","yoast_head_json":{"title":"LA FRUITS ROUGES | Fruited Farmhouse Ale (33cl) - Brasserie BlackPig","description":"Une explosion de fruits rouges (m\u00fbre, framboise, groseille) dans une bi\u00e8re Farmhouse rafra\u00eechissante et acidul\u00e9e. Parfaite pour toutes les saisons !","robots":{"index":"index","follow":"follow","max-snippet":"max-snippet:-1","max-image-preview":"max-image-preview:large","max-video-preview":"max-video-preview:-1"},"canonical":"https:\/\/www.blackpig.ch\/de\/shop\/blackpig_brew_comp\/la-fruits-rouges-fruited-farmhouse-ale-33cl\/","og_locale":"de_DE","og_type":"article","og_title":"LA FRUITS ROUGES | Fruited Farmhouse Ale (33cl) - Brasserie BlackPig","og_description":"Une explosion de fruits rouges (m\u00fbre, framboise, groseille) dans une bi\u00e8re Farmhouse rafra\u00eechissante et acidul\u00e9e. Parfaite pour toutes les saisons !","og_url":"https:\/\/www.blackpig.ch\/de\/shop\/blackpig_brew_comp\/la-fruits-rouges-fruited-farmhouse-ale-33cl\/","og_site_name":"Brasserie BlackPig","article_publisher":"https:\/\/www.facebook.com\/BlackPig.Brew.Co\/","article_modified_time":"2025-06-09T11:28:20+00:00","og_image":[{"width":1410,"height":2000,"url":"https:\/\/www.blackpig.ch\/wp-content\/uploads\/2022\/09\/FRUITS-ROUGES.jpg","type":"image\/jpeg"}],"twitter_card":"summary_large_image","twitter_misc":{"Gesch\u00e4tzte Lesezeit":"1\u00a0Minute"},"schema":{"@context":"https:\/\/schema.org","@graph":[{"@type":"WebPage","@id":"https:\/\/www.blackpig.ch\/shop\/blackpig_brew_comp\/la-fruits-rouges-fruited-farmhouse-ale-33cl\/","url":"https:\/\/www.blackpig.ch\/shop\/blackpig_brew_comp\/la-fruits-rouges-fruited-farmhouse-ale-33cl\/","name":"LA FRUITS ROUGES | Fruited Farmhouse Ale (33cl) - Brasserie BlackPig","isPartOf":{"@id":"http:\/\/www.blackpig.ch\/it\/#website"},"primaryImageOfPage":{"@id":"https:\/\/www.blackpig.ch\/shop\/blackpig_brew_comp\/la-fruits-rouges-fruited-farmhouse-ale-33cl\/#primaryimage"},"image":{"@id":"https:\/\/www.blackpig.ch\/shop\/blackpig_brew_comp\/la-fruits-rouges-fruited-farmhouse-ale-33cl\/#primaryimage"},"thumbnailUrl":"https:\/\/www.blackpig.ch\/wp-content\/uploads\/2022\/09\/FRUITS-ROUGES.jpg","datePublished":"2022-09-22T08:12:30+00:00","dateModified":"2025-06-09T11:28:20+00:00","description":"Une explosion de fruits rouges (m\u00fbre, framboise, groseille) dans une bi\u00e8re Farmhouse rafra\u00eechissante et acidul\u00e9e. Parfaite pour toutes les saisons !","breadcrumb":{"@id":"https:\/\/www.blackpig.ch\/shop\/blackpig_brew_comp\/la-fruits-rouges-fruited-farmhouse-ale-33cl\/#breadcrumb"},"inLanguage":"de-CH","potentialAction":[{"@type":"ReadAction","target":["https:\/\/www.blackpig.ch\/shop\/blackpig_brew_comp\/la-fruits-rouges-fruited-farmhouse-ale-33cl\/"]}]},{"@type":"ImageObject","inLanguage":"de-CH","@id":"https:\/\/www.blackpig.ch\/shop\/blackpig_brew_comp\/la-fruits-rouges-fruited-farmhouse-ale-33cl\/#primaryimage","url":"https:\/\/www.blackpig.ch\/wp-content\/uploads\/2022\/09\/FRUITS-ROUGES.jpg","contentUrl":"https:\/\/www.blackpig.ch\/wp-content\/uploads\/2022\/09\/FRUITS-ROUGES.jpg","width":1410,"height":2000},{"@type":"BreadcrumbList","@id":"https:\/\/www.blackpig.ch\/shop\/blackpig_brew_comp\/la-fruits-rouges-fruited-farmhouse-ale-33cl\/#breadcrumb","itemListElement":[{"@type":"ListItem","position":1,"name":"Accueil","item":"https:\/\/www.blackpig.ch\/"},{"@type":"ListItem","position":2,"name":"Shop &#8211; produits artisanaux du Jura","item":"https:\/\/www.blackpig.ch\/shop\/"},{"@type":"ListItem","position":3,"name":"LA FRUITS ROUGES | Fruited Farmhouse Ale (33cl)"}]},{"@type":"WebSite","@id":"http:\/\/www.blackpig.ch\/it\/#website","url":"http:\/\/www.blackpig.ch\/it\/","name":"Brauerei BlackPig","description":"Jura Craft Beers","publisher":{"@id":"http:\/\/www.blackpig.ch\/it\/#organization"},"alternateName":"BlackPig - Brasserie artisanale","potentialAction":[{"@type":"SearchAction","target":{"@type":"EntryPoint","urlTemplate":"http:\/\/www.blackpig.ch\/it\/?s={search_term_string}"},"query-input":{"@type":"PropertyValueSpecification","valueRequired":true,"valueName":"search_term_string"}}],"inLanguage":"de-CH"},{"@type":"Organization","@id":"http:\/\/www.blackpig.ch\/it\/#organization","name":"Brauerei BlackPig","alternateName":"BlackPig - Brasserie artisanale","url":"http:\/\/www.blackpig.ch\/it\/","logo":{"@type":"ImageObject","inLanguage":"de-CH","@id":"http:\/\/www.blackpig.ch\/it\/#\/schema\/logo\/image\/","url":"https:\/\/i0.wp.com\/www.blackpig.ch\/wp-content\/uploads\/2021\/06\/logo_blackpig.png?fit=300%2C200&ssl=1","contentUrl":"https:\/\/i0.wp.com\/www.blackpig.ch\/wp-content\/uploads\/2021\/06\/logo_blackpig.png?fit=300%2C200&ssl=1","width":300,"height":200,"caption":"Brasserie BlackPig"},"image":{"@id":"http:\/\/www.blackpig.ch\/it\/#\/schema\/logo\/image\/"},"sameAs":["https:\/\/www.facebook.com\/BlackPig.Brew.Co\/","https:\/\/www.instagram.com\/blackpig.brew.co\/"]}]}},"_links":{"self":[{"href":"https:\/\/www.blackpig.ch\/de\/wp-json\/wp\/v2\/product\/32276","targetHints":{"allow":["GET"]}}],"collection":[{"href":"https:\/\/www.blackpig.ch\/de\/wp-json\/wp\/v2\/product"}],"about":[{"href":"https:\/\/www.blackpig.ch\/de\/wp-json\/wp\/v2\/types\/product"}],"wp:featuredmedia":[{"embeddable":true,"href":"https:\/\/www.blackpig.ch\/de\/wp-json\/wp\/v2\/media\/38534"}],"wp:attachment":[{"href":"https:\/\/www.blackpig.ch\/de\/wp-json\/wp\/v2\/media?parent=32276"}],"wp:term":[{"taxonomy":"product_brand","embeddable":true,"href":"https:\/\/www.blackpig.ch\/de\/wp-json\/wp\/v2\/product_brand?post=32276"},{"taxonomy":"product_cat","embeddable":true,"href":"https:\/\/www.blackpig.ch\/de\/wp-json\/wp\/v2\/product_cat?post=32276"},{"taxonomy":"product_tag","embeddable":true,"href":"https:\/\/www.blackpig.ch\/de\/wp-json\/wp\/v2\/product_tag?post=32276"}],"curies":[{"name":"wp","href":"https:\/\/api.w.org\/{rel}","templated":true}]}}