{"id":29516,"date":"2022-02-02T09:13:51","date_gmt":"2022-02-02T08:13:51","guid":{"rendered":"https:\/\/ww2.blackpig.ch\/fr\/produit\/opiggy-la-schwartz-33cl\/"},"modified":"2026-02-09T09:54:59","modified_gmt":"2026-02-09T08:54:59","slug":"opiggy-la-schwartz-33cl","status":"publish","type":"product","link":"http:\/\/www.blackpig.ch\/it\/shop\/blackpig_brew_comp\/opiggy-la-schwartz-33cl\/","title":{"rendered":"O'PIGGY | La Schwartz (33cl)"},"content":{"rendered":"<p>Che colore! Che testa! Avete paura delle birre scure? Provatela! Un naso di cioccolato, leggero espresso e un tocco di vaniglia. Francamente, cosa si pu\u00f2 chiedere di pi\u00f9? \u00c8 leggera, con un'amarezza piuttosto bassa e sapori che esplodono al palato. \u00c8 come bere un dessert. Contrariamente a quanto si pensa, bere una stout non \u00e8 solo per l'inverno. Molto rinfrescante se servita fresca, \u00e8 una birra che, a prescindere dalla temperatura di servizio, pu\u00f2 essere gustata al sole, sotto la neve, in estate o in inverno. Senza complessi rispetto ad alcune stelle dello stile, questa O'Piggy vi lascer\u00e0 con un tocco di felicit\u00e0 in bocca!<\/p>\n<p>Descrizione di Alain Kaehr, sommelier della birra \u2764<\/p>","protected":false},"excerpt":{"rendered":"<p>Che colore! Che testa! Avete paura delle birre scure? Provatela! Un naso di cioccolato, leggero espresso e un tocco di vaniglia. Francamente, cosa si pu\u00f2 chiedere di pi\u00f9? \u00c8 leggera, con un'amarezza piuttosto bassa e sapori che esplodono al palato. \u00c8 come bere un dessert. Contrariamente a quanto si pensa, bere una stout non \u00e8 solo per l'inverno. Molto rinfrescante se servita fresca, \u00e8 una birra che, a prescindere dalla temperatura di servizio, pu\u00f2 essere gustata al sole, sotto la neve, in estate o in inverno. Senza complessi rispetto ad alcune stelle dello stile, questa O'Piggy vi lascer\u00e0 con un tocco di felicit\u00e0 in bocca!<\/p>\n<p>Descrizione di Alain Kaehr, sommelier della birra \u2764<\/p>\n<p><strong>\ud83d\udca1\u00a0Commandez un carton de 24 bouteilles et recevez un rabais de 5%<em data-start=\"1844\" data-end=\"1958\"><br \/>\n<\/em><\/strong>Chf 3.9 : prix bouteille \u00e0 l&rsquo;unit\u00e9<br \/>\nChf 3.705 : prix bouteille en box de 24<\/p>","protected":false},"featured_media":38531,"template":"","meta":[],"product_brand":[],"product_cat":[337],"product_tag":[],"class_list":{"0":"post-29516","1":"product","2":"type-product","3":"status-publish","4":"has-post-thumbnail","6":"product_cat-blackpig_brew_comp","8":"first","9":"instock","10":"taxable","11":"shipping-taxable","12":"purchasable","13":"product-type-variable","14":"has-default-attributes"},"yoast_head":"<!-- This site is optimized with the Yoast SEO plugin v27.6 - https:\/\/yoast.com\/product\/yoast-seo-wordpress\/ -->\n<title>O&#039;PIGGY | La Schwartz (33cl) - Brasserie BlackPig<\/title>\n<meta name=\"description\" content=\"D\u00e9couvrez notre Stout aux ar\u00f4mes de chocolat, d&#039;espresso et de vanille. Sa texture onctueuse et son amertume l\u00e9g\u00e8re en font une bi\u00e8re douce \u00e0 d\u00e9guster.\" \/>\n<meta name=\"robots\" content=\"index, follow, max-snippet:-1, max-image-preview:large, max-video-preview:-1\" \/>\n<link rel=\"canonical\" href=\"https:\/\/www.blackpig.ch\/it\/shop\/blackpig_brew_comp\/opiggy-la-schwartz-33cl\/\" \/>\n<meta property=\"og:locale\" content=\"it_IT\" \/>\n<meta property=\"og:type\" content=\"article\" \/>\n<meta property=\"og:title\" content=\"O&#039;PIGGY | La Schwartz (33cl) - Brasserie BlackPig\" \/>\n<meta property=\"og:description\" content=\"D\u00e9couvrez notre Stout aux ar\u00f4mes de chocolat, d&#039;espresso et de vanille. Sa texture onctueuse et son amertume l\u00e9g\u00e8re en font une bi\u00e8re douce \u00e0 d\u00e9guster.\" \/>\n<meta property=\"og:url\" content=\"https:\/\/www.blackpig.ch\/it\/shop\/blackpig_brew_comp\/opiggy-la-schwartz-33cl\/\" \/>\n<meta property=\"og:site_name\" content=\"Brasserie BlackPig\" \/>\n<meta property=\"article:publisher\" content=\"https:\/\/www.facebook.com\/BlackPig.Brew.Co\/\" \/>\n<meta property=\"article:modified_time\" content=\"2026-02-09T08:54:59+00:00\" \/>\n<meta property=\"og:image\" content=\"https:\/\/www.blackpig.ch\/wp-content\/uploads\/2022\/02\/ACID-TRIP.jpg\" \/>\n\t<meta property=\"og:image:width\" content=\"1410\" \/>\n\t<meta property=\"og:image:height\" content=\"2000\" \/>\n\t<meta property=\"og:image:type\" content=\"image\/jpeg\" \/>\n<meta name=\"twitter:card\" content=\"summary_large_image\" \/>\n<meta name=\"twitter:label1\" content=\"Tempo di lettura stimato\" \/>\n\t<meta name=\"twitter:data1\" content=\"1 minuto\" \/>\n<script type=\"application\/ld+json\" class=\"yoast-schema-graph\">{\"@context\":\"https:\\\/\\\/schema.org\",\"@graph\":[{\"@type\":\"WebPage\",\"@id\":\"https:\\\/\\\/www.blackpig.ch\\\/shop\\\/blackpig_brew_comp\\\/opiggy-la-schwartz-33cl\\\/\",\"url\":\"https:\\\/\\\/www.blackpig.ch\\\/shop\\\/blackpig_brew_comp\\\/opiggy-la-schwartz-33cl\\\/\",\"name\":\"O'PIGGY | La Schwartz (33cl) - Brasserie BlackPig\",\"isPartOf\":{\"@id\":\"http:\\\/\\\/www.blackpig.ch\\\/it\\\/#website\"},\"primaryImageOfPage\":{\"@id\":\"https:\\\/\\\/www.blackpig.ch\\\/shop\\\/blackpig_brew_comp\\\/opiggy-la-schwartz-33cl\\\/#primaryimage\"},\"image\":{\"@id\":\"https:\\\/\\\/www.blackpig.ch\\\/shop\\\/blackpig_brew_comp\\\/opiggy-la-schwartz-33cl\\\/#primaryimage\"},\"thumbnailUrl\":\"https:\\\/\\\/www.blackpig.ch\\\/wp-content\\\/uploads\\\/2022\\\/02\\\/ACID-TRIP.jpg\",\"datePublished\":\"2022-02-02T08:13:51+00:00\",\"dateModified\":\"2026-02-09T08:54:59+00:00\",\"description\":\"D\u00e9couvrez notre Stout aux ar\u00f4mes de chocolat, d'espresso et de vanille. Sa texture onctueuse et son amertume l\u00e9g\u00e8re en font une bi\u00e8re douce \u00e0 d\u00e9guster.\",\"breadcrumb\":{\"@id\":\"https:\\\/\\\/www.blackpig.ch\\\/shop\\\/blackpig_brew_comp\\\/opiggy-la-schwartz-33cl\\\/#breadcrumb\"},\"inLanguage\":\"it-IT\",\"potentialAction\":[{\"@type\":\"ReadAction\",\"target\":[\"https:\\\/\\\/www.blackpig.ch\\\/shop\\\/blackpig_brew_comp\\\/opiggy-la-schwartz-33cl\\\/\"]}]},{\"@type\":\"ImageObject\",\"inLanguage\":\"it-IT\",\"@id\":\"https:\\\/\\\/www.blackpig.ch\\\/shop\\\/blackpig_brew_comp\\\/opiggy-la-schwartz-33cl\\\/#primaryimage\",\"url\":\"https:\\\/\\\/www.blackpig.ch\\\/wp-content\\\/uploads\\\/2022\\\/02\\\/ACID-TRIP.jpg\",\"contentUrl\":\"https:\\\/\\\/www.blackpig.ch\\\/wp-content\\\/uploads\\\/2022\\\/02\\\/ACID-TRIP.jpg\",\"width\":1410,\"height\":2000},{\"@type\":\"BreadcrumbList\",\"@id\":\"https:\\\/\\\/www.blackpig.ch\\\/shop\\\/blackpig_brew_comp\\\/opiggy-la-schwartz-33cl\\\/#breadcrumb\",\"itemListElement\":[{\"@type\":\"ListItem\",\"position\":1,\"name\":\"Accueil\",\"item\":\"https:\\\/\\\/www.blackpig.ch\\\/\"},{\"@type\":\"ListItem\",\"position\":2,\"name\":\"Shop &#8211; produits artisanaux du Jura\",\"item\":\"https:\\\/\\\/www.blackpig.ch\\\/shop\\\/\"},{\"@type\":\"ListItem\",\"position\":3,\"name\":\"O&rsquo;PIGGY | La Schwartz (33cl)\"}]},{\"@type\":\"WebSite\",\"@id\":\"http:\\\/\\\/www.blackpig.ch\\\/it\\\/#website\",\"url\":\"http:\\\/\\\/www.blackpig.ch\\\/it\\\/\",\"name\":\"Brasserie BlackPig\",\"description\":\"Jura Craft Beers\",\"publisher\":{\"@id\":\"http:\\\/\\\/www.blackpig.ch\\\/it\\\/#organization\"},\"alternateName\":\"BlackPig - Brasserie artisanale\",\"potentialAction\":[{\"@type\":\"SearchAction\",\"target\":{\"@type\":\"EntryPoint\",\"urlTemplate\":\"http:\\\/\\\/www.blackpig.ch\\\/it\\\/?s={search_term_string}\"},\"query-input\":{\"@type\":\"PropertyValueSpecification\",\"valueRequired\":true,\"valueName\":\"search_term_string\"}}],\"inLanguage\":\"it-IT\"},{\"@type\":\"Organization\",\"@id\":\"http:\\\/\\\/www.blackpig.ch\\\/it\\\/#organization\",\"name\":\"Brasserie BlackPig\",\"alternateName\":\"BlackPig - Brasserie artisanale\",\"url\":\"http:\\\/\\\/www.blackpig.ch\\\/it\\\/\",\"logo\":{\"@type\":\"ImageObject\",\"inLanguage\":\"it-IT\",\"@id\":\"http:\\\/\\\/www.blackpig.ch\\\/it\\\/#\\\/schema\\\/logo\\\/image\\\/\",\"url\":\"https:\\\/\\\/i0.wp.com\\\/www.blackpig.ch\\\/wp-content\\\/uploads\\\/2021\\\/06\\\/logo_blackpig.png?fit=300%2C200&ssl=1\",\"contentUrl\":\"https:\\\/\\\/i0.wp.com\\\/www.blackpig.ch\\\/wp-content\\\/uploads\\\/2021\\\/06\\\/logo_blackpig.png?fit=300%2C200&ssl=1\",\"width\":300,\"height\":200,\"caption\":\"Brasserie BlackPig\"},\"image\":{\"@id\":\"http:\\\/\\\/www.blackpig.ch\\\/it\\\/#\\\/schema\\\/logo\\\/image\\\/\"},\"sameAs\":[\"https:\\\/\\\/www.facebook.com\\\/BlackPig.Brew.Co\\\/\",\"https:\\\/\\\/www.instagram.com\\\/blackpig.brew.co\\\/\"]}]}<\/script>\n<!-- \/ Yoast SEO plugin. -->","yoast_head_json":{"title":"O'PIGGY | La Schwartz (33cl) - Brasserie BlackPig","description":"D\u00e9couvrez notre Stout aux ar\u00f4mes de chocolat, d'espresso et de vanille. Sa texture onctueuse et son amertume l\u00e9g\u00e8re en font une bi\u00e8re douce \u00e0 d\u00e9guster.","robots":{"index":"index","follow":"follow","max-snippet":"max-snippet:-1","max-image-preview":"max-image-preview:large","max-video-preview":"max-video-preview:-1"},"canonical":"https:\/\/www.blackpig.ch\/it\/shop\/blackpig_brew_comp\/opiggy-la-schwartz-33cl\/","og_locale":"it_IT","og_type":"article","og_title":"O'PIGGY | La Schwartz (33cl) - Brasserie BlackPig","og_description":"D\u00e9couvrez notre Stout aux ar\u00f4mes de chocolat, d'espresso et de vanille. Sa texture onctueuse et son amertume l\u00e9g\u00e8re en font une bi\u00e8re douce \u00e0 d\u00e9guster.","og_url":"https:\/\/www.blackpig.ch\/it\/shop\/blackpig_brew_comp\/opiggy-la-schwartz-33cl\/","og_site_name":"Brasserie BlackPig","article_publisher":"https:\/\/www.facebook.com\/BlackPig.Brew.Co\/","article_modified_time":"2026-02-09T08:54:59+00:00","og_image":[{"width":1410,"height":2000,"url":"https:\/\/www.blackpig.ch\/wp-content\/uploads\/2022\/02\/ACID-TRIP.jpg","type":"image\/jpeg"}],"twitter_card":"summary_large_image","twitter_misc":{"Tempo di lettura stimato":"1 minuto"},"schema":{"@context":"https:\/\/schema.org","@graph":[{"@type":"WebPage","@id":"https:\/\/www.blackpig.ch\/shop\/blackpig_brew_comp\/opiggy-la-schwartz-33cl\/","url":"https:\/\/www.blackpig.ch\/shop\/blackpig_brew_comp\/opiggy-la-schwartz-33cl\/","name":"O'PIGGY | La Schwartz (33cl) - Brasserie BlackPig","isPartOf":{"@id":"http:\/\/www.blackpig.ch\/it\/#website"},"primaryImageOfPage":{"@id":"https:\/\/www.blackpig.ch\/shop\/blackpig_brew_comp\/opiggy-la-schwartz-33cl\/#primaryimage"},"image":{"@id":"https:\/\/www.blackpig.ch\/shop\/blackpig_brew_comp\/opiggy-la-schwartz-33cl\/#primaryimage"},"thumbnailUrl":"https:\/\/www.blackpig.ch\/wp-content\/uploads\/2022\/02\/ACID-TRIP.jpg","datePublished":"2022-02-02T08:13:51+00:00","dateModified":"2026-02-09T08:54:59+00:00","description":"D\u00e9couvrez notre Stout aux ar\u00f4mes de chocolat, d'espresso et de vanille. Sa texture onctueuse et son amertume l\u00e9g\u00e8re en font une bi\u00e8re douce \u00e0 d\u00e9guster.","breadcrumb":{"@id":"https:\/\/www.blackpig.ch\/shop\/blackpig_brew_comp\/opiggy-la-schwartz-33cl\/#breadcrumb"},"inLanguage":"it-IT","potentialAction":[{"@type":"ReadAction","target":["https:\/\/www.blackpig.ch\/shop\/blackpig_brew_comp\/opiggy-la-schwartz-33cl\/"]}]},{"@type":"ImageObject","inLanguage":"it-IT","@id":"https:\/\/www.blackpig.ch\/shop\/blackpig_brew_comp\/opiggy-la-schwartz-33cl\/#primaryimage","url":"https:\/\/www.blackpig.ch\/wp-content\/uploads\/2022\/02\/ACID-TRIP.jpg","contentUrl":"https:\/\/www.blackpig.ch\/wp-content\/uploads\/2022\/02\/ACID-TRIP.jpg","width":1410,"height":2000},{"@type":"BreadcrumbList","@id":"https:\/\/www.blackpig.ch\/shop\/blackpig_brew_comp\/opiggy-la-schwartz-33cl\/#breadcrumb","itemListElement":[{"@type":"ListItem","position":1,"name":"Accueil","item":"https:\/\/www.blackpig.ch\/"},{"@type":"ListItem","position":2,"name":"Shop &#8211; produits artisanaux du Jura","item":"https:\/\/www.blackpig.ch\/shop\/"},{"@type":"ListItem","position":3,"name":"O&rsquo;PIGGY | La Schwartz (33cl)"}]},{"@type":"WebSite","@id":"http:\/\/www.blackpig.ch\/it\/#website","url":"http:\/\/www.blackpig.ch\/it\/","name":"Birrificio BlackPig","description":"Birre artigianali Jura","publisher":{"@id":"http:\/\/www.blackpig.ch\/it\/#organization"},"alternateName":"BlackPig - Brasserie artisanale","potentialAction":[{"@type":"SearchAction","target":{"@type":"EntryPoint","urlTemplate":"http:\/\/www.blackpig.ch\/it\/?s={search_term_string}"},"query-input":{"@type":"PropertyValueSpecification","valueRequired":true,"valueName":"search_term_string"}}],"inLanguage":"it-IT"},{"@type":"Organization","@id":"http:\/\/www.blackpig.ch\/it\/#organization","name":"Birrificio BlackPig","alternateName":"BlackPig - Brasserie artisanale","url":"http:\/\/www.blackpig.ch\/it\/","logo":{"@type":"ImageObject","inLanguage":"it-IT","@id":"http:\/\/www.blackpig.ch\/it\/#\/schema\/logo\/image\/","url":"https:\/\/i0.wp.com\/www.blackpig.ch\/wp-content\/uploads\/2021\/06\/logo_blackpig.png?fit=300%2C200&ssl=1","contentUrl":"https:\/\/i0.wp.com\/www.blackpig.ch\/wp-content\/uploads\/2021\/06\/logo_blackpig.png?fit=300%2C200&ssl=1","width":300,"height":200,"caption":"Brasserie BlackPig"},"image":{"@id":"http:\/\/www.blackpig.ch\/it\/#\/schema\/logo\/image\/"},"sameAs":["https:\/\/www.facebook.com\/BlackPig.Brew.Co\/","https:\/\/www.instagram.com\/blackpig.brew.co\/"]}]}},"_links":{"self":[{"href":"http:\/\/www.blackpig.ch\/it\/wp-json\/wp\/v2\/product\/29516","targetHints":{"allow":["GET"]}}],"collection":[{"href":"http:\/\/www.blackpig.ch\/it\/wp-json\/wp\/v2\/product"}],"about":[{"href":"http:\/\/www.blackpig.ch\/it\/wp-json\/wp\/v2\/types\/product"}],"wp:featuredmedia":[{"embeddable":true,"href":"http:\/\/www.blackpig.ch\/it\/wp-json\/wp\/v2\/media\/38531"}],"wp:attachment":[{"href":"http:\/\/www.blackpig.ch\/it\/wp-json\/wp\/v2\/media?parent=29516"}],"wp:term":[{"taxonomy":"product_brand","embeddable":true,"href":"http:\/\/www.blackpig.ch\/it\/wp-json\/wp\/v2\/product_brand?post=29516"},{"taxonomy":"product_cat","embeddable":true,"href":"http:\/\/www.blackpig.ch\/it\/wp-json\/wp\/v2\/product_cat?post=29516"},{"taxonomy":"product_tag","embeddable":true,"href":"http:\/\/www.blackpig.ch\/it\/wp-json\/wp\/v2\/product_tag?post=29516"}],"curies":[{"name":"wp","href":"https:\/\/api.w.org\/{rel}","templated":true}]}}