{"id":28911,"date":"2021-06-04T06:59:32","date_gmt":"2021-06-04T04:59:32","guid":{"rendered":"https:\/\/ww2.blackpig.ch\/?post_type=product&#038;p=28911"},"modified":"2024-07-30T15:18:10","modified_gmt":"2024-07-30T13:18:10","slug":"bon-cadeau-chf-100","status":"publish","type":"product","link":"http:\/\/www.blackpig.ch\/it\/shop\/bons-cadeaux\/bon-cadeau-chf-100\/","title":{"rendered":"Buono regalo CHF 100.00"},"content":{"rendered":"<p>Regalate ad amici e parenti un buono BlackPig del valore di 100 franchi. Valido presso il birrificio, questo buono permetter\u00e0 loro di scoprire l'intera gamma di birre BlackPig, dalle rinfrescanti lager alle corpose stout. Un regalo ideale per ogni occasione, compleanno, festa del pap\u00e0 o semplicemente per ringraziare.<\/p>","protected":false},"excerpt":{"rendered":"<p>Regalate ad amici e parenti un buono BlackPig del valore di 100 franchi. Valido presso il birrificio, questo buono permetter\u00e0 loro di scoprire l'intera gamma di birre BlackPig, dalle rinfrescanti lager alle corpose stout. Un regalo ideale per ogni occasione, compleanno, festa del pap\u00e0 o semplicemente per ringraziare.<\/p>","protected":false},"featured_media":28912,"template":"","meta":[],"product_brand":[],"product_cat":[213],"product_tag":[],"class_list":{"0":"post-28911","1":"product","2":"type-product","3":"status-publish","4":"has-post-thumbnail","6":"product_cat-bons-cadeaux","8":"first","9":"instock","10":"downloadable","11":"virtual","12":"taxable","13":"purchasable","14":"product-type-simple"},"yoast_head":"<!-- This site is optimized with the Yoast SEO plugin v27.4 - https:\/\/yoast.com\/product\/yoast-seo-wordpress\/ -->\n<title>Bon cadeau CHF 100.- Brasserie BlackPig<\/title>\n<meta name=\"description\" content=\"Faites plaisir autour de vous avec un bon cadeau BlackPig valable \u00e0 la brasserie. Le cadeau id\u00e9al pour d\u00e9couvrir des bi\u00e8res artisanales suisses de qualit\u00e9.\" \/>\n<meta name=\"robots\" content=\"index, follow, max-snippet:-1, max-image-preview:large, max-video-preview:-1\" \/>\n<link rel=\"canonical\" href=\"https:\/\/www.blackpig.ch\/it\/shop\/tous-sales-beers-btls\/bon-cadeau-chf-100\/\" \/>\n<meta property=\"og:locale\" content=\"it_IT\" \/>\n<meta property=\"og:type\" content=\"article\" \/>\n<meta property=\"og:title\" content=\"Bon cadeau CHF 100.- Brasserie BlackPig\" \/>\n<meta property=\"og:description\" content=\"Faites plaisir autour de vous avec un bon cadeau BlackPig valable \u00e0 la brasserie. Le cadeau id\u00e9al pour d\u00e9couvrir des bi\u00e8res artisanales suisses de qualit\u00e9.\" \/>\n<meta property=\"og:url\" content=\"https:\/\/www.blackpig.ch\/it\/shop\/tous-sales-beers-btls\/bon-cadeau-chf-100\/\" \/>\n<meta property=\"og:site_name\" content=\"Brasserie BlackPig\" \/>\n<meta property=\"article:publisher\" content=\"https:\/\/www.facebook.com\/BlackPig.Brew.Co\/\" \/>\n<meta property=\"article:modified_time\" content=\"2024-07-30T13:18:10+00:00\" \/>\n<meta property=\"og:image\" content=\"https:\/\/www.blackpig.ch\/wp-content\/uploads\/2021\/06\/bon.jpg\" \/>\n\t<meta property=\"og:image:width\" content=\"2000\" \/>\n\t<meta property=\"og:image:height\" content=\"1600\" \/>\n\t<meta property=\"og:image:type\" content=\"image\/jpeg\" \/>\n<meta name=\"twitter:card\" content=\"summary_large_image\" \/>\n<meta name=\"twitter:label1\" content=\"Tempo di lettura stimato\" \/>\n\t<meta name=\"twitter:data1\" content=\"1 minuto\" \/>\n<script type=\"application\/ld+json\" class=\"yoast-schema-graph\">{\"@context\":\"https:\\\/\\\/schema.org\",\"@graph\":[{\"@type\":\"WebPage\",\"@id\":\"https:\\\/\\\/www.blackpig.ch\\\/shop\\\/tous-sales-beers-btls\\\/bon-cadeau-chf-100\\\/\",\"url\":\"https:\\\/\\\/www.blackpig.ch\\\/shop\\\/tous-sales-beers-btls\\\/bon-cadeau-chf-100\\\/\",\"name\":\"Bon cadeau CHF 100.- Brasserie BlackPig\",\"isPartOf\":{\"@id\":\"http:\\\/\\\/www.blackpig.ch\\\/it\\\/#website\"},\"primaryImageOfPage\":{\"@id\":\"https:\\\/\\\/www.blackpig.ch\\\/shop\\\/tous-sales-beers-btls\\\/bon-cadeau-chf-100\\\/#primaryimage\"},\"image\":{\"@id\":\"https:\\\/\\\/www.blackpig.ch\\\/shop\\\/tous-sales-beers-btls\\\/bon-cadeau-chf-100\\\/#primaryimage\"},\"thumbnailUrl\":\"https:\\\/\\\/www.blackpig.ch\\\/wp-content\\\/uploads\\\/2021\\\/06\\\/bon.jpg\",\"datePublished\":\"2021-06-04T04:59:32+00:00\",\"dateModified\":\"2024-07-30T13:18:10+00:00\",\"description\":\"Faites plaisir autour de vous avec un bon cadeau BlackPig valable \u00e0 la brasserie. Le cadeau id\u00e9al pour d\u00e9couvrir des bi\u00e8res artisanales suisses de qualit\u00e9.\",\"breadcrumb\":{\"@id\":\"https:\\\/\\\/www.blackpig.ch\\\/shop\\\/tous-sales-beers-btls\\\/bon-cadeau-chf-100\\\/#breadcrumb\"},\"inLanguage\":\"it-IT\",\"potentialAction\":[{\"@type\":\"ReadAction\",\"target\":[\"https:\\\/\\\/www.blackpig.ch\\\/shop\\\/tous-sales-beers-btls\\\/bon-cadeau-chf-100\\\/\"]}]},{\"@type\":\"ImageObject\",\"inLanguage\":\"it-IT\",\"@id\":\"https:\\\/\\\/www.blackpig.ch\\\/shop\\\/tous-sales-beers-btls\\\/bon-cadeau-chf-100\\\/#primaryimage\",\"url\":\"https:\\\/\\\/www.blackpig.ch\\\/wp-content\\\/uploads\\\/2021\\\/06\\\/bon.jpg\",\"contentUrl\":\"https:\\\/\\\/www.blackpig.ch\\\/wp-content\\\/uploads\\\/2021\\\/06\\\/bon.jpg\",\"width\":2000,\"height\":1600},{\"@type\":\"BreadcrumbList\",\"@id\":\"https:\\\/\\\/www.blackpig.ch\\\/shop\\\/tous-sales-beers-btls\\\/bon-cadeau-chf-100\\\/#breadcrumb\",\"itemListElement\":[{\"@type\":\"ListItem\",\"position\":1,\"name\":\"Accueil\",\"item\":\"https:\\\/\\\/www.blackpig.ch\\\/\"},{\"@type\":\"ListItem\",\"position\":2,\"name\":\"Shop &#8211; produits artisanaux du Jura\",\"item\":\"https:\\\/\\\/www.blackpig.ch\\\/shop\\\/\"},{\"@type\":\"ListItem\",\"position\":3,\"name\":\"Bon cadeau CHF 100.-\"}]},{\"@type\":\"WebSite\",\"@id\":\"http:\\\/\\\/www.blackpig.ch\\\/it\\\/#website\",\"url\":\"http:\\\/\\\/www.blackpig.ch\\\/it\\\/\",\"name\":\"Brasserie BlackPig\",\"description\":\"Jura Craft Beers\",\"publisher\":{\"@id\":\"http:\\\/\\\/www.blackpig.ch\\\/it\\\/#organization\"},\"alternateName\":\"BlackPig - Brasserie artisanale\",\"potentialAction\":[{\"@type\":\"SearchAction\",\"target\":{\"@type\":\"EntryPoint\",\"urlTemplate\":\"http:\\\/\\\/www.blackpig.ch\\\/it\\\/?s={search_term_string}\"},\"query-input\":{\"@type\":\"PropertyValueSpecification\",\"valueRequired\":true,\"valueName\":\"search_term_string\"}}],\"inLanguage\":\"it-IT\"},{\"@type\":\"Organization\",\"@id\":\"http:\\\/\\\/www.blackpig.ch\\\/it\\\/#organization\",\"name\":\"Brasserie BlackPig\",\"alternateName\":\"BlackPig - Brasserie artisanale\",\"url\":\"http:\\\/\\\/www.blackpig.ch\\\/it\\\/\",\"logo\":{\"@type\":\"ImageObject\",\"inLanguage\":\"it-IT\",\"@id\":\"http:\\\/\\\/www.blackpig.ch\\\/it\\\/#\\\/schema\\\/logo\\\/image\\\/\",\"url\":\"https:\\\/\\\/i0.wp.com\\\/www.blackpig.ch\\\/wp-content\\\/uploads\\\/2021\\\/06\\\/logo_blackpig.png?fit=300%2C200&ssl=1\",\"contentUrl\":\"https:\\\/\\\/i0.wp.com\\\/www.blackpig.ch\\\/wp-content\\\/uploads\\\/2021\\\/06\\\/logo_blackpig.png?fit=300%2C200&ssl=1\",\"width\":300,\"height\":200,\"caption\":\"Brasserie BlackPig\"},\"image\":{\"@id\":\"http:\\\/\\\/www.blackpig.ch\\\/it\\\/#\\\/schema\\\/logo\\\/image\\\/\"},\"sameAs\":[\"https:\\\/\\\/www.facebook.com\\\/BlackPig.Brew.Co\\\/\",\"https:\\\/\\\/www.instagram.com\\\/blackpig.brew.co\\\/\"]}]}<\/script>\n<!-- \/ Yoast SEO plugin. -->","yoast_head_json":{"title":"Bon cadeau CHF 100.- Brasserie BlackPig","description":"Faites plaisir autour de vous avec un bon cadeau BlackPig valable \u00e0 la brasserie. Le cadeau id\u00e9al pour d\u00e9couvrir des bi\u00e8res artisanales suisses de qualit\u00e9.","robots":{"index":"index","follow":"follow","max-snippet":"max-snippet:-1","max-image-preview":"max-image-preview:large","max-video-preview":"max-video-preview:-1"},"canonical":"https:\/\/www.blackpig.ch\/it\/shop\/tous-sales-beers-btls\/bon-cadeau-chf-100\/","og_locale":"it_IT","og_type":"article","og_title":"Bon cadeau CHF 100.- Brasserie BlackPig","og_description":"Faites plaisir autour de vous avec un bon cadeau BlackPig valable \u00e0 la brasserie. Le cadeau id\u00e9al pour d\u00e9couvrir des bi\u00e8res artisanales suisses de qualit\u00e9.","og_url":"https:\/\/www.blackpig.ch\/it\/shop\/tous-sales-beers-btls\/bon-cadeau-chf-100\/","og_site_name":"Brasserie BlackPig","article_publisher":"https:\/\/www.facebook.com\/BlackPig.Brew.Co\/","article_modified_time":"2024-07-30T13:18:10+00:00","og_image":[{"width":2000,"height":1600,"url":"https:\/\/www.blackpig.ch\/wp-content\/uploads\/2021\/06\/bon.jpg","type":"image\/jpeg"}],"twitter_card":"summary_large_image","twitter_misc":{"Tempo di lettura stimato":"1 minuto"},"schema":{"@context":"https:\/\/schema.org","@graph":[{"@type":"WebPage","@id":"https:\/\/www.blackpig.ch\/shop\/tous-sales-beers-btls\/bon-cadeau-chf-100\/","url":"https:\/\/www.blackpig.ch\/shop\/tous-sales-beers-btls\/bon-cadeau-chf-100\/","name":"Bon cadeau CHF 100.- Brasserie BlackPig","isPartOf":{"@id":"http:\/\/www.blackpig.ch\/it\/#website"},"primaryImageOfPage":{"@id":"https:\/\/www.blackpig.ch\/shop\/tous-sales-beers-btls\/bon-cadeau-chf-100\/#primaryimage"},"image":{"@id":"https:\/\/www.blackpig.ch\/shop\/tous-sales-beers-btls\/bon-cadeau-chf-100\/#primaryimage"},"thumbnailUrl":"https:\/\/www.blackpig.ch\/wp-content\/uploads\/2021\/06\/bon.jpg","datePublished":"2021-06-04T04:59:32+00:00","dateModified":"2024-07-30T13:18:10+00:00","description":"Faites plaisir autour de vous avec un bon cadeau BlackPig valable \u00e0 la brasserie. Le cadeau id\u00e9al pour d\u00e9couvrir des bi\u00e8res artisanales suisses de qualit\u00e9.","breadcrumb":{"@id":"https:\/\/www.blackpig.ch\/shop\/tous-sales-beers-btls\/bon-cadeau-chf-100\/#breadcrumb"},"inLanguage":"it-IT","potentialAction":[{"@type":"ReadAction","target":["https:\/\/www.blackpig.ch\/shop\/tous-sales-beers-btls\/bon-cadeau-chf-100\/"]}]},{"@type":"ImageObject","inLanguage":"it-IT","@id":"https:\/\/www.blackpig.ch\/shop\/tous-sales-beers-btls\/bon-cadeau-chf-100\/#primaryimage","url":"https:\/\/www.blackpig.ch\/wp-content\/uploads\/2021\/06\/bon.jpg","contentUrl":"https:\/\/www.blackpig.ch\/wp-content\/uploads\/2021\/06\/bon.jpg","width":2000,"height":1600},{"@type":"BreadcrumbList","@id":"https:\/\/www.blackpig.ch\/shop\/tous-sales-beers-btls\/bon-cadeau-chf-100\/#breadcrumb","itemListElement":[{"@type":"ListItem","position":1,"name":"Accueil","item":"https:\/\/www.blackpig.ch\/"},{"@type":"ListItem","position":2,"name":"Shop &#8211; produits artisanaux du Jura","item":"https:\/\/www.blackpig.ch\/shop\/"},{"@type":"ListItem","position":3,"name":"Bon cadeau CHF 100.-"}]},{"@type":"WebSite","@id":"http:\/\/www.blackpig.ch\/it\/#website","url":"http:\/\/www.blackpig.ch\/it\/","name":"Birrificio BlackPig","description":"Birre artigianali Jura","publisher":{"@id":"http:\/\/www.blackpig.ch\/it\/#organization"},"alternateName":"BlackPig - Brasserie artisanale","potentialAction":[{"@type":"SearchAction","target":{"@type":"EntryPoint","urlTemplate":"http:\/\/www.blackpig.ch\/it\/?s={search_term_string}"},"query-input":{"@type":"PropertyValueSpecification","valueRequired":true,"valueName":"search_term_string"}}],"inLanguage":"it-IT"},{"@type":"Organization","@id":"http:\/\/www.blackpig.ch\/it\/#organization","name":"Birrificio BlackPig","alternateName":"BlackPig - Brasserie artisanale","url":"http:\/\/www.blackpig.ch\/it\/","logo":{"@type":"ImageObject","inLanguage":"it-IT","@id":"http:\/\/www.blackpig.ch\/it\/#\/schema\/logo\/image\/","url":"https:\/\/i0.wp.com\/www.blackpig.ch\/wp-content\/uploads\/2021\/06\/logo_blackpig.png?fit=300%2C200&ssl=1","contentUrl":"https:\/\/i0.wp.com\/www.blackpig.ch\/wp-content\/uploads\/2021\/06\/logo_blackpig.png?fit=300%2C200&ssl=1","width":300,"height":200,"caption":"Brasserie BlackPig"},"image":{"@id":"http:\/\/www.blackpig.ch\/it\/#\/schema\/logo\/image\/"},"sameAs":["https:\/\/www.facebook.com\/BlackPig.Brew.Co\/","https:\/\/www.instagram.com\/blackpig.brew.co\/"]}]}},"_links":{"self":[{"href":"http:\/\/www.blackpig.ch\/it\/wp-json\/wp\/v2\/product\/28911","targetHints":{"allow":["GET"]}}],"collection":[{"href":"http:\/\/www.blackpig.ch\/it\/wp-json\/wp\/v2\/product"}],"about":[{"href":"http:\/\/www.blackpig.ch\/it\/wp-json\/wp\/v2\/types\/product"}],"wp:featuredmedia":[{"embeddable":true,"href":"http:\/\/www.blackpig.ch\/it\/wp-json\/wp\/v2\/media\/28912"}],"wp:attachment":[{"href":"http:\/\/www.blackpig.ch\/it\/wp-json\/wp\/v2\/media?parent=28911"}],"wp:term":[{"taxonomy":"product_brand","embeddable":true,"href":"http:\/\/www.blackpig.ch\/it\/wp-json\/wp\/v2\/product_brand?post=28911"},{"taxonomy":"product_cat","embeddable":true,"href":"http:\/\/www.blackpig.ch\/it\/wp-json\/wp\/v2\/product_cat?post=28911"},{"taxonomy":"product_tag","embeddable":true,"href":"http:\/\/www.blackpig.ch\/it\/wp-json\/wp\/v2\/product_tag?post=28911"}],"curies":[{"name":"wp","href":"https:\/\/api.w.org\/{rel}","templated":true}]}}