{"id":28845,"date":"2021-06-03T12:11:29","date_gmt":"2021-06-03T10:11:29","guid":{"rendered":"https:\/\/ww2.blackpig.ch\/boutique\/"},"modified":"2025-06-09T14:06:39","modified_gmt":"2025-06-09T12:06:39","slug":"shop","status":"publish","type":"page","link":"http:\/\/www.blackpig.ch\/it\/shop\/","title":{"rendered":"Negozio - prodotti artigianali del Giura"},"content":{"rendered":"","protected":false},"excerpt":{"rendered":"","protected":false},"author":1,"featured_media":0,"parent":0,"menu_order":0,"comment_status":"closed","ping_status":"closed","template":"","meta":{"footnotes":""},"class_list":["post-28845","page","type-page","status-publish"],"yoast_head":"<!-- This site is optimized with the Yoast SEO plugin v27.3 - https:\/\/yoast.com\/product\/yoast-seo-wordpress\/ -->\n<title>Acheter Bi\u00e8re Artisanale Suisse \ud83c\udde8\ud83c\udded | Boutique en Ligne BlackPig<\/title>\n<meta name=\"description\" content=\"Achetez en ligne les meilleures bi\u00e8res artisanales suisses \ud83c\udde8\ud83c\udded sur la boutique BlackPig. D\u00e9couvrez notre large s\u00e9lection de bi\u00e8res locales, brass\u00e9es avec passion et savoir-faire. Livraison rapide et paiement s\u00e9curis\u00e9. Sant\u00e9!\" \/>\n<meta name=\"robots\" content=\"index, follow, max-snippet:-1, max-image-preview:large, max-video-preview:-1\" \/>\n<link rel=\"canonical\" href=\"https:\/\/www.blackpig.ch\/it\/shop\/\" \/>\n<meta property=\"og:locale\" content=\"it_IT\" \/>\n<meta property=\"og:type\" content=\"article\" \/>\n<meta property=\"og:title\" content=\"Acheter Bi\u00e8re Artisanale Suisse \ud83c\udde8\ud83c\udded | Boutique en Ligne BlackPig\" \/>\n<meta property=\"og:description\" content=\"Achetez en ligne les meilleures bi\u00e8res artisanales suisses \ud83c\udde8\ud83c\udded sur la boutique BlackPig. D\u00e9couvrez notre large s\u00e9lection de bi\u00e8res locales, brass\u00e9es avec passion et savoir-faire. Livraison rapide et paiement s\u00e9curis\u00e9. Sant\u00e9!\" \/>\n<meta property=\"og:url\" content=\"https:\/\/www.blackpig.ch\/it\/shop\/\" \/>\n<meta property=\"og:site_name\" content=\"Brasserie BlackPig\" \/>\n<meta property=\"article:publisher\" content=\"https:\/\/www.facebook.com\/BlackPig.Brew.Co\/\" \/>\n<meta property=\"article:modified_time\" content=\"2025-06-09T12:06:39+00:00\" \/>\n<meta property=\"og:image\" content=\"https:\/\/www.blackpig.ch\/wp-content\/uploads\/2021\/06\/logo_blackpig.png\" \/>\n\t<meta property=\"og:image:width\" content=\"300\" \/>\n\t<meta property=\"og:image:height\" content=\"200\" \/>\n\t<meta property=\"og:image:type\" content=\"image\/png\" \/>\n<meta name=\"twitter:card\" content=\"summary_large_image\" \/>\n<script type=\"application\/ld+json\" class=\"yoast-schema-graph\">{\"@context\":\"https:\\\/\\\/schema.org\",\"@graph\":[{\"@type\":\"WebPage\",\"@id\":\"https:\\\/\\\/www.blackpig.ch\\\/shop\\\/\",\"url\":\"https:\\\/\\\/www.blackpig.ch\\\/shop\\\/\",\"name\":\"Acheter Bi\u00e8re Artisanale Suisse \ud83c\udde8\ud83c\udded | Boutique en Ligne BlackPig\",\"isPartOf\":{\"@id\":\"http:\\\/\\\/www.blackpig.ch\\\/it\\\/#website\"},\"datePublished\":\"2021-06-03T10:11:29+00:00\",\"dateModified\":\"2025-06-09T12:06:39+00:00\",\"description\":\"Achetez en ligne les meilleures bi\u00e8res artisanales suisses \ud83c\udde8\ud83c\udded sur la boutique BlackPig. D\u00e9couvrez notre large s\u00e9lection de bi\u00e8res locales, brass\u00e9es avec passion et savoir-faire. Livraison rapide et paiement s\u00e9curis\u00e9. Sant\u00e9!\",\"breadcrumb\":{\"@id\":\"https:\\\/\\\/www.blackpig.ch\\\/shop\\\/#breadcrumb\"},\"inLanguage\":\"it-IT\",\"potentialAction\":[{\"@type\":\"ReadAction\",\"target\":[\"https:\\\/\\\/www.blackpig.ch\\\/shop\\\/\"]}]},{\"@type\":\"BreadcrumbList\",\"@id\":\"https:\\\/\\\/www.blackpig.ch\\\/shop\\\/#breadcrumb\",\"itemListElement\":[{\"@type\":\"ListItem\",\"position\":1,\"name\":\"Accueil\",\"item\":\"https:\\\/\\\/www.blackpig.ch\\\/\"},{\"@type\":\"ListItem\",\"position\":2,\"name\":\"Shop &#8211; produits artisanaux du Jura\"}]},{\"@type\":\"WebSite\",\"@id\":\"http:\\\/\\\/www.blackpig.ch\\\/it\\\/#website\",\"url\":\"http:\\\/\\\/www.blackpig.ch\\\/it\\\/\",\"name\":\"Brasserie BlackPig\",\"description\":\"Jura Craft Beers\",\"publisher\":{\"@id\":\"http:\\\/\\\/www.blackpig.ch\\\/it\\\/#organization\"},\"alternateName\":\"BlackPig - Brasserie artisanale\",\"potentialAction\":[{\"@type\":\"SearchAction\",\"target\":{\"@type\":\"EntryPoint\",\"urlTemplate\":\"http:\\\/\\\/www.blackpig.ch\\\/it\\\/?s={search_term_string}\"},\"query-input\":{\"@type\":\"PropertyValueSpecification\",\"valueRequired\":true,\"valueName\":\"search_term_string\"}}],\"inLanguage\":\"it-IT\"},{\"@type\":\"Organization\",\"@id\":\"http:\\\/\\\/www.blackpig.ch\\\/it\\\/#organization\",\"name\":\"Brasserie BlackPig\",\"alternateName\":\"BlackPig - Brasserie artisanale\",\"url\":\"http:\\\/\\\/www.blackpig.ch\\\/it\\\/\",\"logo\":{\"@type\":\"ImageObject\",\"inLanguage\":\"it-IT\",\"@id\":\"http:\\\/\\\/www.blackpig.ch\\\/it\\\/#\\\/schema\\\/logo\\\/image\\\/\",\"url\":\"https:\\\/\\\/i0.wp.com\\\/www.blackpig.ch\\\/wp-content\\\/uploads\\\/2021\\\/06\\\/logo_blackpig.png?fit=300%2C200&ssl=1\",\"contentUrl\":\"https:\\\/\\\/i0.wp.com\\\/www.blackpig.ch\\\/wp-content\\\/uploads\\\/2021\\\/06\\\/logo_blackpig.png?fit=300%2C200&ssl=1\",\"width\":300,\"height\":200,\"caption\":\"Brasserie BlackPig\"},\"image\":{\"@id\":\"http:\\\/\\\/www.blackpig.ch\\\/it\\\/#\\\/schema\\\/logo\\\/image\\\/\"},\"sameAs\":[\"https:\\\/\\\/www.facebook.com\\\/BlackPig.Brew.Co\\\/\",\"https:\\\/\\\/www.instagram.com\\\/blackpig.brew.co\\\/\"]}]}<\/script>\n<!-- \/ Yoast SEO plugin. -->","yoast_head_json":{"title":"Acheter Bi\u00e8re Artisanale Suisse \ud83c\udde8\ud83c\udded | Boutique en Ligne BlackPig","description":"Achetez en ligne les meilleures bi\u00e8res artisanales suisses \ud83c\udde8\ud83c\udded sur la boutique BlackPig. D\u00e9couvrez notre large s\u00e9lection de bi\u00e8res locales, brass\u00e9es avec passion et savoir-faire. Livraison rapide et paiement s\u00e9curis\u00e9. Sant\u00e9!","robots":{"index":"index","follow":"follow","max-snippet":"max-snippet:-1","max-image-preview":"max-image-preview:large","max-video-preview":"max-video-preview:-1"},"canonical":"https:\/\/www.blackpig.ch\/it\/shop\/","og_locale":"it_IT","og_type":"article","og_title":"Acheter Bi\u00e8re Artisanale Suisse \ud83c\udde8\ud83c\udded | Boutique en Ligne BlackPig","og_description":"Achetez en ligne les meilleures bi\u00e8res artisanales suisses \ud83c\udde8\ud83c\udded sur la boutique BlackPig. D\u00e9couvrez notre large s\u00e9lection de bi\u00e8res locales, brass\u00e9es avec passion et savoir-faire. Livraison rapide et paiement s\u00e9curis\u00e9. Sant\u00e9!","og_url":"https:\/\/www.blackpig.ch\/it\/shop\/","og_site_name":"Brasserie BlackPig","article_publisher":"https:\/\/www.facebook.com\/BlackPig.Brew.Co\/","article_modified_time":"2025-06-09T12:06:39+00:00","og_image":[{"width":300,"height":200,"url":"https:\/\/www.blackpig.ch\/wp-content\/uploads\/2021\/06\/logo_blackpig.png","type":"image\/png"}],"twitter_card":"summary_large_image","schema":{"@context":"https:\/\/schema.org","@graph":[{"@type":"WebPage","@id":"https:\/\/www.blackpig.ch\/shop\/","url":"https:\/\/www.blackpig.ch\/shop\/","name":"Acheter Bi\u00e8re Artisanale Suisse \ud83c\udde8\ud83c\udded | Boutique en Ligne BlackPig","isPartOf":{"@id":"http:\/\/www.blackpig.ch\/it\/#website"},"datePublished":"2021-06-03T10:11:29+00:00","dateModified":"2025-06-09T12:06:39+00:00","description":"Achetez en ligne les meilleures bi\u00e8res artisanales suisses \ud83c\udde8\ud83c\udded sur la boutique BlackPig. D\u00e9couvrez notre large s\u00e9lection de bi\u00e8res locales, brass\u00e9es avec passion et savoir-faire. Livraison rapide et paiement s\u00e9curis\u00e9. Sant\u00e9!","breadcrumb":{"@id":"https:\/\/www.blackpig.ch\/shop\/#breadcrumb"},"inLanguage":"it-IT","potentialAction":[{"@type":"ReadAction","target":["https:\/\/www.blackpig.ch\/shop\/"]}]},{"@type":"BreadcrumbList","@id":"https:\/\/www.blackpig.ch\/shop\/#breadcrumb","itemListElement":[{"@type":"ListItem","position":1,"name":"Accueil","item":"https:\/\/www.blackpig.ch\/"},{"@type":"ListItem","position":2,"name":"Shop &#8211; produits artisanaux du Jura"}]},{"@type":"WebSite","@id":"http:\/\/www.blackpig.ch\/it\/#website","url":"http:\/\/www.blackpig.ch\/it\/","name":"Birrificio BlackPig","description":"Birre artigianali Jura","publisher":{"@id":"http:\/\/www.blackpig.ch\/it\/#organization"},"alternateName":"BlackPig - Brasserie artisanale","potentialAction":[{"@type":"SearchAction","target":{"@type":"EntryPoint","urlTemplate":"http:\/\/www.blackpig.ch\/it\/?s={search_term_string}"},"query-input":{"@type":"PropertyValueSpecification","valueRequired":true,"valueName":"search_term_string"}}],"inLanguage":"it-IT"},{"@type":"Organization","@id":"http:\/\/www.blackpig.ch\/it\/#organization","name":"Birrificio BlackPig","alternateName":"BlackPig - Brasserie artisanale","url":"http:\/\/www.blackpig.ch\/it\/","logo":{"@type":"ImageObject","inLanguage":"it-IT","@id":"http:\/\/www.blackpig.ch\/it\/#\/schema\/logo\/image\/","url":"https:\/\/i0.wp.com\/www.blackpig.ch\/wp-content\/uploads\/2021\/06\/logo_blackpig.png?fit=300%2C200&ssl=1","contentUrl":"https:\/\/i0.wp.com\/www.blackpig.ch\/wp-content\/uploads\/2021\/06\/logo_blackpig.png?fit=300%2C200&ssl=1","width":300,"height":200,"caption":"Brasserie BlackPig"},"image":{"@id":"http:\/\/www.blackpig.ch\/it\/#\/schema\/logo\/image\/"},"sameAs":["https:\/\/www.facebook.com\/BlackPig.Brew.Co\/","https:\/\/www.instagram.com\/blackpig.brew.co\/"]}]}},"_links":{"self":[{"href":"http:\/\/www.blackpig.ch\/it\/wp-json\/wp\/v2\/pages\/28845","targetHints":{"allow":["GET"]}}],"collection":[{"href":"http:\/\/www.blackpig.ch\/it\/wp-json\/wp\/v2\/pages"}],"about":[{"href":"http:\/\/www.blackpig.ch\/it\/wp-json\/wp\/v2\/types\/page"}],"author":[{"embeddable":true,"href":"http:\/\/www.blackpig.ch\/it\/wp-json\/wp\/v2\/users\/1"}],"replies":[{"embeddable":true,"href":"http:\/\/www.blackpig.ch\/it\/wp-json\/wp\/v2\/comments?post=28845"}],"version-history":[{"count":3,"href":"http:\/\/www.blackpig.ch\/it\/wp-json\/wp\/v2\/pages\/28845\/revisions"}],"predecessor-version":[{"id":40285,"href":"http:\/\/www.blackpig.ch\/it\/wp-json\/wp\/v2\/pages\/28845\/revisions\/40285"}],"wp:attachment":[{"href":"http:\/\/www.blackpig.ch\/it\/wp-json\/wp\/v2\/media?parent=28845"}],"curies":[{"name":"wp","href":"https:\/\/api.w.org\/{rel}","templated":true}]}}