{"id":40008,"date":"2024-10-30T14:55:26","date_gmt":"2024-10-30T13:55:26","guid":{"rendered":"https:\/\/www.blackpig.ch\/fr\/?post_type=product&#038;p=40008"},"modified":"2026-02-09T09:57:42","modified_gmt":"2026-02-09T08:57:42","slug":"lowradler-panache-sans-alcool","status":"publish","type":"product","link":"http:\/\/www.blackpig.ch\/fr\/shop\/blackpig_brew_comp\/lowradler-panache-sans-alcool\/","title":{"rendered":"LOWRADLER | La Panach\u00e9e Sans Alcool (<0.5%)"},"content":{"rendered":"","protected":false},"excerpt":{"rendered":"<p>\ud83c\udf89 D\u00e9couvrez LA LOWRADLER, le premier panach\u00e9 sans alcool du Jura ! \ud83c\udf4b\ud83c\udf7b<\/p>\n<p>La Brasserie BlackPig et JURASSIC SODA (Moutier) s\u2019associent pour vous offrir LA LOWRADLER, une boisson l\u00e9g\u00e8re, rafra\u00eechissante et 100% jurassienne ! \ud83c\udf3f<br \/>\nCe panach\u00e9 unique est issu d&rsquo;une collaboration locale et certifi\u00e9 R\u00e9gio-Garanti, ce qui signifie que tous les ingr\u00e9dients sont locaux ! \ud83d\ude0d<\/p>\n<p><strong>\ud83d\udcc5 Disponible d\u00e8s le 21 octobre<\/strong><br \/>\nRetrouvez LA LOWRADLER dans vos points de vente locaux \u00e0 partir du 21 octobre. Ne manquez pas cette nouvelle boisson sans alcool qui va ravir vos papilles ! \ud83d\ude0b<\/p>\n","protected":false},"featured_media":39854,"template":"","meta":[],"product_brand":[],"product_cat":[337,341],"product_tag":[],"class_list":{"0":"post-40008","1":"product","2":"type-product","3":"status-publish","4":"has-post-thumbnail","6":"product_cat-blackpig_brew_comp","7":"product_cat-jurassic-soda","9":"first","10":"instock","11":"taxable","12":"shipping-taxable","13":"purchasable","14":"product-type-simple"},"yoast_head":"<!-- This site is optimized with the Yoast SEO plugin v27.6 - https:\/\/yoast.com\/product\/yoast-seo-wordpress\/ -->\n<title>LOWRADLER | La Panach\u00e9e Sans Alcool (<\/title>\n<meta name=\"robots\" content=\"index, follow, max-snippet:-1, max-image-preview:large, max-video-preview:-1\" \/>\n<link rel=\"canonical\" href=\"https:\/\/www.blackpig.ch\/fr\/shop\/blackpig_brew_comp\/lowradler-panache-sans-alcool\/\" \/>\n<meta property=\"og:locale\" content=\"fr_FR\" \/>\n<meta property=\"og:type\" content=\"article\" \/>\n<meta property=\"og:title\" content=\"LOWRADLER | La Panach\u00e9e Sans Alcool (\" \/>\n<meta property=\"og:description\" content=\"\ud83c\udf89 D\u00e9couvrez LA LOWRADLER, le premier panach\u00e9 sans alcool du Jura ! \ud83c\udf4b\ud83c\udf7b  La Brasserie BlackPig et JURASSIC SODA (Moutier) s\u2019associent pour vous offrir LA LOWRADLER, une boisson l\u00e9g\u00e8re, rafra\u00eechissante et 100% jurassienne ! \ud83c\udf3f Ce panach\u00e9 unique est issu d&#039;une collaboration locale et certifi\u00e9 R\u00e9gio-Garanti, ce qui signifie que tous les ingr\u00e9dients sont locaux ! \ud83d\ude0d  \ud83d\udcc5 Disponible d\u00e8s le 21 octobre Retrouvez LA LOWRADLER dans vos points de vente locaux \u00e0 partir du 21 octobre. Ne manquez pas cette nouvelle boisson sans alcool qui va ravir vos papilles ! \ud83d\ude0b\" \/>\n<meta property=\"og:url\" content=\"https:\/\/www.blackpig.ch\/fr\/shop\/blackpig_brew_comp\/lowradler-panache-sans-alcool\/\" \/>\n<meta property=\"og:site_name\" content=\"Brasserie BlackPig\" \/>\n<meta property=\"article:publisher\" content=\"https:\/\/www.facebook.com\/BlackPig.Brew.Co\/\" \/>\n<meta property=\"article:modified_time\" content=\"2026-02-09T08:57:42+00:00\" \/>\n<meta property=\"og:image\" content=\"https:\/\/www.blackpig.ch\/wp-content\/uploads\/2024\/10\/1.webp\" \/>\n\t<meta property=\"og:image:width\" content=\"600\" \/>\n\t<meta property=\"og:image:height\" content=\"800\" \/>\n\t<meta property=\"og:image:type\" content=\"image\/webp\" \/>\n<meta name=\"twitter:card\" content=\"summary_large_image\" \/>\n<meta name=\"twitter:label1\" content=\"Dur\u00e9e de lecture estim\u00e9e\" \/>\n\t<meta name=\"twitter:data1\" content=\"1 minute\" \/>\n<script type=\"application\/ld+json\" class=\"yoast-schema-graph\">{\"@context\":\"https:\\\/\\\/schema.org\",\"@graph\":[{\"@type\":\"WebPage\",\"@id\":\"https:\\\/\\\/www.blackpig.ch\\\/shop\\\/blackpig_brew_comp\\\/lowradler-panache-sans-alcool\\\/\",\"url\":\"https:\\\/\\\/www.blackpig.ch\\\/shop\\\/blackpig_brew_comp\\\/lowradler-panache-sans-alcool\\\/\",\"name\":\"LOWRADLER | La Panach\u00e9e Sans Alcool (\",\"isPartOf\":{\"@id\":\"http:\\\/\\\/www.blackpig.ch\\\/it\\\/#website\"},\"primaryImageOfPage\":{\"@id\":\"https:\\\/\\\/www.blackpig.ch\\\/shop\\\/blackpig_brew_comp\\\/lowradler-panache-sans-alcool\\\/#primaryimage\"},\"image\":{\"@id\":\"https:\\\/\\\/www.blackpig.ch\\\/shop\\\/blackpig_brew_comp\\\/lowradler-panache-sans-alcool\\\/#primaryimage\"},\"thumbnailUrl\":\"https:\\\/\\\/www.blackpig.ch\\\/wp-content\\\/uploads\\\/2024\\\/10\\\/1.webp\",\"datePublished\":\"2024-10-30T13:55:26+00:00\",\"dateModified\":\"2026-02-09T08:57:42+00:00\",\"breadcrumb\":{\"@id\":\"https:\\\/\\\/www.blackpig.ch\\\/shop\\\/blackpig_brew_comp\\\/lowradler-panache-sans-alcool\\\/#breadcrumb\"},\"inLanguage\":\"fr-FR\",\"potentialAction\":[{\"@type\":\"ReadAction\",\"target\":[\"https:\\\/\\\/www.blackpig.ch\\\/shop\\\/blackpig_brew_comp\\\/lowradler-panache-sans-alcool\\\/\"]}]},{\"@type\":\"ImageObject\",\"inLanguage\":\"fr-FR\",\"@id\":\"https:\\\/\\\/www.blackpig.ch\\\/shop\\\/blackpig_brew_comp\\\/lowradler-panache-sans-alcool\\\/#primaryimage\",\"url\":\"https:\\\/\\\/www.blackpig.ch\\\/wp-content\\\/uploads\\\/2024\\\/10\\\/1.webp\",\"contentUrl\":\"https:\\\/\\\/www.blackpig.ch\\\/wp-content\\\/uploads\\\/2024\\\/10\\\/1.webp\",\"width\":600,\"height\":800},{\"@type\":\"BreadcrumbList\",\"@id\":\"https:\\\/\\\/www.blackpig.ch\\\/shop\\\/blackpig_brew_comp\\\/lowradler-panache-sans-alcool\\\/#breadcrumb\",\"itemListElement\":[{\"@type\":\"ListItem\",\"position\":1,\"name\":\"Accueil\",\"item\":\"https:\\\/\\\/www.blackpig.ch\\\/\"},{\"@type\":\"ListItem\",\"position\":2,\"name\":\"Shop &#8211; produits artisanaux du Jura\",\"item\":\"https:\\\/\\\/www.blackpig.ch\\\/shop\\\/\"},{\"@type\":\"ListItem\",\"position\":3,\"name\":\"LOWRADLER | La Panach\u00e9e Sans Alcool (\"}]},{\"@type\":\"WebSite\",\"@id\":\"http:\\\/\\\/www.blackpig.ch\\\/it\\\/#website\",\"url\":\"http:\\\/\\\/www.blackpig.ch\\\/it\\\/\",\"name\":\"Brasserie BlackPig\",\"description\":\"Jura Craft Beers\",\"publisher\":{\"@id\":\"http:\\\/\\\/www.blackpig.ch\\\/it\\\/#organization\"},\"alternateName\":\"BlackPig - Brasserie artisanale\",\"potentialAction\":[{\"@type\":\"SearchAction\",\"target\":{\"@type\":\"EntryPoint\",\"urlTemplate\":\"http:\\\/\\\/www.blackpig.ch\\\/it\\\/?s={search_term_string}\"},\"query-input\":{\"@type\":\"PropertyValueSpecification\",\"valueRequired\":true,\"valueName\":\"search_term_string\"}}],\"inLanguage\":\"fr-FR\"},{\"@type\":\"Organization\",\"@id\":\"http:\\\/\\\/www.blackpig.ch\\\/it\\\/#organization\",\"name\":\"Brasserie BlackPig\",\"alternateName\":\"BlackPig - Brasserie artisanale\",\"url\":\"http:\\\/\\\/www.blackpig.ch\\\/it\\\/\",\"logo\":{\"@type\":\"ImageObject\",\"inLanguage\":\"fr-FR\",\"@id\":\"http:\\\/\\\/www.blackpig.ch\\\/it\\\/#\\\/schema\\\/logo\\\/image\\\/\",\"url\":\"https:\\\/\\\/i0.wp.com\\\/www.blackpig.ch\\\/wp-content\\\/uploads\\\/2021\\\/06\\\/logo_blackpig.png?fit=300%2C200&ssl=1\",\"contentUrl\":\"https:\\\/\\\/i0.wp.com\\\/www.blackpig.ch\\\/wp-content\\\/uploads\\\/2021\\\/06\\\/logo_blackpig.png?fit=300%2C200&ssl=1\",\"width\":300,\"height\":200,\"caption\":\"Brasserie BlackPig\"},\"image\":{\"@id\":\"http:\\\/\\\/www.blackpig.ch\\\/it\\\/#\\\/schema\\\/logo\\\/image\\\/\"},\"sameAs\":[\"https:\\\/\\\/www.facebook.com\\\/BlackPig.Brew.Co\\\/\",\"https:\\\/\\\/www.instagram.com\\\/blackpig.brew.co\\\/\"]}]}<\/script>\n<!-- \/ Yoast SEO plugin. -->","yoast_head_json":{"title":"LOWRADLER | La Panach\u00e9e Sans Alcool (","robots":{"index":"index","follow":"follow","max-snippet":"max-snippet:-1","max-image-preview":"max-image-preview:large","max-video-preview":"max-video-preview:-1"},"canonical":"https:\/\/www.blackpig.ch\/fr\/shop\/blackpig_brew_comp\/lowradler-panache-sans-alcool\/","og_locale":"fr_FR","og_type":"article","og_title":"LOWRADLER | La Panach\u00e9e Sans Alcool (","og_description":"\ud83c\udf89 D\u00e9couvrez LA LOWRADLER, le premier panach\u00e9 sans alcool du Jura ! \ud83c\udf4b\ud83c\udf7b  La Brasserie BlackPig et JURASSIC SODA (Moutier) s\u2019associent pour vous offrir LA LOWRADLER, une boisson l\u00e9g\u00e8re, rafra\u00eechissante et 100% jurassienne ! \ud83c\udf3f Ce panach\u00e9 unique est issu d'une collaboration locale et certifi\u00e9 R\u00e9gio-Garanti, ce qui signifie que tous les ingr\u00e9dients sont locaux ! \ud83d\ude0d  \ud83d\udcc5 Disponible d\u00e8s le 21 octobre Retrouvez LA LOWRADLER dans vos points de vente locaux \u00e0 partir du 21 octobre. Ne manquez pas cette nouvelle boisson sans alcool qui va ravir vos papilles ! \ud83d\ude0b","og_url":"https:\/\/www.blackpig.ch\/fr\/shop\/blackpig_brew_comp\/lowradler-panache-sans-alcool\/","og_site_name":"Brasserie BlackPig","article_publisher":"https:\/\/www.facebook.com\/BlackPig.Brew.Co\/","article_modified_time":"2026-02-09T08:57:42+00:00","og_image":[{"width":600,"height":800,"url":"https:\/\/www.blackpig.ch\/wp-content\/uploads\/2024\/10\/1.webp","type":"image\/webp"}],"twitter_card":"summary_large_image","twitter_misc":{"Dur\u00e9e de lecture estim\u00e9e":"1 minute"},"schema":{"@context":"https:\/\/schema.org","@graph":[{"@type":"WebPage","@id":"https:\/\/www.blackpig.ch\/shop\/blackpig_brew_comp\/lowradler-panache-sans-alcool\/","url":"https:\/\/www.blackpig.ch\/shop\/blackpig_brew_comp\/lowradler-panache-sans-alcool\/","name":"LOWRADLER | La Panach\u00e9e Sans Alcool (","isPartOf":{"@id":"http:\/\/www.blackpig.ch\/it\/#website"},"primaryImageOfPage":{"@id":"https:\/\/www.blackpig.ch\/shop\/blackpig_brew_comp\/lowradler-panache-sans-alcool\/#primaryimage"},"image":{"@id":"https:\/\/www.blackpig.ch\/shop\/blackpig_brew_comp\/lowradler-panache-sans-alcool\/#primaryimage"},"thumbnailUrl":"https:\/\/www.blackpig.ch\/wp-content\/uploads\/2024\/10\/1.webp","datePublished":"2024-10-30T13:55:26+00:00","dateModified":"2026-02-09T08:57:42+00:00","breadcrumb":{"@id":"https:\/\/www.blackpig.ch\/shop\/blackpig_brew_comp\/lowradler-panache-sans-alcool\/#breadcrumb"},"inLanguage":"fr-FR","potentialAction":[{"@type":"ReadAction","target":["https:\/\/www.blackpig.ch\/shop\/blackpig_brew_comp\/lowradler-panache-sans-alcool\/"]}]},{"@type":"ImageObject","inLanguage":"fr-FR","@id":"https:\/\/www.blackpig.ch\/shop\/blackpig_brew_comp\/lowradler-panache-sans-alcool\/#primaryimage","url":"https:\/\/www.blackpig.ch\/wp-content\/uploads\/2024\/10\/1.webp","contentUrl":"https:\/\/www.blackpig.ch\/wp-content\/uploads\/2024\/10\/1.webp","width":600,"height":800},{"@type":"BreadcrumbList","@id":"https:\/\/www.blackpig.ch\/shop\/blackpig_brew_comp\/lowradler-panache-sans-alcool\/#breadcrumb","itemListElement":[{"@type":"ListItem","position":1,"name":"Accueil","item":"https:\/\/www.blackpig.ch\/"},{"@type":"ListItem","position":2,"name":"Shop &#8211; produits artisanaux du Jura","item":"https:\/\/www.blackpig.ch\/shop\/"},{"@type":"ListItem","position":3,"name":"LOWRADLER | La Panach\u00e9e Sans Alcool ("}]},{"@type":"WebSite","@id":"http:\/\/www.blackpig.ch\/it\/#website","url":"http:\/\/www.blackpig.ch\/it\/","name":"Brasserie BlackPig","description":"Jura Craft Beers","publisher":{"@id":"http:\/\/www.blackpig.ch\/it\/#organization"},"alternateName":"BlackPig - Brasserie artisanale","potentialAction":[{"@type":"SearchAction","target":{"@type":"EntryPoint","urlTemplate":"http:\/\/www.blackpig.ch\/it\/?s={search_term_string}"},"query-input":{"@type":"PropertyValueSpecification","valueRequired":true,"valueName":"search_term_string"}}],"inLanguage":"fr-FR"},{"@type":"Organization","@id":"http:\/\/www.blackpig.ch\/it\/#organization","name":"Brasserie BlackPig","alternateName":"BlackPig - Brasserie artisanale","url":"http:\/\/www.blackpig.ch\/it\/","logo":{"@type":"ImageObject","inLanguage":"fr-FR","@id":"http:\/\/www.blackpig.ch\/it\/#\/schema\/logo\/image\/","url":"https:\/\/i0.wp.com\/www.blackpig.ch\/wp-content\/uploads\/2021\/06\/logo_blackpig.png?fit=300%2C200&ssl=1","contentUrl":"https:\/\/i0.wp.com\/www.blackpig.ch\/wp-content\/uploads\/2021\/06\/logo_blackpig.png?fit=300%2C200&ssl=1","width":300,"height":200,"caption":"Brasserie BlackPig"},"image":{"@id":"http:\/\/www.blackpig.ch\/it\/#\/schema\/logo\/image\/"},"sameAs":["https:\/\/www.facebook.com\/BlackPig.Brew.Co\/","https:\/\/www.instagram.com\/blackpig.brew.co\/"]}]}},"_links":{"self":[{"href":"http:\/\/www.blackpig.ch\/fr\/wp-json\/wp\/v2\/product\/40008","targetHints":{"allow":["GET"]}}],"collection":[{"href":"http:\/\/www.blackpig.ch\/fr\/wp-json\/wp\/v2\/product"}],"about":[{"href":"http:\/\/www.blackpig.ch\/fr\/wp-json\/wp\/v2\/types\/product"}],"wp:featuredmedia":[{"embeddable":true,"href":"http:\/\/www.blackpig.ch\/fr\/wp-json\/wp\/v2\/media\/39854"}],"wp:attachment":[{"href":"http:\/\/www.blackpig.ch\/fr\/wp-json\/wp\/v2\/media?parent=40008"}],"wp:term":[{"taxonomy":"product_brand","embeddable":true,"href":"http:\/\/www.blackpig.ch\/fr\/wp-json\/wp\/v2\/product_brand?post=40008"},{"taxonomy":"product_cat","embeddable":true,"href":"http:\/\/www.blackpig.ch\/fr\/wp-json\/wp\/v2\/product_cat?post=40008"},{"taxonomy":"product_tag","embeddable":true,"href":"http:\/\/www.blackpig.ch\/fr\/wp-json\/wp\/v2\/product_tag?post=40008"}],"curies":[{"name":"wp","href":"https:\/\/api.w.org\/{rel}","templated":true}]}}