{"id":38243,"date":"2024-03-01T11:02:34","date_gmt":"2024-03-01T10:02:34","guid":{"rendered":"https:\/\/www.blackpig.ch\/fr\/shop\/non%20class\u00e9\/arishem-ddh-double-ipa-44cl\/"},"modified":"2026-04-11T21:35:50","modified_gmt":"2026-04-11T19:35:50","slug":"arishem-ddh-double-ipa-44cl","status":"publish","type":"product","link":"http:\/\/www.blackpig.ch\/fr\/shop\/tous-sales-promo\/arishem-ddh-double-ipa-44cl\/","title":{"rendered":"ARISHEM | DDH Double IPA (44cl)"},"content":{"rendered":"<p>L&rsquo;Arishem est une Double IPA doublement houblonn\u00e9e (DDH) qui c\u00e9l\u00e8bre la puissance des houblons. Brass\u00e9e avec amour par la Brasserie BlackPig, cette bi\u00e8re artisanale r\u00e9v\u00e8le des notes aromatiques complexes et fruit\u00e9es, gr\u00e2ce \u00e0 l&rsquo;utilisation g\u00e9n\u00e9reuse des houblons El Dorado et Idaho 7. Sa robe ambr\u00e9e et sa mousse onctueuse pr\u00e9figurent une d\u00e9gustation intense, o\u00f9 se m\u00ealent des saveurs d&rsquo;agrumes, de fruits tropicaux et de r\u00e9sine. Avec son taux d&rsquo;alcool de 7.9%, l&rsquo;Arishem offre une exp\u00e9rience gustative puissante et \u00e9quilibr\u00e9e.<\/p>\n","protected":false},"excerpt":{"rendered":"<p>L&rsquo;Arishem est une Double IPA doublement houblonn\u00e9e (DDH) qui c\u00e9l\u00e8bre la puissance des houblons. Brass\u00e9e avec amour par la Brasserie BlackPig, cette bi\u00e8re artisanale r\u00e9v\u00e8le des notes aromatiques complexes et fruit\u00e9es, gr\u00e2ce \u00e0 l&rsquo;utilisation g\u00e9n\u00e9reuse des houblons El Dorado et Idaho 7. Sa robe ambr\u00e9e et sa mousse onctueuse pr\u00e9figurent une d\u00e9gustation intense, o\u00f9 se m\u00ealent des saveurs d&rsquo;agrumes, de fruits tropicaux et de r\u00e9sine. Avec son taux d&rsquo;alcool de 7.9%, l&rsquo;Arishem offre une exp\u00e9rience gustative puissante et \u00e9quilibr\u00e9e.<\/p>\n","protected":false},"featured_media":38246,"template":"","meta":[],"product_brand":[],"product_cat":[337,250],"product_tag":[],"class_list":{"0":"post-38243","1":"product","2":"type-product","3":"status-publish","4":"has-post-thumbnail","6":"product_cat-blackpig_brew_comp","7":"product_cat-tous-sales-promo","9":"first","10":"instock","11":"sale","12":"taxable","13":"shipping-taxable","14":"purchasable","15":"product-type-simple"},"yoast_head":"<!-- This site is optimized with the Yoast SEO plugin v27.4 - https:\/\/yoast.com\/product\/yoast-seo-wordpress\/ -->\n<title>ARISHEM | DDH Double IPA (44cl) - Brasserie BlackPig<\/title>\n<meta name=\"description\" content=\"D\u00e9couvrez l&#039;Arishem, une DDH Double IPA explosive aux go\u00fbts de fruits tropicaux et d&#039;agrumes. Une exp\u00e9rience gustative intense assur\u00e9e.\" \/>\n<meta name=\"robots\" content=\"index, follow, max-snippet:-1, max-image-preview:large, max-video-preview:-1\" \/>\n<link rel=\"canonical\" href=\"https:\/\/www.blackpig.ch\/fr\/shop\/tous-sales-promo\/arishem-ddh-double-ipa-44cl\/\" \/>\n<meta property=\"og:locale\" content=\"fr_FR\" \/>\n<meta property=\"og:type\" content=\"article\" \/>\n<meta property=\"og:title\" content=\"ARISHEM | DDH Double IPA (44cl) - Brasserie BlackPig\" \/>\n<meta property=\"og:description\" content=\"D\u00e9couvrez l&#039;Arishem, une DDH Double IPA explosive aux go\u00fbts de fruits tropicaux et d&#039;agrumes. Une exp\u00e9rience gustative intense assur\u00e9e.\" \/>\n<meta property=\"og:url\" content=\"https:\/\/www.blackpig.ch\/fr\/shop\/tous-sales-promo\/arishem-ddh-double-ipa-44cl\/\" \/>\n<meta property=\"og:site_name\" content=\"Brasserie BlackPig\" \/>\n<meta property=\"article:publisher\" content=\"https:\/\/www.facebook.com\/BlackPig.Brew.Co\/\" \/>\n<meta property=\"article:modified_time\" content=\"2026-04-11T19:35:50+00:00\" \/>\n<meta property=\"og:image\" content=\"https:\/\/www.blackpig.ch\/wp-content\/uploads\/2024\/03\/BP-Canette-440-mockup-Arishem-scaled.jpg\" \/>\n\t<meta property=\"og:image:width\" content=\"1707\" \/>\n\t<meta property=\"og:image:height\" content=\"2560\" \/>\n\t<meta property=\"og:image:type\" content=\"image\/jpeg\" \/>\n<meta name=\"twitter:card\" content=\"summary_large_image\" \/>\n<meta name=\"twitter:label1\" content=\"Dur\u00e9e de lecture estim\u00e9e\" \/>\n\t<meta name=\"twitter:data1\" content=\"1 minute\" \/>\n<script type=\"application\/ld+json\" class=\"yoast-schema-graph\">{\"@context\":\"https:\\\/\\\/schema.org\",\"@graph\":[{\"@type\":\"WebPage\",\"@id\":\"https:\\\/\\\/www.blackpig.ch\\\/shop\\\/tous-sales-promo\\\/arishem-ddh-double-ipa-44cl\\\/\",\"url\":\"https:\\\/\\\/www.blackpig.ch\\\/shop\\\/tous-sales-promo\\\/arishem-ddh-double-ipa-44cl\\\/\",\"name\":\"ARISHEM | DDH Double IPA (44cl) - Brasserie BlackPig\",\"isPartOf\":{\"@id\":\"http:\\\/\\\/www.blackpig.ch\\\/it\\\/#website\"},\"primaryImageOfPage\":{\"@id\":\"https:\\\/\\\/www.blackpig.ch\\\/shop\\\/tous-sales-promo\\\/arishem-ddh-double-ipa-44cl\\\/#primaryimage\"},\"image\":{\"@id\":\"https:\\\/\\\/www.blackpig.ch\\\/shop\\\/tous-sales-promo\\\/arishem-ddh-double-ipa-44cl\\\/#primaryimage\"},\"thumbnailUrl\":\"https:\\\/\\\/www.blackpig.ch\\\/wp-content\\\/uploads\\\/2024\\\/03\\\/BP-Canette-440-mockup-Arishem-scaled.jpg\",\"datePublished\":\"2024-03-01T10:02:34+00:00\",\"dateModified\":\"2026-04-11T19:35:50+00:00\",\"description\":\"D\u00e9couvrez l'Arishem, une DDH Double IPA explosive aux go\u00fbts de fruits tropicaux et d'agrumes. Une exp\u00e9rience gustative intense assur\u00e9e.\",\"breadcrumb\":{\"@id\":\"https:\\\/\\\/www.blackpig.ch\\\/shop\\\/tous-sales-promo\\\/arishem-ddh-double-ipa-44cl\\\/#breadcrumb\"},\"inLanguage\":\"fr-FR\",\"potentialAction\":[{\"@type\":\"ReadAction\",\"target\":[\"https:\\\/\\\/www.blackpig.ch\\\/shop\\\/tous-sales-promo\\\/arishem-ddh-double-ipa-44cl\\\/\"]}]},{\"@type\":\"ImageObject\",\"inLanguage\":\"fr-FR\",\"@id\":\"https:\\\/\\\/www.blackpig.ch\\\/shop\\\/tous-sales-promo\\\/arishem-ddh-double-ipa-44cl\\\/#primaryimage\",\"url\":\"https:\\\/\\\/www.blackpig.ch\\\/wp-content\\\/uploads\\\/2024\\\/03\\\/BP-Canette-440-mockup-Arishem-scaled.jpg\",\"contentUrl\":\"https:\\\/\\\/www.blackpig.ch\\\/wp-content\\\/uploads\\\/2024\\\/03\\\/BP-Canette-440-mockup-Arishem-scaled.jpg\",\"width\":1707,\"height\":2560},{\"@type\":\"BreadcrumbList\",\"@id\":\"https:\\\/\\\/www.blackpig.ch\\\/shop\\\/tous-sales-promo\\\/arishem-ddh-double-ipa-44cl\\\/#breadcrumb\",\"itemListElement\":[{\"@type\":\"ListItem\",\"position\":1,\"name\":\"Accueil\",\"item\":\"https:\\\/\\\/www.blackpig.ch\\\/\"},{\"@type\":\"ListItem\",\"position\":2,\"name\":\"Shop &#8211; produits artisanaux du Jura\",\"item\":\"https:\\\/\\\/www.blackpig.ch\\\/shop\\\/\"},{\"@type\":\"ListItem\",\"position\":3,\"name\":\"ARISHEM | DDH Double IPA (44cl)\"}]},{\"@type\":\"WebSite\",\"@id\":\"http:\\\/\\\/www.blackpig.ch\\\/it\\\/#website\",\"url\":\"http:\\\/\\\/www.blackpig.ch\\\/it\\\/\",\"name\":\"Brasserie BlackPig\",\"description\":\"Jura Craft Beers\",\"publisher\":{\"@id\":\"http:\\\/\\\/www.blackpig.ch\\\/it\\\/#organization\"},\"alternateName\":\"BlackPig - Brasserie artisanale\",\"potentialAction\":[{\"@type\":\"SearchAction\",\"target\":{\"@type\":\"EntryPoint\",\"urlTemplate\":\"http:\\\/\\\/www.blackpig.ch\\\/it\\\/?s={search_term_string}\"},\"query-input\":{\"@type\":\"PropertyValueSpecification\",\"valueRequired\":true,\"valueName\":\"search_term_string\"}}],\"inLanguage\":\"fr-FR\"},{\"@type\":\"Organization\",\"@id\":\"http:\\\/\\\/www.blackpig.ch\\\/it\\\/#organization\",\"name\":\"Brasserie BlackPig\",\"alternateName\":\"BlackPig - Brasserie artisanale\",\"url\":\"http:\\\/\\\/www.blackpig.ch\\\/it\\\/\",\"logo\":{\"@type\":\"ImageObject\",\"inLanguage\":\"fr-FR\",\"@id\":\"http:\\\/\\\/www.blackpig.ch\\\/it\\\/#\\\/schema\\\/logo\\\/image\\\/\",\"url\":\"https:\\\/\\\/i0.wp.com\\\/www.blackpig.ch\\\/wp-content\\\/uploads\\\/2021\\\/06\\\/logo_blackpig.png?fit=300%2C200&ssl=1\",\"contentUrl\":\"https:\\\/\\\/i0.wp.com\\\/www.blackpig.ch\\\/wp-content\\\/uploads\\\/2021\\\/06\\\/logo_blackpig.png?fit=300%2C200&ssl=1\",\"width\":300,\"height\":200,\"caption\":\"Brasserie BlackPig\"},\"image\":{\"@id\":\"http:\\\/\\\/www.blackpig.ch\\\/it\\\/#\\\/schema\\\/logo\\\/image\\\/\"},\"sameAs\":[\"https:\\\/\\\/www.facebook.com\\\/BlackPig.Brew.Co\\\/\",\"https:\\\/\\\/www.instagram.com\\\/blackpig.brew.co\\\/\"]}]}<\/script>\n<!-- \/ Yoast SEO plugin. -->","yoast_head_json":{"title":"ARISHEM | DDH Double IPA (44cl) - Brasserie BlackPig","description":"D\u00e9couvrez l'Arishem, une DDH Double IPA explosive aux go\u00fbts de fruits tropicaux et d'agrumes. Une exp\u00e9rience gustative intense assur\u00e9e.","robots":{"index":"index","follow":"follow","max-snippet":"max-snippet:-1","max-image-preview":"max-image-preview:large","max-video-preview":"max-video-preview:-1"},"canonical":"https:\/\/www.blackpig.ch\/fr\/shop\/tous-sales-promo\/arishem-ddh-double-ipa-44cl\/","og_locale":"fr_FR","og_type":"article","og_title":"ARISHEM | DDH Double IPA (44cl) - Brasserie BlackPig","og_description":"D\u00e9couvrez l'Arishem, une DDH Double IPA explosive aux go\u00fbts de fruits tropicaux et d'agrumes. Une exp\u00e9rience gustative intense assur\u00e9e.","og_url":"https:\/\/www.blackpig.ch\/fr\/shop\/tous-sales-promo\/arishem-ddh-double-ipa-44cl\/","og_site_name":"Brasserie BlackPig","article_publisher":"https:\/\/www.facebook.com\/BlackPig.Brew.Co\/","article_modified_time":"2026-04-11T19:35:50+00:00","og_image":[{"width":1707,"height":2560,"url":"https:\/\/www.blackpig.ch\/wp-content\/uploads\/2024\/03\/BP-Canette-440-mockup-Arishem-scaled.jpg","type":"image\/jpeg"}],"twitter_card":"summary_large_image","twitter_misc":{"Dur\u00e9e de lecture estim\u00e9e":"1 minute"},"schema":{"@context":"https:\/\/schema.org","@graph":[{"@type":"WebPage","@id":"https:\/\/www.blackpig.ch\/shop\/tous-sales-promo\/arishem-ddh-double-ipa-44cl\/","url":"https:\/\/www.blackpig.ch\/shop\/tous-sales-promo\/arishem-ddh-double-ipa-44cl\/","name":"ARISHEM | DDH Double IPA (44cl) - Brasserie BlackPig","isPartOf":{"@id":"http:\/\/www.blackpig.ch\/it\/#website"},"primaryImageOfPage":{"@id":"https:\/\/www.blackpig.ch\/shop\/tous-sales-promo\/arishem-ddh-double-ipa-44cl\/#primaryimage"},"image":{"@id":"https:\/\/www.blackpig.ch\/shop\/tous-sales-promo\/arishem-ddh-double-ipa-44cl\/#primaryimage"},"thumbnailUrl":"https:\/\/www.blackpig.ch\/wp-content\/uploads\/2024\/03\/BP-Canette-440-mockup-Arishem-scaled.jpg","datePublished":"2024-03-01T10:02:34+00:00","dateModified":"2026-04-11T19:35:50+00:00","description":"D\u00e9couvrez l'Arishem, une DDH Double IPA explosive aux go\u00fbts de fruits tropicaux et d'agrumes. Une exp\u00e9rience gustative intense assur\u00e9e.","breadcrumb":{"@id":"https:\/\/www.blackpig.ch\/shop\/tous-sales-promo\/arishem-ddh-double-ipa-44cl\/#breadcrumb"},"inLanguage":"fr-FR","potentialAction":[{"@type":"ReadAction","target":["https:\/\/www.blackpig.ch\/shop\/tous-sales-promo\/arishem-ddh-double-ipa-44cl\/"]}]},{"@type":"ImageObject","inLanguage":"fr-FR","@id":"https:\/\/www.blackpig.ch\/shop\/tous-sales-promo\/arishem-ddh-double-ipa-44cl\/#primaryimage","url":"https:\/\/www.blackpig.ch\/wp-content\/uploads\/2024\/03\/BP-Canette-440-mockup-Arishem-scaled.jpg","contentUrl":"https:\/\/www.blackpig.ch\/wp-content\/uploads\/2024\/03\/BP-Canette-440-mockup-Arishem-scaled.jpg","width":1707,"height":2560},{"@type":"BreadcrumbList","@id":"https:\/\/www.blackpig.ch\/shop\/tous-sales-promo\/arishem-ddh-double-ipa-44cl\/#breadcrumb","itemListElement":[{"@type":"ListItem","position":1,"name":"Accueil","item":"https:\/\/www.blackpig.ch\/"},{"@type":"ListItem","position":2,"name":"Shop &#8211; produits artisanaux du Jura","item":"https:\/\/www.blackpig.ch\/shop\/"},{"@type":"ListItem","position":3,"name":"ARISHEM | DDH Double IPA (44cl)"}]},{"@type":"WebSite","@id":"http:\/\/www.blackpig.ch\/it\/#website","url":"http:\/\/www.blackpig.ch\/it\/","name":"Brasserie BlackPig","description":"Jura Craft Beers","publisher":{"@id":"http:\/\/www.blackpig.ch\/it\/#organization"},"alternateName":"BlackPig - Brasserie artisanale","potentialAction":[{"@type":"SearchAction","target":{"@type":"EntryPoint","urlTemplate":"http:\/\/www.blackpig.ch\/it\/?s={search_term_string}"},"query-input":{"@type":"PropertyValueSpecification","valueRequired":true,"valueName":"search_term_string"}}],"inLanguage":"fr-FR"},{"@type":"Organization","@id":"http:\/\/www.blackpig.ch\/it\/#organization","name":"Brasserie BlackPig","alternateName":"BlackPig - Brasserie artisanale","url":"http:\/\/www.blackpig.ch\/it\/","logo":{"@type":"ImageObject","inLanguage":"fr-FR","@id":"http:\/\/www.blackpig.ch\/it\/#\/schema\/logo\/image\/","url":"https:\/\/i0.wp.com\/www.blackpig.ch\/wp-content\/uploads\/2021\/06\/logo_blackpig.png?fit=300%2C200&ssl=1","contentUrl":"https:\/\/i0.wp.com\/www.blackpig.ch\/wp-content\/uploads\/2021\/06\/logo_blackpig.png?fit=300%2C200&ssl=1","width":300,"height":200,"caption":"Brasserie BlackPig"},"image":{"@id":"http:\/\/www.blackpig.ch\/it\/#\/schema\/logo\/image\/"},"sameAs":["https:\/\/www.facebook.com\/BlackPig.Brew.Co\/","https:\/\/www.instagram.com\/blackpig.brew.co\/"]}]}},"_links":{"self":[{"href":"http:\/\/www.blackpig.ch\/fr\/wp-json\/wp\/v2\/product\/38243","targetHints":{"allow":["GET"]}}],"collection":[{"href":"http:\/\/www.blackpig.ch\/fr\/wp-json\/wp\/v2\/product"}],"about":[{"href":"http:\/\/www.blackpig.ch\/fr\/wp-json\/wp\/v2\/types\/product"}],"wp:featuredmedia":[{"embeddable":true,"href":"http:\/\/www.blackpig.ch\/fr\/wp-json\/wp\/v2\/media\/38246"}],"wp:attachment":[{"href":"http:\/\/www.blackpig.ch\/fr\/wp-json\/wp\/v2\/media?parent=38243"}],"wp:term":[{"taxonomy":"product_brand","embeddable":true,"href":"http:\/\/www.blackpig.ch\/fr\/wp-json\/wp\/v2\/product_brand?post=38243"},{"taxonomy":"product_cat","embeddable":true,"href":"http:\/\/www.blackpig.ch\/fr\/wp-json\/wp\/v2\/product_cat?post=38243"},{"taxonomy":"product_tag","embeddable":true,"href":"http:\/\/www.blackpig.ch\/fr\/wp-json\/wp\/v2\/product_tag?post=38243"}],"curies":[{"name":"wp","href":"https:\/\/api.w.org\/{rel}","templated":true}]}}