{"id":29517,"date":"2022-02-02T09:14:17","date_gmt":"2022-02-02T08:14:17","guid":{"rendered":"https:\/\/ww2.blackpig.ch\/fr\/produit\/pig-ale-la-fausse-blonde-33cl\/"},"modified":"2026-02-09T09:54:53","modified_gmt":"2026-02-09T08:54:53","slug":"pig-ale-la-fausse-blonde-33cl","status":"publish","type":"product","link":"http:\/\/www.blackpig.ch\/fr\/shop\/blackpig_brew_comp\/pig-ale-la-fausse-blonde-33cl\/","title":{"rendered":"PIG-ALE | La Fausse Blonde (33cl)"},"content":{"rendered":"<p>Une belle blonde! On parle toujours de la bi\u00e8re, hein\u2026 Partons du c\u00f4t\u00e9 des Etats-Unis avec une bi\u00e8re bien dor\u00e9e, l\u00e9g\u00e8rement trouble, qui laisse une belle mousse blanche qui fait envie\u00a0! Un nez fruit\u00e9, tr\u00e8s engageant, qui fait ressortir des notes de fruits exotiques. On est en vacances avec la Pig-Ale, c\u2019est parti\u2026 Soyeuse en bouche, bien fruit\u00e9e (toujours ces notes exotiques) et avec une touche crispy de c\u00e9r\u00e9ales. On pourrait penser \u00e0 une bi\u00e8re am\u00e8re vu son style, mais pas trop, justement\u2026 L\u2019\u00e9quilibre est g\u00e9nial entre les copains houblons fruit\u00e9s et am\u00e9risants. A boire sans mod\u00e9ration. Une initiation id\u00e9ale avant de passer aux IPA\u00a0!<\/p>\n<p>Description par Alain Kaehr, sommelier de la bi\u00e8re \u2764<\/p>\n","protected":false},"excerpt":{"rendered":"<p>Une belle blonde! On parle toujours de la bi\u00e8re, hein\u2026 Partons du c\u00f4t\u00e9 des Etats-Unis avec une bi\u00e8re bien dor\u00e9e, l\u00e9g\u00e8rement trouble, qui laisse une belle mousse blanche qui fait envie\u00a0! Un nez fruit\u00e9, tr\u00e8s engageant, qui fait ressortir des notes de fruits exotiques. On est en vacances avec la Pig-Ale, c\u2019est parti\u2026 Soyeuse en bouche, bien fruit\u00e9e (toujours ces notes exotiques) et avec une touche crispy de c\u00e9r\u00e9ales. On pourrait penser \u00e0 une bi\u00e8re am\u00e8re vu son style, mais pas trop, justement\u2026 L\u2019\u00e9quilibre est g\u00e9nial entre les copains houblons fruit\u00e9s et am\u00e9risants. A boire sans mod\u00e9ration. Une initiation id\u00e9ale avant de passer aux IPA\u00a0!<\/p>\n<p>Description par Alain Kaehr, sommelier de la bi\u00e8re \u2764<\/p>\n<p><strong>\ud83d\udca1\u00a0Commandez un carton de 24 bouteilles et recevez un rabais de 5%<em data-start=\"1844\" data-end=\"1958\"><br \/>\n<\/em><\/strong>Chf 3.9 : prix bouteille \u00e0 l&rsquo;unit\u00e9<br \/>\nChf 3.705 : prix bouteille en box de 24<\/p>\n","protected":false},"featured_media":38527,"template":"","meta":[],"product_brand":[],"product_cat":[337],"product_tag":[],"class_list":{"0":"post-29517","1":"product","2":"type-product","3":"status-publish","4":"has-post-thumbnail","6":"product_cat-blackpig_brew_comp","8":"first","9":"instock","10":"taxable","11":"shipping-taxable","12":"purchasable","13":"product-type-variable","14":"has-default-attributes"},"yoast_head":"<!-- This site is optimized with the Yoast SEO plugin v27.4 - https:\/\/yoast.com\/product\/yoast-seo-wordpress\/ -->\n<title>PIG-ALE | La Fausse Blonde (33cl) - Brasserie BlackPig<\/title>\n<meta name=\"description\" content=\"Une bi\u00e8re blonde am\u00e9ricaine rafra\u00eechissante et fruit\u00e9e, parfaite pour l&#039;\u00e9t\u00e9. Notes d&#039;agrumes et de c\u00e9r\u00e9ales pour une d\u00e9gustation \u00e9quilibr\u00e9e.\" \/>\n<meta name=\"robots\" content=\"index, follow, max-snippet:-1, max-image-preview:large, max-video-preview:-1\" \/>\n<link rel=\"canonical\" href=\"https:\/\/www.blackpig.ch\/fr\/shop\/blackpig_brew_comp\/pig-ale-la-fausse-blonde-33cl\/\" \/>\n<meta property=\"og:locale\" content=\"fr_FR\" \/>\n<meta property=\"og:type\" content=\"article\" \/>\n<meta property=\"og:title\" content=\"PIG-ALE | La Fausse Blonde (33cl) - Brasserie BlackPig\" \/>\n<meta property=\"og:description\" content=\"Une bi\u00e8re blonde am\u00e9ricaine rafra\u00eechissante et fruit\u00e9e, parfaite pour l&#039;\u00e9t\u00e9. Notes d&#039;agrumes et de c\u00e9r\u00e9ales pour une d\u00e9gustation \u00e9quilibr\u00e9e.\" \/>\n<meta property=\"og:url\" content=\"https:\/\/www.blackpig.ch\/fr\/shop\/blackpig_brew_comp\/pig-ale-la-fausse-blonde-33cl\/\" \/>\n<meta property=\"og:site_name\" content=\"Brasserie BlackPig\" \/>\n<meta property=\"article:publisher\" content=\"https:\/\/www.facebook.com\/BlackPig.Brew.Co\/\" \/>\n<meta property=\"article:modified_time\" content=\"2026-02-09T08:54:53+00:00\" \/>\n<meta property=\"og:image\" content=\"https:\/\/www.blackpig.ch\/wp-content\/uploads\/2022\/02\/PIG-ALE.jpg\" \/>\n\t<meta property=\"og:image:width\" content=\"1410\" \/>\n\t<meta property=\"og:image:height\" content=\"2000\" \/>\n\t<meta property=\"og:image:type\" content=\"image\/jpeg\" \/>\n<meta name=\"twitter:card\" content=\"summary_large_image\" \/>\n<meta name=\"twitter:label1\" content=\"Dur\u00e9e de lecture estim\u00e9e\" \/>\n\t<meta name=\"twitter:data1\" content=\"1 minute\" \/>\n<script type=\"application\/ld+json\" class=\"yoast-schema-graph\">{\"@context\":\"https:\\\/\\\/schema.org\",\"@graph\":[{\"@type\":\"WebPage\",\"@id\":\"https:\\\/\\\/www.blackpig.ch\\\/shop\\\/blackpig_brew_comp\\\/pig-ale-la-fausse-blonde-33cl\\\/\",\"url\":\"https:\\\/\\\/www.blackpig.ch\\\/shop\\\/blackpig_brew_comp\\\/pig-ale-la-fausse-blonde-33cl\\\/\",\"name\":\"PIG-ALE | La Fausse Blonde (33cl) - Brasserie BlackPig\",\"isPartOf\":{\"@id\":\"http:\\\/\\\/www.blackpig.ch\\\/it\\\/#website\"},\"primaryImageOfPage\":{\"@id\":\"https:\\\/\\\/www.blackpig.ch\\\/shop\\\/blackpig_brew_comp\\\/pig-ale-la-fausse-blonde-33cl\\\/#primaryimage\"},\"image\":{\"@id\":\"https:\\\/\\\/www.blackpig.ch\\\/shop\\\/blackpig_brew_comp\\\/pig-ale-la-fausse-blonde-33cl\\\/#primaryimage\"},\"thumbnailUrl\":\"https:\\\/\\\/www.blackpig.ch\\\/wp-content\\\/uploads\\\/2022\\\/02\\\/PIG-ALE.jpg\",\"datePublished\":\"2022-02-02T08:14:17+00:00\",\"dateModified\":\"2026-02-09T08:54:53+00:00\",\"description\":\"Une bi\u00e8re blonde am\u00e9ricaine rafra\u00eechissante et fruit\u00e9e, parfaite pour l'\u00e9t\u00e9. Notes d'agrumes et de c\u00e9r\u00e9ales pour une d\u00e9gustation \u00e9quilibr\u00e9e.\",\"breadcrumb\":{\"@id\":\"https:\\\/\\\/www.blackpig.ch\\\/shop\\\/blackpig_brew_comp\\\/pig-ale-la-fausse-blonde-33cl\\\/#breadcrumb\"},\"inLanguage\":\"fr-FR\",\"potentialAction\":[{\"@type\":\"ReadAction\",\"target\":[\"https:\\\/\\\/www.blackpig.ch\\\/shop\\\/blackpig_brew_comp\\\/pig-ale-la-fausse-blonde-33cl\\\/\"]}]},{\"@type\":\"ImageObject\",\"inLanguage\":\"fr-FR\",\"@id\":\"https:\\\/\\\/www.blackpig.ch\\\/shop\\\/blackpig_brew_comp\\\/pig-ale-la-fausse-blonde-33cl\\\/#primaryimage\",\"url\":\"https:\\\/\\\/www.blackpig.ch\\\/wp-content\\\/uploads\\\/2022\\\/02\\\/PIG-ALE.jpg\",\"contentUrl\":\"https:\\\/\\\/www.blackpig.ch\\\/wp-content\\\/uploads\\\/2022\\\/02\\\/PIG-ALE.jpg\",\"width\":1410,\"height\":2000},{\"@type\":\"BreadcrumbList\",\"@id\":\"https:\\\/\\\/www.blackpig.ch\\\/shop\\\/blackpig_brew_comp\\\/pig-ale-la-fausse-blonde-33cl\\\/#breadcrumb\",\"itemListElement\":[{\"@type\":\"ListItem\",\"position\":1,\"name\":\"Accueil\",\"item\":\"https:\\\/\\\/www.blackpig.ch\\\/\"},{\"@type\":\"ListItem\",\"position\":2,\"name\":\"Shop &#8211; produits artisanaux du Jura\",\"item\":\"https:\\\/\\\/www.blackpig.ch\\\/shop\\\/\"},{\"@type\":\"ListItem\",\"position\":3,\"name\":\"PIG-ALE | La Fausse Blonde (33cl)\"}]},{\"@type\":\"WebSite\",\"@id\":\"http:\\\/\\\/www.blackpig.ch\\\/it\\\/#website\",\"url\":\"http:\\\/\\\/www.blackpig.ch\\\/it\\\/\",\"name\":\"Brasserie BlackPig\",\"description\":\"Jura Craft Beers\",\"publisher\":{\"@id\":\"http:\\\/\\\/www.blackpig.ch\\\/it\\\/#organization\"},\"alternateName\":\"BlackPig - Brasserie artisanale\",\"potentialAction\":[{\"@type\":\"SearchAction\",\"target\":{\"@type\":\"EntryPoint\",\"urlTemplate\":\"http:\\\/\\\/www.blackpig.ch\\\/it\\\/?s={search_term_string}\"},\"query-input\":{\"@type\":\"PropertyValueSpecification\",\"valueRequired\":true,\"valueName\":\"search_term_string\"}}],\"inLanguage\":\"fr-FR\"},{\"@type\":\"Organization\",\"@id\":\"http:\\\/\\\/www.blackpig.ch\\\/it\\\/#organization\",\"name\":\"Brasserie BlackPig\",\"alternateName\":\"BlackPig - Brasserie artisanale\",\"url\":\"http:\\\/\\\/www.blackpig.ch\\\/it\\\/\",\"logo\":{\"@type\":\"ImageObject\",\"inLanguage\":\"fr-FR\",\"@id\":\"http:\\\/\\\/www.blackpig.ch\\\/it\\\/#\\\/schema\\\/logo\\\/image\\\/\",\"url\":\"https:\\\/\\\/i0.wp.com\\\/www.blackpig.ch\\\/wp-content\\\/uploads\\\/2021\\\/06\\\/logo_blackpig.png?fit=300%2C200&ssl=1\",\"contentUrl\":\"https:\\\/\\\/i0.wp.com\\\/www.blackpig.ch\\\/wp-content\\\/uploads\\\/2021\\\/06\\\/logo_blackpig.png?fit=300%2C200&ssl=1\",\"width\":300,\"height\":200,\"caption\":\"Brasserie BlackPig\"},\"image\":{\"@id\":\"http:\\\/\\\/www.blackpig.ch\\\/it\\\/#\\\/schema\\\/logo\\\/image\\\/\"},\"sameAs\":[\"https:\\\/\\\/www.facebook.com\\\/BlackPig.Brew.Co\\\/\",\"https:\\\/\\\/www.instagram.com\\\/blackpig.brew.co\\\/\"]}]}<\/script>\n<!-- \/ Yoast SEO plugin. -->","yoast_head_json":{"title":"PIG-ALE | La Fausse Blonde (33cl) - Brasserie BlackPig","description":"Une bi\u00e8re blonde am\u00e9ricaine rafra\u00eechissante et fruit\u00e9e, parfaite pour l'\u00e9t\u00e9. Notes d'agrumes et de c\u00e9r\u00e9ales pour une d\u00e9gustation \u00e9quilibr\u00e9e.","robots":{"index":"index","follow":"follow","max-snippet":"max-snippet:-1","max-image-preview":"max-image-preview:large","max-video-preview":"max-video-preview:-1"},"canonical":"https:\/\/www.blackpig.ch\/fr\/shop\/blackpig_brew_comp\/pig-ale-la-fausse-blonde-33cl\/","og_locale":"fr_FR","og_type":"article","og_title":"PIG-ALE | La Fausse Blonde (33cl) - Brasserie BlackPig","og_description":"Une bi\u00e8re blonde am\u00e9ricaine rafra\u00eechissante et fruit\u00e9e, parfaite pour l'\u00e9t\u00e9. Notes d'agrumes et de c\u00e9r\u00e9ales pour une d\u00e9gustation \u00e9quilibr\u00e9e.","og_url":"https:\/\/www.blackpig.ch\/fr\/shop\/blackpig_brew_comp\/pig-ale-la-fausse-blonde-33cl\/","og_site_name":"Brasserie BlackPig","article_publisher":"https:\/\/www.facebook.com\/BlackPig.Brew.Co\/","article_modified_time":"2026-02-09T08:54:53+00:00","og_image":[{"width":1410,"height":2000,"url":"https:\/\/www.blackpig.ch\/wp-content\/uploads\/2022\/02\/PIG-ALE.jpg","type":"image\/jpeg"}],"twitter_card":"summary_large_image","twitter_misc":{"Dur\u00e9e de lecture estim\u00e9e":"1 minute"},"schema":{"@context":"https:\/\/schema.org","@graph":[{"@type":"WebPage","@id":"https:\/\/www.blackpig.ch\/shop\/blackpig_brew_comp\/pig-ale-la-fausse-blonde-33cl\/","url":"https:\/\/www.blackpig.ch\/shop\/blackpig_brew_comp\/pig-ale-la-fausse-blonde-33cl\/","name":"PIG-ALE | La Fausse Blonde (33cl) - Brasserie BlackPig","isPartOf":{"@id":"http:\/\/www.blackpig.ch\/it\/#website"},"primaryImageOfPage":{"@id":"https:\/\/www.blackpig.ch\/shop\/blackpig_brew_comp\/pig-ale-la-fausse-blonde-33cl\/#primaryimage"},"image":{"@id":"https:\/\/www.blackpig.ch\/shop\/blackpig_brew_comp\/pig-ale-la-fausse-blonde-33cl\/#primaryimage"},"thumbnailUrl":"https:\/\/www.blackpig.ch\/wp-content\/uploads\/2022\/02\/PIG-ALE.jpg","datePublished":"2022-02-02T08:14:17+00:00","dateModified":"2026-02-09T08:54:53+00:00","description":"Une bi\u00e8re blonde am\u00e9ricaine rafra\u00eechissante et fruit\u00e9e, parfaite pour l'\u00e9t\u00e9. Notes d'agrumes et de c\u00e9r\u00e9ales pour une d\u00e9gustation \u00e9quilibr\u00e9e.","breadcrumb":{"@id":"https:\/\/www.blackpig.ch\/shop\/blackpig_brew_comp\/pig-ale-la-fausse-blonde-33cl\/#breadcrumb"},"inLanguage":"fr-FR","potentialAction":[{"@type":"ReadAction","target":["https:\/\/www.blackpig.ch\/shop\/blackpig_brew_comp\/pig-ale-la-fausse-blonde-33cl\/"]}]},{"@type":"ImageObject","inLanguage":"fr-FR","@id":"https:\/\/www.blackpig.ch\/shop\/blackpig_brew_comp\/pig-ale-la-fausse-blonde-33cl\/#primaryimage","url":"https:\/\/www.blackpig.ch\/wp-content\/uploads\/2022\/02\/PIG-ALE.jpg","contentUrl":"https:\/\/www.blackpig.ch\/wp-content\/uploads\/2022\/02\/PIG-ALE.jpg","width":1410,"height":2000},{"@type":"BreadcrumbList","@id":"https:\/\/www.blackpig.ch\/shop\/blackpig_brew_comp\/pig-ale-la-fausse-blonde-33cl\/#breadcrumb","itemListElement":[{"@type":"ListItem","position":1,"name":"Accueil","item":"https:\/\/www.blackpig.ch\/"},{"@type":"ListItem","position":2,"name":"Shop &#8211; produits artisanaux du Jura","item":"https:\/\/www.blackpig.ch\/shop\/"},{"@type":"ListItem","position":3,"name":"PIG-ALE | La Fausse Blonde (33cl)"}]},{"@type":"WebSite","@id":"http:\/\/www.blackpig.ch\/it\/#website","url":"http:\/\/www.blackpig.ch\/it\/","name":"Brasserie BlackPig","description":"Jura Craft Beers","publisher":{"@id":"http:\/\/www.blackpig.ch\/it\/#organization"},"alternateName":"BlackPig - Brasserie artisanale","potentialAction":[{"@type":"SearchAction","target":{"@type":"EntryPoint","urlTemplate":"http:\/\/www.blackpig.ch\/it\/?s={search_term_string}"},"query-input":{"@type":"PropertyValueSpecification","valueRequired":true,"valueName":"search_term_string"}}],"inLanguage":"fr-FR"},{"@type":"Organization","@id":"http:\/\/www.blackpig.ch\/it\/#organization","name":"Brasserie BlackPig","alternateName":"BlackPig - Brasserie artisanale","url":"http:\/\/www.blackpig.ch\/it\/","logo":{"@type":"ImageObject","inLanguage":"fr-FR","@id":"http:\/\/www.blackpig.ch\/it\/#\/schema\/logo\/image\/","url":"https:\/\/i0.wp.com\/www.blackpig.ch\/wp-content\/uploads\/2021\/06\/logo_blackpig.png?fit=300%2C200&ssl=1","contentUrl":"https:\/\/i0.wp.com\/www.blackpig.ch\/wp-content\/uploads\/2021\/06\/logo_blackpig.png?fit=300%2C200&ssl=1","width":300,"height":200,"caption":"Brasserie BlackPig"},"image":{"@id":"http:\/\/www.blackpig.ch\/it\/#\/schema\/logo\/image\/"},"sameAs":["https:\/\/www.facebook.com\/BlackPig.Brew.Co\/","https:\/\/www.instagram.com\/blackpig.brew.co\/"]}]}},"_links":{"self":[{"href":"http:\/\/www.blackpig.ch\/fr\/wp-json\/wp\/v2\/product\/29517","targetHints":{"allow":["GET"]}}],"collection":[{"href":"http:\/\/www.blackpig.ch\/fr\/wp-json\/wp\/v2\/product"}],"about":[{"href":"http:\/\/www.blackpig.ch\/fr\/wp-json\/wp\/v2\/types\/product"}],"wp:featuredmedia":[{"embeddable":true,"href":"http:\/\/www.blackpig.ch\/fr\/wp-json\/wp\/v2\/media\/38527"}],"wp:attachment":[{"href":"http:\/\/www.blackpig.ch\/fr\/wp-json\/wp\/v2\/media?parent=29517"}],"wp:term":[{"taxonomy":"product_brand","embeddable":true,"href":"http:\/\/www.blackpig.ch\/fr\/wp-json\/wp\/v2\/product_brand?post=29517"},{"taxonomy":"product_cat","embeddable":true,"href":"http:\/\/www.blackpig.ch\/fr\/wp-json\/wp\/v2\/product_cat?post=29517"},{"taxonomy":"product_tag","embeddable":true,"href":"http:\/\/www.blackpig.ch\/fr\/wp-json\/wp\/v2\/product_tag?post=29517"}],"curies":[{"name":"wp","href":"https:\/\/api.w.org\/{rel}","templated":true}]}}