{"id":40171,"date":"2025-02-17T15:37:13","date_gmt":"2025-02-17T14:37:13","guid":{"rendered":"https:\/\/www.blackpig.ch\/fr\/?post_type=product&#038;p=40171"},"modified":"2025-06-09T12:53:18","modified_gmt":"2025-06-09T10:53:18","slug":"gabs-brauwolf-roestigraben-2025-prune-edition-1x33cl","status":"publish","type":"product","link":"http:\/\/www.blackpig.ch\/en\/shop\/blackpig_brew_comp\/gabs-brauwolf-roestigraben-2025-prune-edition-1x33cl\/","title":{"rendered":"\u2764 GAB'S \u2764 BRAUWOLF \u2764 | RoestiGraben 2025 - Prune Edition (1x33cl)"},"content":{"rendered":"","protected":false},"excerpt":{"rendered":"<p>The <strong>ROESTIGRABEN<\/strong>launched by the breweries <strong>DR.GABS (VD)<\/strong> and <strong>DR.BRAUWOLF (ZU)<\/strong>This year it will be taking place in the Jura, at the <strong>BLACKPIG<\/strong>! Switzerland is a country full of orchards, so we're paying fruity homage here with a \"farmhouse beer\", also known as SAISON. And with malt from our neighbours in the <strong>MALTICULTURE<\/strong>It's pure Jurassien, well-balanced by the sweetness of the fruit...! Prost &amp; Health<\/p>","protected":false},"featured_media":40174,"template":"","meta":[],"product_brand":[],"product_cat":[337],"product_tag":[],"class_list":{"0":"post-40171","1":"product","2":"type-product","3":"status-publish","4":"has-post-thumbnail","6":"product_cat-blackpig_brew_comp","8":"first","9":"instock","10":"taxable","11":"shipping-taxable","12":"purchasable","13":"product-type-simple"},"yoast_head":"<!-- This site is optimized with the Yoast SEO plugin v27.4 - https:\/\/yoast.com\/product\/yoast-seo-wordpress\/ -->\n<title>\u2764 GAB&#039;S \u2764 BRAUWOLF \u2764 | RoestiGraben 2025 - Prune Edition (1x33cl) - Brasserie BlackPig<\/title>\n<meta name=\"robots\" content=\"index, follow, max-snippet:-1, max-image-preview:large, max-video-preview:-1\" \/>\n<link rel=\"canonical\" href=\"https:\/\/www.blackpig.ch\/en\/shop\/blackpig_brew_comp\/gabs-brauwolf-roestigraben-2025-prune-edition-1x33cl\/\" \/>\n<meta property=\"og:locale\" content=\"en_GB\" \/>\n<meta property=\"og:type\" content=\"article\" \/>\n<meta property=\"og:title\" content=\"\u2764 GAB&#039;S \u2764 BRAUWOLF \u2764 | RoestiGraben 2025 - Prune Edition (1x33cl) - Brasserie BlackPig\" \/>\n<meta property=\"og:description\" content=\"La s\u00e9rie des ROESTIGRABEN, lanc\u00e9e par les brasseries DR.GABS (VD) et DR.BRAUWOLF (ZU), pose ses valises cette ann\u00e9e au Jura, \u00e0 la BLACKPIG! La Suisse \u00e9tant un pays remplis de vergers, nous lui rendons ici hommage fruit\u00e9e sur une base de &quot;bi\u00e8re de ferme&quot;, aussi appel\u00e9e SAISON. Et avec du Malt de nos voisins de la MALTICULTURE, accrochez-vous c&#039;est du Jurassien pure jus, bien \u00e9quilibr\u00e9 par la douceur des fruits..! Prost &amp; Sant\u00e9\" \/>\n<meta property=\"og:url\" content=\"https:\/\/www.blackpig.ch\/en\/shop\/blackpig_brew_comp\/gabs-brauwolf-roestigraben-2025-prune-edition-1x33cl\/\" \/>\n<meta property=\"og:site_name\" content=\"Brasserie BlackPig\" \/>\n<meta property=\"article:publisher\" content=\"https:\/\/www.facebook.com\/BlackPig.Brew.Co\/\" \/>\n<meta property=\"article:modified_time\" content=\"2025-06-09T10:53:18+00:00\" \/>\n<meta property=\"og:image\" content=\"https:\/\/www.blackpig.ch\/wp-content\/uploads\/2025\/02\/LOWRADLER.png\" \/>\n\t<meta property=\"og:image:width\" content=\"1410\" \/>\n\t<meta property=\"og:image:height\" content=\"2000\" \/>\n\t<meta property=\"og:image:type\" content=\"image\/png\" \/>\n<meta name=\"twitter:card\" content=\"summary_large_image\" \/>\n<meta name=\"twitter:label1\" content=\"Estimated reading time\" \/>\n\t<meta name=\"twitter:data1\" content=\"1 minute\" \/>\n<script type=\"application\/ld+json\" class=\"yoast-schema-graph\">{\"@context\":\"https:\\\/\\\/schema.org\",\"@graph\":[{\"@type\":\"WebPage\",\"@id\":\"https:\\\/\\\/www.blackpig.ch\\\/shop\\\/blackpig_brew_comp\\\/gabs-brauwolf-roestigraben-2025-prune-edition-1x33cl\\\/\",\"url\":\"https:\\\/\\\/www.blackpig.ch\\\/shop\\\/blackpig_brew_comp\\\/gabs-brauwolf-roestigraben-2025-prune-edition-1x33cl\\\/\",\"name\":\"\u2764 GAB'S \u2764 BRAUWOLF \u2764 | RoestiGraben 2025 - Prune Edition (1x33cl) - Brasserie BlackPig\",\"isPartOf\":{\"@id\":\"http:\\\/\\\/www.blackpig.ch\\\/it\\\/#website\"},\"primaryImageOfPage\":{\"@id\":\"https:\\\/\\\/www.blackpig.ch\\\/shop\\\/blackpig_brew_comp\\\/gabs-brauwolf-roestigraben-2025-prune-edition-1x33cl\\\/#primaryimage\"},\"image\":{\"@id\":\"https:\\\/\\\/www.blackpig.ch\\\/shop\\\/blackpig_brew_comp\\\/gabs-brauwolf-roestigraben-2025-prune-edition-1x33cl\\\/#primaryimage\"},\"thumbnailUrl\":\"https:\\\/\\\/www.blackpig.ch\\\/wp-content\\\/uploads\\\/2025\\\/02\\\/LOWRADLER.png\",\"datePublished\":\"2025-02-17T14:37:13+00:00\",\"dateModified\":\"2025-06-09T10:53:18+00:00\",\"breadcrumb\":{\"@id\":\"https:\\\/\\\/www.blackpig.ch\\\/shop\\\/blackpig_brew_comp\\\/gabs-brauwolf-roestigraben-2025-prune-edition-1x33cl\\\/#breadcrumb\"},\"inLanguage\":\"en-GB\",\"potentialAction\":[{\"@type\":\"ReadAction\",\"target\":[\"https:\\\/\\\/www.blackpig.ch\\\/shop\\\/blackpig_brew_comp\\\/gabs-brauwolf-roestigraben-2025-prune-edition-1x33cl\\\/\"]}]},{\"@type\":\"ImageObject\",\"inLanguage\":\"en-GB\",\"@id\":\"https:\\\/\\\/www.blackpig.ch\\\/shop\\\/blackpig_brew_comp\\\/gabs-brauwolf-roestigraben-2025-prune-edition-1x33cl\\\/#primaryimage\",\"url\":\"https:\\\/\\\/www.blackpig.ch\\\/wp-content\\\/uploads\\\/2025\\\/02\\\/LOWRADLER.png\",\"contentUrl\":\"https:\\\/\\\/www.blackpig.ch\\\/wp-content\\\/uploads\\\/2025\\\/02\\\/LOWRADLER.png\",\"width\":1410,\"height\":2000},{\"@type\":\"BreadcrumbList\",\"@id\":\"https:\\\/\\\/www.blackpig.ch\\\/shop\\\/blackpig_brew_comp\\\/gabs-brauwolf-roestigraben-2025-prune-edition-1x33cl\\\/#breadcrumb\",\"itemListElement\":[{\"@type\":\"ListItem\",\"position\":1,\"name\":\"Accueil\",\"item\":\"https:\\\/\\\/www.blackpig.ch\\\/\"},{\"@type\":\"ListItem\",\"position\":2,\"name\":\"Shop &#8211; produits artisanaux du Jura\",\"item\":\"https:\\\/\\\/www.blackpig.ch\\\/shop\\\/\"},{\"@type\":\"ListItem\",\"position\":3,\"name\":\"\u2764 GAB&rsquo;S \u2764 BRAUWOLF \u2764 | RoestiGraben 2025 &#8211; Prune Edition (1x33cl)\"}]},{\"@type\":\"WebSite\",\"@id\":\"http:\\\/\\\/www.blackpig.ch\\\/it\\\/#website\",\"url\":\"http:\\\/\\\/www.blackpig.ch\\\/it\\\/\",\"name\":\"Brasserie BlackPig\",\"description\":\"Jura Craft Beers\",\"publisher\":{\"@id\":\"http:\\\/\\\/www.blackpig.ch\\\/it\\\/#organization\"},\"alternateName\":\"BlackPig - Brasserie artisanale\",\"potentialAction\":[{\"@type\":\"SearchAction\",\"target\":{\"@type\":\"EntryPoint\",\"urlTemplate\":\"http:\\\/\\\/www.blackpig.ch\\\/it\\\/?s={search_term_string}\"},\"query-input\":{\"@type\":\"PropertyValueSpecification\",\"valueRequired\":true,\"valueName\":\"search_term_string\"}}],\"inLanguage\":\"en-GB\"},{\"@type\":\"Organization\",\"@id\":\"http:\\\/\\\/www.blackpig.ch\\\/it\\\/#organization\",\"name\":\"Brasserie BlackPig\",\"alternateName\":\"BlackPig - Brasserie artisanale\",\"url\":\"http:\\\/\\\/www.blackpig.ch\\\/it\\\/\",\"logo\":{\"@type\":\"ImageObject\",\"inLanguage\":\"en-GB\",\"@id\":\"http:\\\/\\\/www.blackpig.ch\\\/it\\\/#\\\/schema\\\/logo\\\/image\\\/\",\"url\":\"https:\\\/\\\/i0.wp.com\\\/www.blackpig.ch\\\/wp-content\\\/uploads\\\/2021\\\/06\\\/logo_blackpig.png?fit=300%2C200&ssl=1\",\"contentUrl\":\"https:\\\/\\\/i0.wp.com\\\/www.blackpig.ch\\\/wp-content\\\/uploads\\\/2021\\\/06\\\/logo_blackpig.png?fit=300%2C200&ssl=1\",\"width\":300,\"height\":200,\"caption\":\"Brasserie BlackPig\"},\"image\":{\"@id\":\"http:\\\/\\\/www.blackpig.ch\\\/it\\\/#\\\/schema\\\/logo\\\/image\\\/\"},\"sameAs\":[\"https:\\\/\\\/www.facebook.com\\\/BlackPig.Brew.Co\\\/\",\"https:\\\/\\\/www.instagram.com\\\/blackpig.brew.co\\\/\"]}]}<\/script>\n<!-- \/ Yoast SEO plugin. -->","yoast_head_json":{"title":"\u2764 GAB'S \u2764 BRAUWOLF \u2764 | RoestiGraben 2025 - Prune Edition (1x33cl) - Brasserie BlackPig","robots":{"index":"index","follow":"follow","max-snippet":"max-snippet:-1","max-image-preview":"max-image-preview:large","max-video-preview":"max-video-preview:-1"},"canonical":"https:\/\/www.blackpig.ch\/en\/shop\/blackpig_brew_comp\/gabs-brauwolf-roestigraben-2025-prune-edition-1x33cl\/","og_locale":"en_GB","og_type":"article","og_title":"\u2764 GAB'S \u2764 BRAUWOLF \u2764 | RoestiGraben 2025 - Prune Edition (1x33cl) - Brasserie BlackPig","og_description":"La s\u00e9rie des ROESTIGRABEN, lanc\u00e9e par les brasseries DR.GABS (VD) et DR.BRAUWOLF (ZU), pose ses valises cette ann\u00e9e au Jura, \u00e0 la BLACKPIG! La Suisse \u00e9tant un pays remplis de vergers, nous lui rendons ici hommage fruit\u00e9e sur une base de \"bi\u00e8re de ferme\", aussi appel\u00e9e SAISON. Et avec du Malt de nos voisins de la MALTICULTURE, accrochez-vous c'est du Jurassien pure jus, bien \u00e9quilibr\u00e9 par la douceur des fruits..! Prost &amp; Sant\u00e9","og_url":"https:\/\/www.blackpig.ch\/en\/shop\/blackpig_brew_comp\/gabs-brauwolf-roestigraben-2025-prune-edition-1x33cl\/","og_site_name":"Brasserie BlackPig","article_publisher":"https:\/\/www.facebook.com\/BlackPig.Brew.Co\/","article_modified_time":"2025-06-09T10:53:18+00:00","og_image":[{"width":1410,"height":2000,"url":"https:\/\/www.blackpig.ch\/wp-content\/uploads\/2025\/02\/LOWRADLER.png","type":"image\/png"}],"twitter_card":"summary_large_image","twitter_misc":{"Estimated reading time":"1 minute"},"schema":{"@context":"https:\/\/schema.org","@graph":[{"@type":"WebPage","@id":"https:\/\/www.blackpig.ch\/shop\/blackpig_brew_comp\/gabs-brauwolf-roestigraben-2025-prune-edition-1x33cl\/","url":"https:\/\/www.blackpig.ch\/shop\/blackpig_brew_comp\/gabs-brauwolf-roestigraben-2025-prune-edition-1x33cl\/","name":"\u2764 GAB'S \u2764 BRAUWOLF \u2764 | RoestiGraben 2025 - Prune Edition (1x33cl) - Brasserie BlackPig","isPartOf":{"@id":"http:\/\/www.blackpig.ch\/it\/#website"},"primaryImageOfPage":{"@id":"https:\/\/www.blackpig.ch\/shop\/blackpig_brew_comp\/gabs-brauwolf-roestigraben-2025-prune-edition-1x33cl\/#primaryimage"},"image":{"@id":"https:\/\/www.blackpig.ch\/shop\/blackpig_brew_comp\/gabs-brauwolf-roestigraben-2025-prune-edition-1x33cl\/#primaryimage"},"thumbnailUrl":"https:\/\/www.blackpig.ch\/wp-content\/uploads\/2025\/02\/LOWRADLER.png","datePublished":"2025-02-17T14:37:13+00:00","dateModified":"2025-06-09T10:53:18+00:00","breadcrumb":{"@id":"https:\/\/www.blackpig.ch\/shop\/blackpig_brew_comp\/gabs-brauwolf-roestigraben-2025-prune-edition-1x33cl\/#breadcrumb"},"inLanguage":"en-GB","potentialAction":[{"@type":"ReadAction","target":["https:\/\/www.blackpig.ch\/shop\/blackpig_brew_comp\/gabs-brauwolf-roestigraben-2025-prune-edition-1x33cl\/"]}]},{"@type":"ImageObject","inLanguage":"en-GB","@id":"https:\/\/www.blackpig.ch\/shop\/blackpig_brew_comp\/gabs-brauwolf-roestigraben-2025-prune-edition-1x33cl\/#primaryimage","url":"https:\/\/www.blackpig.ch\/wp-content\/uploads\/2025\/02\/LOWRADLER.png","contentUrl":"https:\/\/www.blackpig.ch\/wp-content\/uploads\/2025\/02\/LOWRADLER.png","width":1410,"height":2000},{"@type":"BreadcrumbList","@id":"https:\/\/www.blackpig.ch\/shop\/blackpig_brew_comp\/gabs-brauwolf-roestigraben-2025-prune-edition-1x33cl\/#breadcrumb","itemListElement":[{"@type":"ListItem","position":1,"name":"Accueil","item":"https:\/\/www.blackpig.ch\/"},{"@type":"ListItem","position":2,"name":"Shop &#8211; produits artisanaux du Jura","item":"https:\/\/www.blackpig.ch\/shop\/"},{"@type":"ListItem","position":3,"name":"\u2764 GAB&rsquo;S \u2764 BRAUWOLF \u2764 | RoestiGraben 2025 &#8211; Prune Edition (1x33cl)"}]},{"@type":"WebSite","@id":"http:\/\/www.blackpig.ch\/it\/#website","url":"http:\/\/www.blackpig.ch\/it\/","name":"BlackPig Brewery","description":"Jura Craft Beers","publisher":{"@id":"http:\/\/www.blackpig.ch\/it\/#organization"},"alternateName":"BlackPig - Brasserie artisanale","potentialAction":[{"@type":"SearchAction","target":{"@type":"EntryPoint","urlTemplate":"http:\/\/www.blackpig.ch\/it\/?s={search_term_string}"},"query-input":{"@type":"PropertyValueSpecification","valueRequired":true,"valueName":"search_term_string"}}],"inLanguage":"en-GB"},{"@type":"Organization","@id":"http:\/\/www.blackpig.ch\/it\/#organization","name":"BlackPig Brewery","alternateName":"BlackPig - Brasserie artisanale","url":"http:\/\/www.blackpig.ch\/it\/","logo":{"@type":"ImageObject","inLanguage":"en-GB","@id":"http:\/\/www.blackpig.ch\/it\/#\/schema\/logo\/image\/","url":"https:\/\/i0.wp.com\/www.blackpig.ch\/wp-content\/uploads\/2021\/06\/logo_blackpig.png?fit=300%2C200&ssl=1","contentUrl":"https:\/\/i0.wp.com\/www.blackpig.ch\/wp-content\/uploads\/2021\/06\/logo_blackpig.png?fit=300%2C200&ssl=1","width":300,"height":200,"caption":"Brasserie BlackPig"},"image":{"@id":"http:\/\/www.blackpig.ch\/it\/#\/schema\/logo\/image\/"},"sameAs":["https:\/\/www.facebook.com\/BlackPig.Brew.Co\/","https:\/\/www.instagram.com\/blackpig.brew.co\/"]}]}},"_links":{"self":[{"href":"http:\/\/www.blackpig.ch\/en\/wp-json\/wp\/v2\/product\/40171","targetHints":{"allow":["GET"]}}],"collection":[{"href":"http:\/\/www.blackpig.ch\/en\/wp-json\/wp\/v2\/product"}],"about":[{"href":"http:\/\/www.blackpig.ch\/en\/wp-json\/wp\/v2\/types\/product"}],"wp:featuredmedia":[{"embeddable":true,"href":"http:\/\/www.blackpig.ch\/en\/wp-json\/wp\/v2\/media\/40174"}],"wp:attachment":[{"href":"http:\/\/www.blackpig.ch\/en\/wp-json\/wp\/v2\/media?parent=40171"}],"wp:term":[{"taxonomy":"product_brand","embeddable":true,"href":"http:\/\/www.blackpig.ch\/en\/wp-json\/wp\/v2\/product_brand?post=40171"},{"taxonomy":"product_cat","embeddable":true,"href":"http:\/\/www.blackpig.ch\/en\/wp-json\/wp\/v2\/product_cat?post=40171"},{"taxonomy":"product_tag","embeddable":true,"href":"http:\/\/www.blackpig.ch\/en\/wp-json\/wp\/v2\/product_tag?post=40171"}],"curies":[{"name":"wp","href":"https:\/\/api.w.org\/{rel}","templated":true}]}}