{"id":29580,"date":"2022-02-06T18:48:08","date_gmt":"2022-02-06T17:48:08","guid":{"rendered":"https:\/\/ww2.blackpig.ch\/fr\/?post_type=product&#038;p=29580"},"modified":"2025-06-09T13:26:10","modified_gmt":"2025-06-09T11:26:10","slug":"hello-darkness-imperial-stout-44cl","status":"publish","type":"product","link":"http:\/\/www.blackpig.ch\/en\/shop\/tous-sales-promo\/hello-darkness-imperial-stout-44cl\/","title":{"rendered":"HELLO DARKNESS | Imperial Stout (44cl)"},"content":{"rendered":"<p data-sourcepos=\"7:1-7:301\">Plunge into darkness with our Hello Darkness, an intense and delicious Imperial Stout beer. The roasted aromas of roasted malts, subtly combined with notes of cocoa and orange, will transport you to the warm atmosphere of London pubs of yesteryear. A powerful, complex beer that will delight fans of intense flavours.<\/p>","protected":false},"excerpt":{"rendered":"<p data-sourcepos=\"7:1-7:301\">Plunge into darkness with our Hello Darkness, an intense and delicious Imperial Stout beer. The roasted aromas of roasted malts, subtly combined with notes of cocoa and orange, will transport you to the warm atmosphere of London pubs of yesteryear. A powerful, complex beer that will delight fans of intense flavours.<\/p>\n<p data-sourcepos=\"7:1-7:301\"><strong>WARNING: OUT-OF-DATE BUT STILL SUPERB TO DRINK<\/strong><\/p>","protected":false},"featured_media":32664,"template":"","meta":[],"product_brand":[],"product_cat":[337,250],"product_tag":[],"class_list":{"0":"post-29580","1":"product","2":"type-product","3":"status-publish","4":"has-post-thumbnail","6":"product_cat-blackpig_brew_comp","7":"product_cat-tous-sales-promo","9":"first","10":"instock","11":"sale","12":"taxable","13":"shipping-taxable","14":"purchasable","15":"product-type-simple"},"yoast_head":"<!-- This site is optimized with the Yoast SEO plugin v27.4 - https:\/\/yoast.com\/product\/yoast-seo-wordpress\/ -->\n<title>HELLO DARKNESS | Imperial Stout (44cl) - Brasserie BlackPig<\/title>\n<meta name=\"description\" content=\"La Hello Darkness, une Imperial Stout aux ar\u00f4mes torr\u00e9fi\u00e9s, de cacao et d&#039;orange. Une bi\u00e8re noire puissante et complexe, id\u00e9ale pour les soir\u00e9es cozy.\" \/>\n<meta name=\"robots\" content=\"index, follow, max-snippet:-1, max-image-preview:large, max-video-preview:-1\" \/>\n<link rel=\"canonical\" href=\"https:\/\/www.blackpig.ch\/en\/shop\/tous-sales-promo\/hello-darkness-imperial-stout-44cl\/\" \/>\n<meta property=\"og:locale\" content=\"en_GB\" \/>\n<meta property=\"og:type\" content=\"article\" \/>\n<meta property=\"og:title\" content=\"HELLO DARKNESS | Imperial Stout (44cl) - Brasserie BlackPig\" \/>\n<meta property=\"og:description\" content=\"La Hello Darkness, une Imperial Stout aux ar\u00f4mes torr\u00e9fi\u00e9s, de cacao et d&#039;orange. Une bi\u00e8re noire puissante et complexe, id\u00e9ale pour les soir\u00e9es cozy.\" \/>\n<meta property=\"og:url\" content=\"https:\/\/www.blackpig.ch\/en\/shop\/tous-sales-promo\/hello-darkness-imperial-stout-44cl\/\" \/>\n<meta property=\"og:site_name\" content=\"Brasserie BlackPig\" \/>\n<meta property=\"article:publisher\" content=\"https:\/\/www.facebook.com\/BlackPig.Brew.Co\/\" \/>\n<meta property=\"article:modified_time\" content=\"2025-06-09T11:26:10+00:00\" \/>\n<meta property=\"og:image\" content=\"https:\/\/www.blackpig.ch\/wp-content\/uploads\/2022\/12\/NEW-BINCH-ANNIVERSARY-PACK-BEER-3-5-Decouvrez-des.jpg\" \/>\n\t<meta property=\"og:image:width\" content=\"1080\" \/>\n\t<meta property=\"og:image:height\" content=\"1080\" \/>\n\t<meta property=\"og:image:type\" content=\"image\/jpeg\" \/>\n<meta name=\"twitter:card\" content=\"summary_large_image\" \/>\n<meta name=\"twitter:label1\" content=\"Estimated reading time\" \/>\n\t<meta name=\"twitter:data1\" content=\"1 minute\" \/>\n<script type=\"application\/ld+json\" class=\"yoast-schema-graph\">{\"@context\":\"https:\\\/\\\/schema.org\",\"@graph\":[{\"@type\":\"WebPage\",\"@id\":\"https:\\\/\\\/www.blackpig.ch\\\/shop\\\/tous-sales-promo\\\/hello-darkness-imperial-stout-44cl\\\/\",\"url\":\"https:\\\/\\\/www.blackpig.ch\\\/shop\\\/tous-sales-promo\\\/hello-darkness-imperial-stout-44cl\\\/\",\"name\":\"HELLO DARKNESS | Imperial Stout (44cl) - Brasserie BlackPig\",\"isPartOf\":{\"@id\":\"http:\\\/\\\/www.blackpig.ch\\\/it\\\/#website\"},\"primaryImageOfPage\":{\"@id\":\"https:\\\/\\\/www.blackpig.ch\\\/shop\\\/tous-sales-promo\\\/hello-darkness-imperial-stout-44cl\\\/#primaryimage\"},\"image\":{\"@id\":\"https:\\\/\\\/www.blackpig.ch\\\/shop\\\/tous-sales-promo\\\/hello-darkness-imperial-stout-44cl\\\/#primaryimage\"},\"thumbnailUrl\":\"https:\\\/\\\/www.blackpig.ch\\\/wp-content\\\/uploads\\\/2022\\\/12\\\/NEW-BINCH-ANNIVERSARY-PACK-BEER-3-5-Decouvrez-des.jpg\",\"datePublished\":\"2022-02-06T17:48:08+00:00\",\"dateModified\":\"2025-06-09T11:26:10+00:00\",\"description\":\"La Hello Darkness, une Imperial Stout aux ar\u00f4mes torr\u00e9fi\u00e9s, de cacao et d'orange. Une bi\u00e8re noire puissante et complexe, id\u00e9ale pour les soir\u00e9es cozy.\",\"breadcrumb\":{\"@id\":\"https:\\\/\\\/www.blackpig.ch\\\/shop\\\/tous-sales-promo\\\/hello-darkness-imperial-stout-44cl\\\/#breadcrumb\"},\"inLanguage\":\"en-GB\",\"potentialAction\":[{\"@type\":\"ReadAction\",\"target\":[\"https:\\\/\\\/www.blackpig.ch\\\/shop\\\/tous-sales-promo\\\/hello-darkness-imperial-stout-44cl\\\/\"]}]},{\"@type\":\"ImageObject\",\"inLanguage\":\"en-GB\",\"@id\":\"https:\\\/\\\/www.blackpig.ch\\\/shop\\\/tous-sales-promo\\\/hello-darkness-imperial-stout-44cl\\\/#primaryimage\",\"url\":\"https:\\\/\\\/www.blackpig.ch\\\/wp-content\\\/uploads\\\/2022\\\/12\\\/NEW-BINCH-ANNIVERSARY-PACK-BEER-3-5-Decouvrez-des.jpg\",\"contentUrl\":\"https:\\\/\\\/www.blackpig.ch\\\/wp-content\\\/uploads\\\/2022\\\/12\\\/NEW-BINCH-ANNIVERSARY-PACK-BEER-3-5-Decouvrez-des.jpg\",\"width\":1080,\"height\":1080},{\"@type\":\"BreadcrumbList\",\"@id\":\"https:\\\/\\\/www.blackpig.ch\\\/shop\\\/tous-sales-promo\\\/hello-darkness-imperial-stout-44cl\\\/#breadcrumb\",\"itemListElement\":[{\"@type\":\"ListItem\",\"position\":1,\"name\":\"Accueil\",\"item\":\"https:\\\/\\\/www.blackpig.ch\\\/\"},{\"@type\":\"ListItem\",\"position\":2,\"name\":\"Shop &#8211; produits artisanaux du Jura\",\"item\":\"https:\\\/\\\/www.blackpig.ch\\\/shop\\\/\"},{\"@type\":\"ListItem\",\"position\":3,\"name\":\"HELLO DARKNESS | Imperial Stout (44cl)\"}]},{\"@type\":\"WebSite\",\"@id\":\"http:\\\/\\\/www.blackpig.ch\\\/it\\\/#website\",\"url\":\"http:\\\/\\\/www.blackpig.ch\\\/it\\\/\",\"name\":\"Brasserie BlackPig\",\"description\":\"Jura Craft Beers\",\"publisher\":{\"@id\":\"http:\\\/\\\/www.blackpig.ch\\\/it\\\/#organization\"},\"alternateName\":\"BlackPig - Brasserie artisanale\",\"potentialAction\":[{\"@type\":\"SearchAction\",\"target\":{\"@type\":\"EntryPoint\",\"urlTemplate\":\"http:\\\/\\\/www.blackpig.ch\\\/it\\\/?s={search_term_string}\"},\"query-input\":{\"@type\":\"PropertyValueSpecification\",\"valueRequired\":true,\"valueName\":\"search_term_string\"}}],\"inLanguage\":\"en-GB\"},{\"@type\":\"Organization\",\"@id\":\"http:\\\/\\\/www.blackpig.ch\\\/it\\\/#organization\",\"name\":\"Brasserie BlackPig\",\"alternateName\":\"BlackPig - Brasserie artisanale\",\"url\":\"http:\\\/\\\/www.blackpig.ch\\\/it\\\/\",\"logo\":{\"@type\":\"ImageObject\",\"inLanguage\":\"en-GB\",\"@id\":\"http:\\\/\\\/www.blackpig.ch\\\/it\\\/#\\\/schema\\\/logo\\\/image\\\/\",\"url\":\"https:\\\/\\\/i0.wp.com\\\/www.blackpig.ch\\\/wp-content\\\/uploads\\\/2021\\\/06\\\/logo_blackpig.png?fit=300%2C200&ssl=1\",\"contentUrl\":\"https:\\\/\\\/i0.wp.com\\\/www.blackpig.ch\\\/wp-content\\\/uploads\\\/2021\\\/06\\\/logo_blackpig.png?fit=300%2C200&ssl=1\",\"width\":300,\"height\":200,\"caption\":\"Brasserie BlackPig\"},\"image\":{\"@id\":\"http:\\\/\\\/www.blackpig.ch\\\/it\\\/#\\\/schema\\\/logo\\\/image\\\/\"},\"sameAs\":[\"https:\\\/\\\/www.facebook.com\\\/BlackPig.Brew.Co\\\/\",\"https:\\\/\\\/www.instagram.com\\\/blackpig.brew.co\\\/\"]}]}<\/script>\n<!-- \/ Yoast SEO plugin. -->","yoast_head_json":{"title":"HELLO DARKNESS | Imperial Stout (44cl) - Brasserie BlackPig","description":"La Hello Darkness, une Imperial Stout aux ar\u00f4mes torr\u00e9fi\u00e9s, de cacao et d'orange. Une bi\u00e8re noire puissante et complexe, id\u00e9ale pour les soir\u00e9es cozy.","robots":{"index":"index","follow":"follow","max-snippet":"max-snippet:-1","max-image-preview":"max-image-preview:large","max-video-preview":"max-video-preview:-1"},"canonical":"https:\/\/www.blackpig.ch\/en\/shop\/tous-sales-promo\/hello-darkness-imperial-stout-44cl\/","og_locale":"en_GB","og_type":"article","og_title":"HELLO DARKNESS | Imperial Stout (44cl) - Brasserie BlackPig","og_description":"La Hello Darkness, une Imperial Stout aux ar\u00f4mes torr\u00e9fi\u00e9s, de cacao et d'orange. Une bi\u00e8re noire puissante et complexe, id\u00e9ale pour les soir\u00e9es cozy.","og_url":"https:\/\/www.blackpig.ch\/en\/shop\/tous-sales-promo\/hello-darkness-imperial-stout-44cl\/","og_site_name":"Brasserie BlackPig","article_publisher":"https:\/\/www.facebook.com\/BlackPig.Brew.Co\/","article_modified_time":"2025-06-09T11:26:10+00:00","og_image":[{"width":1080,"height":1080,"url":"https:\/\/www.blackpig.ch\/wp-content\/uploads\/2022\/12\/NEW-BINCH-ANNIVERSARY-PACK-BEER-3-5-Decouvrez-des.jpg","type":"image\/jpeg"}],"twitter_card":"summary_large_image","twitter_misc":{"Estimated reading time":"1 minute"},"schema":{"@context":"https:\/\/schema.org","@graph":[{"@type":"WebPage","@id":"https:\/\/www.blackpig.ch\/shop\/tous-sales-promo\/hello-darkness-imperial-stout-44cl\/","url":"https:\/\/www.blackpig.ch\/shop\/tous-sales-promo\/hello-darkness-imperial-stout-44cl\/","name":"HELLO DARKNESS | Imperial Stout (44cl) - Brasserie BlackPig","isPartOf":{"@id":"http:\/\/www.blackpig.ch\/it\/#website"},"primaryImageOfPage":{"@id":"https:\/\/www.blackpig.ch\/shop\/tous-sales-promo\/hello-darkness-imperial-stout-44cl\/#primaryimage"},"image":{"@id":"https:\/\/www.blackpig.ch\/shop\/tous-sales-promo\/hello-darkness-imperial-stout-44cl\/#primaryimage"},"thumbnailUrl":"https:\/\/www.blackpig.ch\/wp-content\/uploads\/2022\/12\/NEW-BINCH-ANNIVERSARY-PACK-BEER-3-5-Decouvrez-des.jpg","datePublished":"2022-02-06T17:48:08+00:00","dateModified":"2025-06-09T11:26:10+00:00","description":"La Hello Darkness, une Imperial Stout aux ar\u00f4mes torr\u00e9fi\u00e9s, de cacao et d'orange. Une bi\u00e8re noire puissante et complexe, id\u00e9ale pour les soir\u00e9es cozy.","breadcrumb":{"@id":"https:\/\/www.blackpig.ch\/shop\/tous-sales-promo\/hello-darkness-imperial-stout-44cl\/#breadcrumb"},"inLanguage":"en-GB","potentialAction":[{"@type":"ReadAction","target":["https:\/\/www.blackpig.ch\/shop\/tous-sales-promo\/hello-darkness-imperial-stout-44cl\/"]}]},{"@type":"ImageObject","inLanguage":"en-GB","@id":"https:\/\/www.blackpig.ch\/shop\/tous-sales-promo\/hello-darkness-imperial-stout-44cl\/#primaryimage","url":"https:\/\/www.blackpig.ch\/wp-content\/uploads\/2022\/12\/NEW-BINCH-ANNIVERSARY-PACK-BEER-3-5-Decouvrez-des.jpg","contentUrl":"https:\/\/www.blackpig.ch\/wp-content\/uploads\/2022\/12\/NEW-BINCH-ANNIVERSARY-PACK-BEER-3-5-Decouvrez-des.jpg","width":1080,"height":1080},{"@type":"BreadcrumbList","@id":"https:\/\/www.blackpig.ch\/shop\/tous-sales-promo\/hello-darkness-imperial-stout-44cl\/#breadcrumb","itemListElement":[{"@type":"ListItem","position":1,"name":"Accueil","item":"https:\/\/www.blackpig.ch\/"},{"@type":"ListItem","position":2,"name":"Shop &#8211; produits artisanaux du Jura","item":"https:\/\/www.blackpig.ch\/shop\/"},{"@type":"ListItem","position":3,"name":"HELLO DARKNESS | Imperial Stout (44cl)"}]},{"@type":"WebSite","@id":"http:\/\/www.blackpig.ch\/it\/#website","url":"http:\/\/www.blackpig.ch\/it\/","name":"BlackPig Brewery","description":"Jura Craft Beers","publisher":{"@id":"http:\/\/www.blackpig.ch\/it\/#organization"},"alternateName":"BlackPig - Brasserie artisanale","potentialAction":[{"@type":"SearchAction","target":{"@type":"EntryPoint","urlTemplate":"http:\/\/www.blackpig.ch\/it\/?s={search_term_string}"},"query-input":{"@type":"PropertyValueSpecification","valueRequired":true,"valueName":"search_term_string"}}],"inLanguage":"en-GB"},{"@type":"Organization","@id":"http:\/\/www.blackpig.ch\/it\/#organization","name":"BlackPig Brewery","alternateName":"BlackPig - Brasserie artisanale","url":"http:\/\/www.blackpig.ch\/it\/","logo":{"@type":"ImageObject","inLanguage":"en-GB","@id":"http:\/\/www.blackpig.ch\/it\/#\/schema\/logo\/image\/","url":"https:\/\/i0.wp.com\/www.blackpig.ch\/wp-content\/uploads\/2021\/06\/logo_blackpig.png?fit=300%2C200&ssl=1","contentUrl":"https:\/\/i0.wp.com\/www.blackpig.ch\/wp-content\/uploads\/2021\/06\/logo_blackpig.png?fit=300%2C200&ssl=1","width":300,"height":200,"caption":"Brasserie BlackPig"},"image":{"@id":"http:\/\/www.blackpig.ch\/it\/#\/schema\/logo\/image\/"},"sameAs":["https:\/\/www.facebook.com\/BlackPig.Brew.Co\/","https:\/\/www.instagram.com\/blackpig.brew.co\/"]}]}},"_links":{"self":[{"href":"http:\/\/www.blackpig.ch\/en\/wp-json\/wp\/v2\/product\/29580","targetHints":{"allow":["GET"]}}],"collection":[{"href":"http:\/\/www.blackpig.ch\/en\/wp-json\/wp\/v2\/product"}],"about":[{"href":"http:\/\/www.blackpig.ch\/en\/wp-json\/wp\/v2\/types\/product"}],"wp:featuredmedia":[{"embeddable":true,"href":"http:\/\/www.blackpig.ch\/en\/wp-json\/wp\/v2\/media\/32664"}],"wp:attachment":[{"href":"http:\/\/www.blackpig.ch\/en\/wp-json\/wp\/v2\/media?parent=29580"}],"wp:term":[{"taxonomy":"product_brand","embeddable":true,"href":"http:\/\/www.blackpig.ch\/en\/wp-json\/wp\/v2\/product_brand?post=29580"},{"taxonomy":"product_cat","embeddable":true,"href":"http:\/\/www.blackpig.ch\/en\/wp-json\/wp\/v2\/product_cat?post=29580"},{"taxonomy":"product_tag","embeddable":true,"href":"http:\/\/www.blackpig.ch\/en\/wp-json\/wp\/v2\/product_tag?post=29580"}],"curies":[{"name":"wp","href":"https:\/\/api.w.org\/{rel}","templated":true}]}}