{"id":38536,"date":"2024-05-03T08:05:44","date_gmt":"2024-05-03T06:05:44","guid":{"rendered":"https:\/\/www.blackpig.ch\/?post_type=product&#038;p=38536"},"modified":"2025-06-09T12:59:17","modified_gmt":"2025-06-09T10:59:17","slug":"cidre-ananas-fruity-cider-33cl","status":"publish","type":"product","link":"http:\/\/www.blackpig.ch\/de\/shop\/blackpig_brew_comp\/cidre-ananas-fruity-cider-33cl\/","title":{"rendered":"ANANAS-CIDRE | Fruity Cider (33cl)"},"content":{"rendered":"<p>Genie\u00dfen Sie den exotischen Geschmack von Ananas in diesem erfrischenden, handwerklich hergestellten Cider der BlackPig Brauerei. Hergestellt aus \u00c4pfeln und Ananas, bietet dieser Cidre mit einem Alkoholgehalt von 6,8% ein perfektes Gleichgewicht zwischen S\u00fc\u00dfe und Bitterkeit. Seine spritzige gelbe Farbe und sein leichter Geschmack machen ihn zu einem idealen Begleiter f\u00fcr zwischendurch oder zu leichten Gerichten und Desserts.<\/p>","protected":false},"excerpt":{"rendered":"<p>Genie\u00dfen Sie den exotischen Geschmack von Ananas in diesem erfrischenden, handwerklich hergestellten Cider der BlackPig Brauerei. Hergestellt aus \u00c4pfeln und Ananas, bietet dieser Cidre mit einem Alkoholgehalt von 6,8% ein perfektes Gleichgewicht zwischen S\u00fc\u00dfe und Bitterkeit. Seine spritzige gelbe Farbe und sein leichter Geschmack machen ihn zu einem idealen Begleiter f\u00fcr zwischendurch oder zu leichten Gerichten und Desserts.<\/p>","protected":false},"featured_media":38537,"template":"","meta":[],"product_brand":[],"product_cat":[337],"product_tag":[],"class_list":{"0":"post-38536","1":"product","2":"type-product","3":"status-publish","4":"has-post-thumbnail","6":"product_cat-blackpig_brew_comp","8":"first","9":"instock","10":"taxable","11":"shipping-taxable","12":"purchasable","13":"product-type-simple"},"yoast_head":"<!-- This site is optimized with the Yoast SEO plugin v27.4 - https:\/\/yoast.com\/product\/yoast-seo-wordpress\/ -->\n<title>CIDRE-ANANAS | Fruity Cider (33cl) - Brasserie BlackPig<\/title>\n<meta name=\"description\" content=\"Savourez le soleil dans un verre avec notre cidre ananas ! Un cidre fruit\u00e9 et rafra\u00eechissant, parfait pour les journ\u00e9es d&#039;\u00e9t\u00e9 en famille ou entre amis.\" \/>\n<meta name=\"robots\" content=\"index, follow, max-snippet:-1, max-image-preview:large, max-video-preview:-1\" \/>\n<link rel=\"canonical\" href=\"https:\/\/www.blackpig.ch\/de\/shop\/blackpig_brew_comp\/cidre-ananas-fruity-cider-33cl\/\" \/>\n<meta property=\"og:locale\" content=\"de_DE\" \/>\n<meta property=\"og:type\" content=\"article\" \/>\n<meta property=\"og:title\" content=\"CIDRE-ANANAS | Fruity Cider (33cl) - Brasserie BlackPig\" \/>\n<meta property=\"og:description\" content=\"Savourez le soleil dans un verre avec notre cidre ananas ! Un cidre fruit\u00e9 et rafra\u00eechissant, parfait pour les journ\u00e9es d&#039;\u00e9t\u00e9 en famille ou entre amis.\" \/>\n<meta property=\"og:url\" content=\"https:\/\/www.blackpig.ch\/de\/shop\/blackpig_brew_comp\/cidre-ananas-fruity-cider-33cl\/\" \/>\n<meta property=\"og:site_name\" content=\"Brasserie BlackPig\" \/>\n<meta property=\"article:publisher\" content=\"https:\/\/www.facebook.com\/BlackPig.Brew.Co\/\" \/>\n<meta property=\"article:modified_time\" content=\"2025-06-09T10:59:17+00:00\" \/>\n<meta property=\"og:image\" content=\"https:\/\/www.blackpig.ch\/wp-content\/uploads\/2024\/05\/CIDRE.jpg\" \/>\n\t<meta property=\"og:image:width\" content=\"1410\" \/>\n\t<meta property=\"og:image:height\" content=\"2000\" \/>\n\t<meta property=\"og:image:type\" content=\"image\/jpeg\" \/>\n<meta name=\"twitter:card\" content=\"summary_large_image\" \/>\n<meta name=\"twitter:label1\" content=\"Gesch\u00e4tzte Lesezeit\" \/>\n\t<meta name=\"twitter:data1\" content=\"1\u00a0Minute\" \/>\n<script type=\"application\/ld+json\" class=\"yoast-schema-graph\">{\"@context\":\"https:\\\/\\\/schema.org\",\"@graph\":[{\"@type\":\"WebPage\",\"@id\":\"https:\\\/\\\/www.blackpig.ch\\\/shop\\\/blackpig_brew_comp\\\/cidre-ananas-fruity-cider-33cl\\\/\",\"url\":\"https:\\\/\\\/www.blackpig.ch\\\/shop\\\/blackpig_brew_comp\\\/cidre-ananas-fruity-cider-33cl\\\/\",\"name\":\"CIDRE-ANANAS | Fruity Cider (33cl) - Brasserie BlackPig\",\"isPartOf\":{\"@id\":\"http:\\\/\\\/www.blackpig.ch\\\/it\\\/#website\"},\"primaryImageOfPage\":{\"@id\":\"https:\\\/\\\/www.blackpig.ch\\\/shop\\\/blackpig_brew_comp\\\/cidre-ananas-fruity-cider-33cl\\\/#primaryimage\"},\"image\":{\"@id\":\"https:\\\/\\\/www.blackpig.ch\\\/shop\\\/blackpig_brew_comp\\\/cidre-ananas-fruity-cider-33cl\\\/#primaryimage\"},\"thumbnailUrl\":\"https:\\\/\\\/www.blackpig.ch\\\/wp-content\\\/uploads\\\/2024\\\/05\\\/CIDRE.jpg\",\"datePublished\":\"2024-05-03T06:05:44+00:00\",\"dateModified\":\"2025-06-09T10:59:17+00:00\",\"description\":\"Savourez le soleil dans un verre avec notre cidre ananas ! Un cidre fruit\u00e9 et rafra\u00eechissant, parfait pour les journ\u00e9es d'\u00e9t\u00e9 en famille ou entre amis.\",\"breadcrumb\":{\"@id\":\"https:\\\/\\\/www.blackpig.ch\\\/shop\\\/blackpig_brew_comp\\\/cidre-ananas-fruity-cider-33cl\\\/#breadcrumb\"},\"inLanguage\":\"de-CH\",\"potentialAction\":[{\"@type\":\"ReadAction\",\"target\":[\"https:\\\/\\\/www.blackpig.ch\\\/shop\\\/blackpig_brew_comp\\\/cidre-ananas-fruity-cider-33cl\\\/\"]}]},{\"@type\":\"ImageObject\",\"inLanguage\":\"de-CH\",\"@id\":\"https:\\\/\\\/www.blackpig.ch\\\/shop\\\/blackpig_brew_comp\\\/cidre-ananas-fruity-cider-33cl\\\/#primaryimage\",\"url\":\"https:\\\/\\\/www.blackpig.ch\\\/wp-content\\\/uploads\\\/2024\\\/05\\\/CIDRE.jpg\",\"contentUrl\":\"https:\\\/\\\/www.blackpig.ch\\\/wp-content\\\/uploads\\\/2024\\\/05\\\/CIDRE.jpg\",\"width\":1410,\"height\":2000},{\"@type\":\"BreadcrumbList\",\"@id\":\"https:\\\/\\\/www.blackpig.ch\\\/shop\\\/blackpig_brew_comp\\\/cidre-ananas-fruity-cider-33cl\\\/#breadcrumb\",\"itemListElement\":[{\"@type\":\"ListItem\",\"position\":1,\"name\":\"Accueil\",\"item\":\"https:\\\/\\\/www.blackpig.ch\\\/\"},{\"@type\":\"ListItem\",\"position\":2,\"name\":\"Shop &#8211; produits artisanaux du Jura\",\"item\":\"https:\\\/\\\/www.blackpig.ch\\\/shop\\\/\"},{\"@type\":\"ListItem\",\"position\":3,\"name\":\"CIDRE-ANANAS | Fruity Cider (33cl)\"}]},{\"@type\":\"WebSite\",\"@id\":\"http:\\\/\\\/www.blackpig.ch\\\/it\\\/#website\",\"url\":\"http:\\\/\\\/www.blackpig.ch\\\/it\\\/\",\"name\":\"Brasserie BlackPig\",\"description\":\"Jura Craft Beers\",\"publisher\":{\"@id\":\"http:\\\/\\\/www.blackpig.ch\\\/it\\\/#organization\"},\"alternateName\":\"BlackPig - Brasserie artisanale\",\"potentialAction\":[{\"@type\":\"SearchAction\",\"target\":{\"@type\":\"EntryPoint\",\"urlTemplate\":\"http:\\\/\\\/www.blackpig.ch\\\/it\\\/?s={search_term_string}\"},\"query-input\":{\"@type\":\"PropertyValueSpecification\",\"valueRequired\":true,\"valueName\":\"search_term_string\"}}],\"inLanguage\":\"de-CH\"},{\"@type\":\"Organization\",\"@id\":\"http:\\\/\\\/www.blackpig.ch\\\/it\\\/#organization\",\"name\":\"Brasserie BlackPig\",\"alternateName\":\"BlackPig - Brasserie artisanale\",\"url\":\"http:\\\/\\\/www.blackpig.ch\\\/it\\\/\",\"logo\":{\"@type\":\"ImageObject\",\"inLanguage\":\"de-CH\",\"@id\":\"http:\\\/\\\/www.blackpig.ch\\\/it\\\/#\\\/schema\\\/logo\\\/image\\\/\",\"url\":\"https:\\\/\\\/i0.wp.com\\\/www.blackpig.ch\\\/wp-content\\\/uploads\\\/2021\\\/06\\\/logo_blackpig.png?fit=300%2C200&ssl=1\",\"contentUrl\":\"https:\\\/\\\/i0.wp.com\\\/www.blackpig.ch\\\/wp-content\\\/uploads\\\/2021\\\/06\\\/logo_blackpig.png?fit=300%2C200&ssl=1\",\"width\":300,\"height\":200,\"caption\":\"Brasserie BlackPig\"},\"image\":{\"@id\":\"http:\\\/\\\/www.blackpig.ch\\\/it\\\/#\\\/schema\\\/logo\\\/image\\\/\"},\"sameAs\":[\"https:\\\/\\\/www.facebook.com\\\/BlackPig.Brew.Co\\\/\",\"https:\\\/\\\/www.instagram.com\\\/blackpig.brew.co\\\/\"]}]}<\/script>\n<!-- \/ Yoast SEO plugin. -->","yoast_head_json":{"title":"CIDRE-ANANAS | Fruity Cider (33cl) - Brasserie BlackPig","description":"Savourez le soleil dans un verre avec notre cidre ananas ! Un cidre fruit\u00e9 et rafra\u00eechissant, parfait pour les journ\u00e9es d'\u00e9t\u00e9 en famille ou entre amis.","robots":{"index":"index","follow":"follow","max-snippet":"max-snippet:-1","max-image-preview":"max-image-preview:large","max-video-preview":"max-video-preview:-1"},"canonical":"https:\/\/www.blackpig.ch\/de\/shop\/blackpig_brew_comp\/cidre-ananas-fruity-cider-33cl\/","og_locale":"de_DE","og_type":"article","og_title":"CIDRE-ANANAS | Fruity Cider (33cl) - Brasserie BlackPig","og_description":"Savourez le soleil dans un verre avec notre cidre ananas ! Un cidre fruit\u00e9 et rafra\u00eechissant, parfait pour les journ\u00e9es d'\u00e9t\u00e9 en famille ou entre amis.","og_url":"https:\/\/www.blackpig.ch\/de\/shop\/blackpig_brew_comp\/cidre-ananas-fruity-cider-33cl\/","og_site_name":"Brasserie BlackPig","article_publisher":"https:\/\/www.facebook.com\/BlackPig.Brew.Co\/","article_modified_time":"2025-06-09T10:59:17+00:00","og_image":[{"width":1410,"height":2000,"url":"https:\/\/www.blackpig.ch\/wp-content\/uploads\/2024\/05\/CIDRE.jpg","type":"image\/jpeg"}],"twitter_card":"summary_large_image","twitter_misc":{"Gesch\u00e4tzte Lesezeit":"1\u00a0Minute"},"schema":{"@context":"https:\/\/schema.org","@graph":[{"@type":"WebPage","@id":"https:\/\/www.blackpig.ch\/shop\/blackpig_brew_comp\/cidre-ananas-fruity-cider-33cl\/","url":"https:\/\/www.blackpig.ch\/shop\/blackpig_brew_comp\/cidre-ananas-fruity-cider-33cl\/","name":"CIDRE-ANANAS | Fruity Cider (33cl) - Brasserie BlackPig","isPartOf":{"@id":"http:\/\/www.blackpig.ch\/it\/#website"},"primaryImageOfPage":{"@id":"https:\/\/www.blackpig.ch\/shop\/blackpig_brew_comp\/cidre-ananas-fruity-cider-33cl\/#primaryimage"},"image":{"@id":"https:\/\/www.blackpig.ch\/shop\/blackpig_brew_comp\/cidre-ananas-fruity-cider-33cl\/#primaryimage"},"thumbnailUrl":"https:\/\/www.blackpig.ch\/wp-content\/uploads\/2024\/05\/CIDRE.jpg","datePublished":"2024-05-03T06:05:44+00:00","dateModified":"2025-06-09T10:59:17+00:00","description":"Savourez le soleil dans un verre avec notre cidre ananas ! Un cidre fruit\u00e9 et rafra\u00eechissant, parfait pour les journ\u00e9es d'\u00e9t\u00e9 en famille ou entre amis.","breadcrumb":{"@id":"https:\/\/www.blackpig.ch\/shop\/blackpig_brew_comp\/cidre-ananas-fruity-cider-33cl\/#breadcrumb"},"inLanguage":"de-CH","potentialAction":[{"@type":"ReadAction","target":["https:\/\/www.blackpig.ch\/shop\/blackpig_brew_comp\/cidre-ananas-fruity-cider-33cl\/"]}]},{"@type":"ImageObject","inLanguage":"de-CH","@id":"https:\/\/www.blackpig.ch\/shop\/blackpig_brew_comp\/cidre-ananas-fruity-cider-33cl\/#primaryimage","url":"https:\/\/www.blackpig.ch\/wp-content\/uploads\/2024\/05\/CIDRE.jpg","contentUrl":"https:\/\/www.blackpig.ch\/wp-content\/uploads\/2024\/05\/CIDRE.jpg","width":1410,"height":2000},{"@type":"BreadcrumbList","@id":"https:\/\/www.blackpig.ch\/shop\/blackpig_brew_comp\/cidre-ananas-fruity-cider-33cl\/#breadcrumb","itemListElement":[{"@type":"ListItem","position":1,"name":"Accueil","item":"https:\/\/www.blackpig.ch\/"},{"@type":"ListItem","position":2,"name":"Shop &#8211; produits artisanaux du Jura","item":"https:\/\/www.blackpig.ch\/shop\/"},{"@type":"ListItem","position":3,"name":"CIDRE-ANANAS | Fruity Cider (33cl)"}]},{"@type":"WebSite","@id":"http:\/\/www.blackpig.ch\/it\/#website","url":"http:\/\/www.blackpig.ch\/it\/","name":"Brauerei BlackPig","description":"Jura Craft Beers","publisher":{"@id":"http:\/\/www.blackpig.ch\/it\/#organization"},"alternateName":"BlackPig - Brasserie artisanale","potentialAction":[{"@type":"SearchAction","target":{"@type":"EntryPoint","urlTemplate":"http:\/\/www.blackpig.ch\/it\/?s={search_term_string}"},"query-input":{"@type":"PropertyValueSpecification","valueRequired":true,"valueName":"search_term_string"}}],"inLanguage":"de-CH"},{"@type":"Organization","@id":"http:\/\/www.blackpig.ch\/it\/#organization","name":"Brauerei BlackPig","alternateName":"BlackPig - Brasserie artisanale","url":"http:\/\/www.blackpig.ch\/it\/","logo":{"@type":"ImageObject","inLanguage":"de-CH","@id":"http:\/\/www.blackpig.ch\/it\/#\/schema\/logo\/image\/","url":"https:\/\/i0.wp.com\/www.blackpig.ch\/wp-content\/uploads\/2021\/06\/logo_blackpig.png?fit=300%2C200&ssl=1","contentUrl":"https:\/\/i0.wp.com\/www.blackpig.ch\/wp-content\/uploads\/2021\/06\/logo_blackpig.png?fit=300%2C200&ssl=1","width":300,"height":200,"caption":"Brasserie BlackPig"},"image":{"@id":"http:\/\/www.blackpig.ch\/it\/#\/schema\/logo\/image\/"},"sameAs":["https:\/\/www.facebook.com\/BlackPig.Brew.Co\/","https:\/\/www.instagram.com\/blackpig.brew.co\/"]}]}},"_links":{"self":[{"href":"http:\/\/www.blackpig.ch\/de\/wp-json\/wp\/v2\/product\/38536","targetHints":{"allow":["GET"]}}],"collection":[{"href":"http:\/\/www.blackpig.ch\/de\/wp-json\/wp\/v2\/product"}],"about":[{"href":"http:\/\/www.blackpig.ch\/de\/wp-json\/wp\/v2\/types\/product"}],"wp:featuredmedia":[{"embeddable":true,"href":"http:\/\/www.blackpig.ch\/de\/wp-json\/wp\/v2\/media\/38537"}],"wp:attachment":[{"href":"http:\/\/www.blackpig.ch\/de\/wp-json\/wp\/v2\/media?parent=38536"}],"wp:term":[{"taxonomy":"product_brand","embeddable":true,"href":"http:\/\/www.blackpig.ch\/de\/wp-json\/wp\/v2\/product_brand?post=38536"},{"taxonomy":"product_cat","embeddable":true,"href":"http:\/\/www.blackpig.ch\/de\/wp-json\/wp\/v2\/product_cat?post=38536"},{"taxonomy":"product_tag","embeddable":true,"href":"http:\/\/www.blackpig.ch\/de\/wp-json\/wp\/v2\/product_tag?post=38536"}],"curies":[{"name":"wp","href":"https:\/\/api.w.org\/{rel}","templated":true}]}}