{"id":29516,"date":"2022-02-02T09:13:51","date_gmt":"2022-02-02T08:13:51","guid":{"rendered":"https:\/\/ww2.blackpig.ch\/fr\/produit\/opiggy-la-schwartz-33cl\/"},"modified":"2026-02-09T09:54:59","modified_gmt":"2026-02-09T08:54:59","slug":"opiggy-la-schwartz-33cl","status":"publish","type":"product","link":"http:\/\/www.blackpig.ch\/de\/shop\/blackpig_brew_comp\/opiggy-la-schwartz-33cl\/","title":{"rendered":"O'PIGGY | Die Schwartz (33cl)"},"content":{"rendered":"<p>Was f\u00fcr eine Farbe! Was f\u00fcr ein Schaum! Haben Sie Angst vor dunklen Bieren? Dann schie\u00dfen Sie los! In der Nase Schokolade, leichter Espresso und ein Hauch von Vanille. Ehrlich gesagt, was k\u00f6nnte man sich mehr w\u00fcnschen? Es ist leicht, mit einer recht schwachen Bitterkeit, Geschm\u00e4cker, die im Mund explodieren. Man hat das Gef\u00fchl, ein Dessert zu trinken. Entgegen der Legende ist das Trinken eines Stout nicht nur f\u00fcr den Winter reserviert. Es ist sehr erfrischend, wenn es k\u00fchl serviert wird. Unabh\u00e4ngig von der Serviertemperatur l\u00e4sst sich dieses Bier in der Sonne, im Schnee, im Sommer oder im Winter genie\u00dfen. Ohne Komplexe im Vergleich zu einigen Stars des Stils wird dieses O'Piggy auf Ihrem Mund einen Hauch von Gl\u00fcck hinterlassen!<\/p>\n<p>Beschreibung von Alain Kaehr, Biersommelier \u2764.<\/p>","protected":false},"excerpt":{"rendered":"<p>Was f\u00fcr eine Farbe! Was f\u00fcr ein Schaum! Haben Sie Angst vor dunklen Bieren? Dann schie\u00dfen Sie los! In der Nase Schokolade, leichter Espresso und ein Hauch von Vanille. Ehrlich gesagt, was k\u00f6nnte man sich mehr w\u00fcnschen? Es ist leicht, mit einer recht schwachen Bitterkeit, Geschm\u00e4cker, die im Mund explodieren. Man hat das Gef\u00fchl, ein Dessert zu trinken. Entgegen der Legende ist das Trinken eines Stout nicht nur f\u00fcr den Winter reserviert. Es ist sehr erfrischend, wenn es k\u00fchl serviert wird. Unabh\u00e4ngig von der Serviertemperatur l\u00e4sst sich dieses Bier in der Sonne, im Schnee, im Sommer oder im Winter genie\u00dfen. Ohne Komplexe im Vergleich zu einigen Stars des Stils wird dieses O'Piggy auf Ihrem Mund einen Hauch von Gl\u00fcck hinterlassen!<\/p>\n<p>Beschreibung von Alain Kaehr, Biersommelier \u2764.<\/p>\n<p><strong>\ud83d\udca1\u00a0Commandez un carton de 24 bouteilles et recevez un rabais de 5%<em data-start=\"1844\" data-end=\"1958\"><br \/>\n<\/em><\/strong>Chf 3.9 : prix bouteille \u00e0 l&rsquo;unit\u00e9<br \/>\nChf 3.705 : prix bouteille en box de 24<\/p>","protected":false},"featured_media":38531,"template":"","meta":[],"product_brand":[],"product_cat":[337],"product_tag":[],"class_list":{"0":"post-29516","1":"product","2":"type-product","3":"status-publish","4":"has-post-thumbnail","6":"product_cat-blackpig_brew_comp","8":"first","9":"instock","10":"taxable","11":"shipping-taxable","12":"purchasable","13":"product-type-variable","14":"has-default-attributes"},"yoast_head":"<!-- This site is optimized with the Yoast SEO plugin v27.5 - https:\/\/yoast.com\/product\/yoast-seo-wordpress\/ -->\n<title>O&#039;PIGGY | La Schwartz (33cl) - Brasserie BlackPig<\/title>\n<meta name=\"description\" content=\"D\u00e9couvrez notre Stout aux ar\u00f4mes de chocolat, d&#039;espresso et de vanille. Sa texture onctueuse et son amertume l\u00e9g\u00e8re en font une bi\u00e8re douce \u00e0 d\u00e9guster.\" \/>\n<meta name=\"robots\" content=\"index, follow, max-snippet:-1, max-image-preview:large, max-video-preview:-1\" \/>\n<link rel=\"canonical\" href=\"https:\/\/www.blackpig.ch\/de\/shop\/blackpig_brew_comp\/opiggy-la-schwartz-33cl\/\" \/>\n<meta property=\"og:locale\" content=\"de_DE\" \/>\n<meta property=\"og:type\" content=\"article\" \/>\n<meta property=\"og:title\" content=\"O&#039;PIGGY | La Schwartz (33cl) - Brasserie BlackPig\" \/>\n<meta property=\"og:description\" content=\"D\u00e9couvrez notre Stout aux ar\u00f4mes de chocolat, d&#039;espresso et de vanille. Sa texture onctueuse et son amertume l\u00e9g\u00e8re en font une bi\u00e8re douce \u00e0 d\u00e9guster.\" \/>\n<meta property=\"og:url\" content=\"https:\/\/www.blackpig.ch\/de\/shop\/blackpig_brew_comp\/opiggy-la-schwartz-33cl\/\" \/>\n<meta property=\"og:site_name\" content=\"Brasserie BlackPig\" \/>\n<meta property=\"article:publisher\" content=\"https:\/\/www.facebook.com\/BlackPig.Brew.Co\/\" \/>\n<meta property=\"article:modified_time\" content=\"2026-02-09T08:54:59+00:00\" \/>\n<meta property=\"og:image\" content=\"https:\/\/www.blackpig.ch\/wp-content\/uploads\/2022\/02\/ACID-TRIP.jpg\" \/>\n\t<meta property=\"og:image:width\" content=\"1410\" \/>\n\t<meta property=\"og:image:height\" content=\"2000\" \/>\n\t<meta property=\"og:image:type\" content=\"image\/jpeg\" \/>\n<meta name=\"twitter:card\" content=\"summary_large_image\" \/>\n<meta name=\"twitter:label1\" content=\"Gesch\u00e4tzte Lesezeit\" \/>\n\t<meta name=\"twitter:data1\" content=\"1\u00a0Minute\" \/>\n<script type=\"application\/ld+json\" class=\"yoast-schema-graph\">{\"@context\":\"https:\\\/\\\/schema.org\",\"@graph\":[{\"@type\":\"WebPage\",\"@id\":\"https:\\\/\\\/www.blackpig.ch\\\/shop\\\/blackpig_brew_comp\\\/opiggy-la-schwartz-33cl\\\/\",\"url\":\"https:\\\/\\\/www.blackpig.ch\\\/shop\\\/blackpig_brew_comp\\\/opiggy-la-schwartz-33cl\\\/\",\"name\":\"O'PIGGY | La Schwartz (33cl) - Brasserie BlackPig\",\"isPartOf\":{\"@id\":\"http:\\\/\\\/www.blackpig.ch\\\/it\\\/#website\"},\"primaryImageOfPage\":{\"@id\":\"https:\\\/\\\/www.blackpig.ch\\\/shop\\\/blackpig_brew_comp\\\/opiggy-la-schwartz-33cl\\\/#primaryimage\"},\"image\":{\"@id\":\"https:\\\/\\\/www.blackpig.ch\\\/shop\\\/blackpig_brew_comp\\\/opiggy-la-schwartz-33cl\\\/#primaryimage\"},\"thumbnailUrl\":\"https:\\\/\\\/www.blackpig.ch\\\/wp-content\\\/uploads\\\/2022\\\/02\\\/ACID-TRIP.jpg\",\"datePublished\":\"2022-02-02T08:13:51+00:00\",\"dateModified\":\"2026-02-09T08:54:59+00:00\",\"description\":\"D\u00e9couvrez notre Stout aux ar\u00f4mes de chocolat, d'espresso et de vanille. Sa texture onctueuse et son amertume l\u00e9g\u00e8re en font une bi\u00e8re douce \u00e0 d\u00e9guster.\",\"breadcrumb\":{\"@id\":\"https:\\\/\\\/www.blackpig.ch\\\/shop\\\/blackpig_brew_comp\\\/opiggy-la-schwartz-33cl\\\/#breadcrumb\"},\"inLanguage\":\"de-CH\",\"potentialAction\":[{\"@type\":\"ReadAction\",\"target\":[\"https:\\\/\\\/www.blackpig.ch\\\/shop\\\/blackpig_brew_comp\\\/opiggy-la-schwartz-33cl\\\/\"]}]},{\"@type\":\"ImageObject\",\"inLanguage\":\"de-CH\",\"@id\":\"https:\\\/\\\/www.blackpig.ch\\\/shop\\\/blackpig_brew_comp\\\/opiggy-la-schwartz-33cl\\\/#primaryimage\",\"url\":\"https:\\\/\\\/www.blackpig.ch\\\/wp-content\\\/uploads\\\/2022\\\/02\\\/ACID-TRIP.jpg\",\"contentUrl\":\"https:\\\/\\\/www.blackpig.ch\\\/wp-content\\\/uploads\\\/2022\\\/02\\\/ACID-TRIP.jpg\",\"width\":1410,\"height\":2000},{\"@type\":\"BreadcrumbList\",\"@id\":\"https:\\\/\\\/www.blackpig.ch\\\/shop\\\/blackpig_brew_comp\\\/opiggy-la-schwartz-33cl\\\/#breadcrumb\",\"itemListElement\":[{\"@type\":\"ListItem\",\"position\":1,\"name\":\"Accueil\",\"item\":\"https:\\\/\\\/www.blackpig.ch\\\/\"},{\"@type\":\"ListItem\",\"position\":2,\"name\":\"Shop &#8211; produits artisanaux du Jura\",\"item\":\"https:\\\/\\\/www.blackpig.ch\\\/shop\\\/\"},{\"@type\":\"ListItem\",\"position\":3,\"name\":\"O&rsquo;PIGGY | La Schwartz (33cl)\"}]},{\"@type\":\"WebSite\",\"@id\":\"http:\\\/\\\/www.blackpig.ch\\\/it\\\/#website\",\"url\":\"http:\\\/\\\/www.blackpig.ch\\\/it\\\/\",\"name\":\"Brasserie BlackPig\",\"description\":\"Jura Craft Beers\",\"publisher\":{\"@id\":\"http:\\\/\\\/www.blackpig.ch\\\/it\\\/#organization\"},\"alternateName\":\"BlackPig - Brasserie artisanale\",\"potentialAction\":[{\"@type\":\"SearchAction\",\"target\":{\"@type\":\"EntryPoint\",\"urlTemplate\":\"http:\\\/\\\/www.blackpig.ch\\\/it\\\/?s={search_term_string}\"},\"query-input\":{\"@type\":\"PropertyValueSpecification\",\"valueRequired\":true,\"valueName\":\"search_term_string\"}}],\"inLanguage\":\"de-CH\"},{\"@type\":\"Organization\",\"@id\":\"http:\\\/\\\/www.blackpig.ch\\\/it\\\/#organization\",\"name\":\"Brasserie BlackPig\",\"alternateName\":\"BlackPig - Brasserie artisanale\",\"url\":\"http:\\\/\\\/www.blackpig.ch\\\/it\\\/\",\"logo\":{\"@type\":\"ImageObject\",\"inLanguage\":\"de-CH\",\"@id\":\"http:\\\/\\\/www.blackpig.ch\\\/it\\\/#\\\/schema\\\/logo\\\/image\\\/\",\"url\":\"https:\\\/\\\/i0.wp.com\\\/www.blackpig.ch\\\/wp-content\\\/uploads\\\/2021\\\/06\\\/logo_blackpig.png?fit=300%2C200&ssl=1\",\"contentUrl\":\"https:\\\/\\\/i0.wp.com\\\/www.blackpig.ch\\\/wp-content\\\/uploads\\\/2021\\\/06\\\/logo_blackpig.png?fit=300%2C200&ssl=1\",\"width\":300,\"height\":200,\"caption\":\"Brasserie BlackPig\"},\"image\":{\"@id\":\"http:\\\/\\\/www.blackpig.ch\\\/it\\\/#\\\/schema\\\/logo\\\/image\\\/\"},\"sameAs\":[\"https:\\\/\\\/www.facebook.com\\\/BlackPig.Brew.Co\\\/\",\"https:\\\/\\\/www.instagram.com\\\/blackpig.brew.co\\\/\"]}]}<\/script>\n<!-- \/ Yoast SEO plugin. -->","yoast_head_json":{"title":"O'PIGGY | La Schwartz (33cl) - Brasserie BlackPig","description":"D\u00e9couvrez notre Stout aux ar\u00f4mes de chocolat, d'espresso et de vanille. Sa texture onctueuse et son amertume l\u00e9g\u00e8re en font une bi\u00e8re douce \u00e0 d\u00e9guster.","robots":{"index":"index","follow":"follow","max-snippet":"max-snippet:-1","max-image-preview":"max-image-preview:large","max-video-preview":"max-video-preview:-1"},"canonical":"https:\/\/www.blackpig.ch\/de\/shop\/blackpig_brew_comp\/opiggy-la-schwartz-33cl\/","og_locale":"de_DE","og_type":"article","og_title":"O'PIGGY | La Schwartz (33cl) - Brasserie BlackPig","og_description":"D\u00e9couvrez notre Stout aux ar\u00f4mes de chocolat, d'espresso et de vanille. Sa texture onctueuse et son amertume l\u00e9g\u00e8re en font une bi\u00e8re douce \u00e0 d\u00e9guster.","og_url":"https:\/\/www.blackpig.ch\/de\/shop\/blackpig_brew_comp\/opiggy-la-schwartz-33cl\/","og_site_name":"Brasserie BlackPig","article_publisher":"https:\/\/www.facebook.com\/BlackPig.Brew.Co\/","article_modified_time":"2026-02-09T08:54:59+00:00","og_image":[{"width":1410,"height":2000,"url":"https:\/\/www.blackpig.ch\/wp-content\/uploads\/2022\/02\/ACID-TRIP.jpg","type":"image\/jpeg"}],"twitter_card":"summary_large_image","twitter_misc":{"Gesch\u00e4tzte Lesezeit":"1\u00a0Minute"},"schema":{"@context":"https:\/\/schema.org","@graph":[{"@type":"WebPage","@id":"https:\/\/www.blackpig.ch\/shop\/blackpig_brew_comp\/opiggy-la-schwartz-33cl\/","url":"https:\/\/www.blackpig.ch\/shop\/blackpig_brew_comp\/opiggy-la-schwartz-33cl\/","name":"O'PIGGY | La Schwartz (33cl) - Brasserie BlackPig","isPartOf":{"@id":"http:\/\/www.blackpig.ch\/it\/#website"},"primaryImageOfPage":{"@id":"https:\/\/www.blackpig.ch\/shop\/blackpig_brew_comp\/opiggy-la-schwartz-33cl\/#primaryimage"},"image":{"@id":"https:\/\/www.blackpig.ch\/shop\/blackpig_brew_comp\/opiggy-la-schwartz-33cl\/#primaryimage"},"thumbnailUrl":"https:\/\/www.blackpig.ch\/wp-content\/uploads\/2022\/02\/ACID-TRIP.jpg","datePublished":"2022-02-02T08:13:51+00:00","dateModified":"2026-02-09T08:54:59+00:00","description":"D\u00e9couvrez notre Stout aux ar\u00f4mes de chocolat, d'espresso et de vanille. Sa texture onctueuse et son amertume l\u00e9g\u00e8re en font une bi\u00e8re douce \u00e0 d\u00e9guster.","breadcrumb":{"@id":"https:\/\/www.blackpig.ch\/shop\/blackpig_brew_comp\/opiggy-la-schwartz-33cl\/#breadcrumb"},"inLanguage":"de-CH","potentialAction":[{"@type":"ReadAction","target":["https:\/\/www.blackpig.ch\/shop\/blackpig_brew_comp\/opiggy-la-schwartz-33cl\/"]}]},{"@type":"ImageObject","inLanguage":"de-CH","@id":"https:\/\/www.blackpig.ch\/shop\/blackpig_brew_comp\/opiggy-la-schwartz-33cl\/#primaryimage","url":"https:\/\/www.blackpig.ch\/wp-content\/uploads\/2022\/02\/ACID-TRIP.jpg","contentUrl":"https:\/\/www.blackpig.ch\/wp-content\/uploads\/2022\/02\/ACID-TRIP.jpg","width":1410,"height":2000},{"@type":"BreadcrumbList","@id":"https:\/\/www.blackpig.ch\/shop\/blackpig_brew_comp\/opiggy-la-schwartz-33cl\/#breadcrumb","itemListElement":[{"@type":"ListItem","position":1,"name":"Accueil","item":"https:\/\/www.blackpig.ch\/"},{"@type":"ListItem","position":2,"name":"Shop &#8211; produits artisanaux du Jura","item":"https:\/\/www.blackpig.ch\/shop\/"},{"@type":"ListItem","position":3,"name":"O&rsquo;PIGGY | La Schwartz (33cl)"}]},{"@type":"WebSite","@id":"http:\/\/www.blackpig.ch\/it\/#website","url":"http:\/\/www.blackpig.ch\/it\/","name":"Brauerei BlackPig","description":"Jura Craft Beers","publisher":{"@id":"http:\/\/www.blackpig.ch\/it\/#organization"},"alternateName":"BlackPig - Brasserie artisanale","potentialAction":[{"@type":"SearchAction","target":{"@type":"EntryPoint","urlTemplate":"http:\/\/www.blackpig.ch\/it\/?s={search_term_string}"},"query-input":{"@type":"PropertyValueSpecification","valueRequired":true,"valueName":"search_term_string"}}],"inLanguage":"de-CH"},{"@type":"Organization","@id":"http:\/\/www.blackpig.ch\/it\/#organization","name":"Brauerei BlackPig","alternateName":"BlackPig - Brasserie artisanale","url":"http:\/\/www.blackpig.ch\/it\/","logo":{"@type":"ImageObject","inLanguage":"de-CH","@id":"http:\/\/www.blackpig.ch\/it\/#\/schema\/logo\/image\/","url":"https:\/\/i0.wp.com\/www.blackpig.ch\/wp-content\/uploads\/2021\/06\/logo_blackpig.png?fit=300%2C200&ssl=1","contentUrl":"https:\/\/i0.wp.com\/www.blackpig.ch\/wp-content\/uploads\/2021\/06\/logo_blackpig.png?fit=300%2C200&ssl=1","width":300,"height":200,"caption":"Brasserie BlackPig"},"image":{"@id":"http:\/\/www.blackpig.ch\/it\/#\/schema\/logo\/image\/"},"sameAs":["https:\/\/www.facebook.com\/BlackPig.Brew.Co\/","https:\/\/www.instagram.com\/blackpig.brew.co\/"]}]}},"_links":{"self":[{"href":"http:\/\/www.blackpig.ch\/de\/wp-json\/wp\/v2\/product\/29516","targetHints":{"allow":["GET"]}}],"collection":[{"href":"http:\/\/www.blackpig.ch\/de\/wp-json\/wp\/v2\/product"}],"about":[{"href":"http:\/\/www.blackpig.ch\/de\/wp-json\/wp\/v2\/types\/product"}],"wp:featuredmedia":[{"embeddable":true,"href":"http:\/\/www.blackpig.ch\/de\/wp-json\/wp\/v2\/media\/38531"}],"wp:attachment":[{"href":"http:\/\/www.blackpig.ch\/de\/wp-json\/wp\/v2\/media?parent=29516"}],"wp:term":[{"taxonomy":"product_brand","embeddable":true,"href":"http:\/\/www.blackpig.ch\/de\/wp-json\/wp\/v2\/product_brand?post=29516"},{"taxonomy":"product_cat","embeddable":true,"href":"http:\/\/www.blackpig.ch\/de\/wp-json\/wp\/v2\/product_cat?post=29516"},{"taxonomy":"product_tag","embeddable":true,"href":"http:\/\/www.blackpig.ch\/de\/wp-json\/wp\/v2\/product_tag?post=29516"}],"curies":[{"name":"wp","href":"https:\/\/api.w.org\/{rel}","templated":true}]}}